{"id":94,"date":"2015-07-09T09:06:24","date_gmt":"2015-07-09T08:06:24","guid":{"rendered":"http:\/\/slivnica.splet.arnes.si\/?page_id=94"},"modified":"2025-09-01T14:40:01","modified_gmt":"2025-09-01T12:40:01","slug":"nacionalno-preverjanje-znanja","status":"publish","type":"page","link":"https:\/\/slivnica.si\/?page_id=94","title":{"rendered":"Nacionalno preverjanje znanja"},"content":{"rendered":"<p class=\"entry-title main_title\"><strong>Kaj je NPZ?<\/strong><\/p>\n<div class=\"entry-content\">\n<p>Nacionalno preverjanje znanja (NPZ) je zunanje pisno preverjanje znanja u\u010dencev v 3., 6. in 9. razredu osnovne \u0161ole in je obvezno za vse u\u010dence. Temeljni cilj NPZ je pridobiti dodatno informacijo o znanju u\u010dencev. Postopek izvedbe NPZ zagotavlja vsem u\u010dencem enake mo\u017enosti pri izkazovanju znanja, saj se preverjanje izvaja ob istem \u010dasu in pod enakimi pogoji za vse u\u010dence v dr\u017eavi. NPZ se opravlja v mesecu marcu v teko\u010dem \u0161olskem letu.<\/p>\n<p>Dose\u017eek u\u010denca pri NPZ ne vpliva na zaklju\u010dno oceno, ki jo ima u\u010denec pri pouku dolo\u010denega predmeta, niti na uspe\u0161en zaklju\u010dek osnovne \u0161ole, lahko pa vpliva na vpis v srednje \u0161ole, toda le v primeru omejitve vpisa na izbrani \u0161oli.<\/p>\n<p>Ve\u010d o NPZ lahko preberete v publikaciji&nbsp;Nacionalno preverjanje znanje. Informacije za u\u010dence in star\u0161e, ki jo najdete na spletni strani&nbsp; RIC-a oz. na povezavi&nbsp;<a href=\"http:\/\/www.ric.si\/preverjanje_znanja\/splosne_informacije\/\">tukaj.<\/a><\/p>\n<p><strong>Izvedba NPZ<\/strong><\/p>\n<p><em>V 3. razredu se NPZ izvaja iz:<br \/>\n<\/em>&#8211; sloven\u0161\u010dine &#8211; 23. marec 2026 in<br \/>\n&#8211; matematike &#8211; 31. marec 2026.<\/p>\n<p><em>V 6. razredu&nbsp;se NPZ izvaja iz:<br \/>\n<\/em>&#8211; sloven\u0161\u010dine &#8211; 23. marec 2026,<br \/>\n&#8211; tujega jezika (angle\u0161\u010dine) &#8211; 25. marec 2026 in<br \/>\n&#8211; matematike &#8211; 31. marec 2026.<\/p>\n<p><em>V&nbsp;9. razredu&nbsp;se NPZ izvaja iz:<br \/>\n<\/em>&#8211; sloven\u0161\u010dine &#8211; 23. marec 2026,<br \/>\n&#8211; tretjega predmeta (letos kemija) &#8211; 25. marec 2026 in<br \/>\n&#8211; matematike &#8211; 31. marec 2026.<\/p>\n<p><strong>Rezultati NPZ&nbsp;<\/strong><\/p>\n<p><em>3. razred<br \/>\n<\/em>&#8211; 7. maj 2026: Seznanitev u\u010dencev 3. razreda z dose\u017eki pri NPZ.<\/p>\n<p><em>6. razred<br \/>\n<\/em>&#8211; 4. maj 2026: Seznanitev u\u010dencev 6. razreda z dose\u017eki pri NPZ.<\/p>\n<p><em>9. razred<br \/>\n<\/em>&#8211; 21. april 2026: Seznanitev u\u010dencev 9. razreda z dose\u017eki pri NPZ.<\/p>\n<\/div>\n","protected":false},"excerpt":{"rendered":"<p>Kaj je NPZ? Nacionalno preverjanje znanja (NPZ) je zunanje pisno preverjanje znanja u\u010dencev v 3., 6. in 9. razredu osnovne \u0161ole in je obvezno za vse u\u010dence. Temeljni cilj NPZ je pridobiti dodatno informacijo o znanju u\u010dencev. Postopek izvedbe NPZ zagotavlja vsem u\u010dencem enake mo\u017enosti pri izkazovanju znanja, saj se preverjanje izvaja ob istem \u010dasu [&hellip;]<\/p>\n","protected":false},"author":5704,"featured_media":0,"parent":0,"menu_order":0,"comment_status":"open","ping_status":"open","template":"","meta":{"_et_pb_use_builder":"","_et_pb_old_content":"","_et_gb_content_width":"","ngg_post_thumbnail":0,"footnotes":"","_expiration-date-status":"saved","_expiration-date":0,"_expiration-date-type":"","_expiration-date-categories":[],"_expiration-date-options":[]},"class_list":["post-94","page","type-page","status-publish","hentry"],"_links":{"self":[{"href":"https:\/\/slivnica.si\/index.php?rest_route=\/wp\/v2\/pages\/94","targetHints":{"allow":["GET"]}}],"collection":[{"href":"https:\/\/slivnica.si\/index.php?rest_route=\/wp\/v2\/pages"}],"about":[{"href":"https:\/\/slivnica.si\/index.php?rest_route=\/wp\/v2\/types\/page"}],"author":[{"embeddable":true,"href":"https:\/\/slivnica.si\/index.php?rest_route=\/wp\/v2\/users\/5704"}],"replies":[{"embeddable":true,"href":"https:\/\/slivnica.si\/index.php?rest_route=%2Fwp%2Fv2%2Fcomments&post=94"}],"version-history":[{"count":16,"href":"https:\/\/slivnica.si\/index.php?rest_route=\/wp\/v2\/pages\/94\/revisions"}],"predecessor-version":[{"id":30660,"href":"https:\/\/slivnica.si\/index.php?rest_route=\/wp\/v2\/pages\/94\/revisions\/30660"}],"wp:attachment":[{"href":"https:\/\/slivnica.si\/index.php?rest_route=%2Fwp%2Fv2%2Fmedia&parent=94"}],"curies":[{"name":"wp","href":"https:\/\/api.w.org\/{rel}","templated":true}]}}