{"id":89,"date":"2015-07-09T09:04:42","date_gmt":"2015-07-09T08:04:42","guid":{"rendered":"http:\/\/slivnica.splet.arnes.si\/?page_id=89"},"modified":"2024-09-04T14:13:57","modified_gmt":"2024-09-04T12:13:57","slug":"vozni-red","status":"publish","type":"page","link":"https:\/\/slivnica.si\/?page_id=89","title":{"rendered":"Vozni red"},"content":{"rendered":"<p>Ob\u010dina \u0160entjur zagotavlja prevoz u\u010dencev v \u0161olo in domov.&nbsp; Spodaj je vozni red za \u0161olsko leto <strong>2024\/2025<\/strong>.<\/p>\n<p><a href=\"https:\/\/slivnica.si\/files\/2024\/09\/Vozni_red_24_25_4_september_2024.pdf\" target=\"_blank\" rel=\"noopener\">VOZNI RED<\/a><\/p>\n<p><a href=\"https:\/\/slivnica.si\/files\/2024\/09\/Vozni_red_2024_2025_september.png\"><img loading=\"lazy\" decoding=\"async\" class=\"aligncenter wp-image-27160 size-full\" src=\"https:\/\/slivnica.si\/files\/2024\/09\/Vozni_red_2024_2025_september.png\" alt=\"\" width=\"502\" height=\"541\" srcset=\"https:\/\/slivnica.si\/files\/2024\/09\/Vozni_red_2024_2025_september.png 502w, https:\/\/slivnica.si\/files\/2024\/09\/Vozni_red_2024_2025_september-278x300.png 278w\" sizes=\"(max-width: 502px) 100vw, 502px\" \/><\/a><\/p>\n<p>&nbsp;<\/p>\n<p>&nbsp;<\/p>\n<p>&nbsp;<\/p>\n","protected":false},"excerpt":{"rendered":"<p>Ob\u010dina \u0160entjur zagotavlja prevoz u\u010dencev v \u0161olo in domov.&nbsp; Spodaj je vozni red za \u0161olsko leto 2024\/2025. VOZNI RED &nbsp; &nbsp; &nbsp;<\/p>\n","protected":false},"author":5704,"featured_media":0,"parent":0,"menu_order":0,"comment_status":"open","ping_status":"open","template":"","meta":{"_et_pb_use_builder":"","_et_pb_old_content":"","_et_gb_content_width":"","ngg_post_thumbnail":0,"footnotes":"","_expiration-date-status":"","_expiration-date":0,"_expiration-date-type":"","_expiration-date-categories":[],"_expiration-date-options":[]},"class_list":["post-89","page","type-page","status-publish","hentry"],"_links":{"self":[{"href":"https:\/\/slivnica.si\/index.php?rest_route=\/wp\/v2\/pages\/89","targetHints":{"allow":["GET"]}}],"collection":[{"href":"https:\/\/slivnica.si\/index.php?rest_route=\/wp\/v2\/pages"}],"about":[{"href":"https:\/\/slivnica.si\/index.php?rest_route=\/wp\/v2\/types\/page"}],"author":[{"embeddable":true,"href":"https:\/\/slivnica.si\/index.php?rest_route=\/wp\/v2\/users\/5704"}],"replies":[{"embeddable":true,"href":"https:\/\/slivnica.si\/index.php?rest_route=%2Fwp%2Fv2%2Fcomments&post=89"}],"version-history":[{"count":15,"href":"https:\/\/slivnica.si\/index.php?rest_route=\/wp\/v2\/pages\/89\/revisions"}],"predecessor-version":[{"id":27162,"href":"https:\/\/slivnica.si\/index.php?rest_route=\/wp\/v2\/pages\/89\/revisions\/27162"}],"wp:attachment":[{"href":"https:\/\/slivnica.si\/index.php?rest_route=%2Fwp%2Fv2%2Fmedia&parent=89"}],"curies":[{"name":"wp","href":"https:\/\/api.w.org\/{rel}","templated":true}]}}