{"id":813,"date":"2015-10-04T13:58:14","date_gmt":"2015-10-04T11:58:14","guid":{"rendered":"http:\/\/slivnica.splet.arnes.si\/?page_id=813"},"modified":"2026-01-20T07:31:57","modified_gmt":"2026-01-20T06:31:57","slug":"srebrna-priznanja","status":"publish","type":"page","link":"https:\/\/slivnica.si\/?page_id=813","title":{"rendered":"Srebrna priznanja"},"content":{"rendered":"<h3><span style=\"color: #000000\">Srebrna priznanja v \u0161olskem letu 2025\/2026<\/span><\/h3>\n<div><strong><em>Dr\u017eavno tekmovanje DMFA iz znanja ASTRONOMIJE za Dominikova priznanja; Celje, 10.1. 2026<\/em><\/strong><\/div>\n<div><em>Klemen Trobec 9. r<\/em><\/div>\n<div>&nbsp;<\/div>\n<h3><em><span style=\"color: #000000\">Srebrna priznanja v \u0161olskem letu 2024\/2025<\/span><\/em><\/h3>\n<div>\n<div>\n<div>\n<div><em><span style=\"color: #000000;font-family: 'Open Sans', Verdana, Helvetica, Arial, sans-serif\"><strong><b>28. mednarodni razpis za likovna dela otrok Hermanova galerija, \u0161olsko leto 2024\/2025:<\/b><\/strong><\/span><\/em><\/div>\n<\/div>\n<\/div>\n<div>\n<div><em>Melanija U\u017emah, 4. razred<\/em><\/div>\n<div>&nbsp;<\/div>\n<\/div>\n<\/div>\n<div><em><strong><b>Dr\u017eavno tekmovanja iz Logi\u010dne po\u0161asti, 24. 5. 2025,&nbsp;<\/b><\/strong><strong><b>Slovenske Konjice<\/b><\/strong><strong><b>:<\/b><\/strong><\/em><\/div>\n<div>\n<div><em>Maja Bovha (1.r.)<\/em><\/div>\n<div><em>Julija \u010cav\u0161&nbsp; (1.r., P\u0160 Loka pri \u017dusmu)<\/em><\/div>\n<div><em>Vid Arzen\u0161ek (2.r., P\u0160 Prevorje)<\/em><\/div>\n<div><em>Alina Centrih&nbsp; (6.r.)<\/em><\/div>\n<div><em>Manca Kupec Arzen\u0161ek (8.r.)<\/em><\/div>\n<\/div>\n<div>&nbsp;<\/div>\n<div><em><strong><b>Biserno priznanje na \u0161olskem tekmovanju iz Logi\u010dne po\u0161asti, 9. 5. 2025:<\/b><\/strong><\/em><\/div>\n<div>\n<div>\n<div>\n<div><em>1. razred: Maja Bovha, Glorija Klav\u017ear (P\u0160&nbsp;Prevorje), Kolar Brina, Julija \u010cav\u0161 (P\u0160&nbsp;Loka), Karin \u0160ket (P\u0160&nbsp;Prevorje)<\/em><\/div>\n<div><em>2. razred: Tilen Magdalenc (P\u0160&nbsp;Prevorje)<\/em><\/div>\n<div><em>3. razred: Vid Arzen\u0161ek (P\u0160&nbsp;Prevorje), Matias Petek, Enja Bra\u010dun (P\u0160&nbsp;Loka), \u017dana \u0160tih (P\u0160&nbsp;Loka)<\/em><\/div>\n<div><em>4. razred: Zarja Aman, Laura Antlej, Franci Lipnik (P\u0160&nbsp;Loka), Anika Novak \u0160tante,&nbsp;Mija Kos (P\u0160&nbsp;Loka), Vid Leitinger&nbsp;(P\u0160&nbsp;Loka),<\/em><\/div>\n<div><em>5. razred: Anja Polen\u0161ek, Eva Bovha<\/em><\/div>\n<div><em>6. razred: Alina Centrih, Zoja Leskov\u0161ek, Nika Bevc<\/em><\/div>\n<div><em>7. razred: Eva Polen\u0161ek, Martina Gril<\/em><\/div>\n<div><em>8. razred: Manca Kupec Arzen\u0161ek<\/em><\/div>\n<div><em>9. razred: Leja Loknar, Lara Pertina\u010d, Alen Ocvirk<\/em><\/div>\n<div>&nbsp;<\/div>\n<\/div>\n<\/div>\n<div>\n<div><em><span style=\"color: #000000;font-family: 'Open Sans', Verdana, Helvetica, Arial, sans-serif\"><strong><b>Dr\u017eavno tekmovanje iz znanja matematike &#8211; Kenguru Vegovo, 8. 5. 2025, Velenje:<\/b><\/strong><\/span><\/em><\/div>\n<div>\n<div><em>Klemen Trobec, 8. razred<\/em><\/div>\n<div>&nbsp;<\/div>\n<\/div>\n<\/div>\n<div><em><span style=\"color: #000000;font-family: 'Open Sans', Verdana, Helvetica, Arial, sans-serif\"><strong><b>Dr\u017eavno tekmovanje iz znanja angle\u0161\u010dine za u\u010dence 6. in 7. razreda osnovne \u0161ole, 25. 3. 2025, Velenje:<\/b><\/strong><\/span><\/em><\/div>\n<div>\n<div><em>Ne\u017ea Johan, 7. razred<\/em><\/div>\n<div>&nbsp;<\/div>\n<\/div>\n<\/div>\n<div>\n<div><em><span style=\"color: #000000;font-family: 'Open Sans', Verdana, Helvetica, Arial, sans-serif\"><strong><b>Dr\u017eavno VIDEO tekmovanje iz znanja angle\u0161\u010dine za u\u010dence 7. razreda osnovne \u0161ole, 21. 3. 2025, na spletu:<\/b><\/strong><\/span><\/em><\/div>\n<div>\n<div><em>Eva Kolar, Jerneja Salobir, Ne\u017ea Ti\u010der, An\u017ee Vidovi\u010d ~ film\u010dek: The More You Read, The More You Know!<\/em><\/div>\n<\/div>\n<\/div>\n<div>\n<div>\n<div>&nbsp;<\/div>\n<\/div>\n<p><em><span style=\"color: #000000;font-family: 'Open Sans', Verdana, Helvetica, Arial, sans-serif\"><strong><b>Fotografski nate\u010daj \u201cMoj ko\u0161\u010dek Slovenije\u201d, 4. 3. 2025, Ljubljana:<\/b><\/strong><\/span><\/em><\/p>\n<\/div>\n<div>\n<div><em>Alina Centrih, 6. razred<\/em><\/div>\n<div>&nbsp;<\/div>\n<\/div>\n<div>\n<div><em><strong><span style=\"color: #000000;font-family: 'Open Sans', Verdana, Helvetica, Arial, sans-serif\"><b>Dr\u017eavno tekmovanje DMF iz znanja ASTRONOMIJE za Dominkova priznanja; 11. 1. 2025, Celje:<\/b><\/span><\/strong><\/em><\/div>\n<div><em>Klemen Trobec iz 8. razreda, Leja Loknar in Jan Gunzek iz 9. b.<\/em><\/div>\n<\/div>\n<div>&nbsp;<\/div>\n<div><em><span style=\"color: #000000;font-family: 'Open Sans', Verdana, Helvetica, Arial, sans-serif\"><strong><b>Dr\u017eavno tekmovanje v znanju logike, 19. 10. 2024, Kozje:<\/b><\/strong><\/span><\/em><\/div>\n<div>\n<div><em>Eva Polen\u0161ek, 7. razred<\/em><\/div>\n<\/div>\n<div>&nbsp;<\/div>\n<div>\n<h3><em><span style=\"color: #000000\">Srebrna priznanja v \u0161olskem letu 2023\/2024<\/span><\/em><\/h3>\n<\/div>\n<p><em><strong><span style=\"font-size: large\">Angle\u0161ka bralna zna\u010dka<\/span><\/strong><\/em><\/p>\n<div>\n<div>\n<div><em>4. razred: Iris Juraja, Tai Vojsk, Mia Kos, O\u017ebej Pu\u0161nik, Vid Leskov\u0161ek, Brina Dolni\u010dar, Hana \u0160umljak, Maj Bre\u010dko, Ema Jurjovec, Eva Bovha, Alja\u017e Leni\u010d, Zoja \u017durej, Sta\u0161a \u017davski, Vesna Kladnik, Brina Voga, Maj Kristan, Rene Drame<\/em><\/div>\n<div><em>5. razred: Nik Zorko, Svit Zupan\u010di\u010d, Nika Bevc, Tinkara Bevc, \u017dan Pacek, Viktorija Lipov\u0161ek, Luka Guzej<\/em><\/div>\n<div><em>6. razred: Ula \u010cuje\u0161, An\u017ee Vidovi\u010d, Matic Loknar, Timotej Aman, Alja\u017e Pacek, Martina Gril, Jerneja Salobir, Maj Dimec, Eva Kolar, Patrik Kupec, Tea Vodeb, Tinkara Tr\u017ean<\/em><\/div>\n<div><em>7. razred: Alen Dobnik, Jakob Trobec, David Zalokar, Kiara Kolar, \u017dan \u0160mid, \u017dan Leskov\u0161ek, Matic \u0160raml Rebernik, Jan Tr\u017ean, Ga\u0161per \u017dgajner, Tia Ivanjko, Tinkara Breg<\/em><\/div>\n<div><em>8. razred: Nika Tia Antlej, \u0160pela Skale, Taja Arli\u010d, Bla\u017e Kladnik, Jan Gunzek, Brina Gaj\u0161ek, Tea Holcinger, Tadej Kladnik, Tinkara Mastnak, Lara Pertina\u010d, Denis Vidergar, Bla\u0161ka Vinkler, Tian Voga, Maja Arzen\u0161ek, Leja Loknar<\/em><\/div>\n<div><em>9. razred: Maja Sterku\u0161, Lucija Bratec, Eva Megli\u010d, Ga\u0161per \u010cak\u0161, Anja Vodeb, Alisa Platov\u0161ek, Lukas Krajnc, Zala Jelen, \u017dana Skale Mastnak<\/em><\/div>\n<\/div>\n<\/div>\n<div>&nbsp;<\/div>\n<div>\n<div><em><strong><span style=\"font-size: large\">Nem\u0161ka bralna zna\u010dka<\/span><\/strong><\/em><\/div>\n<div>\n<div><em>7. razred: Timon Jelen<\/em><\/div>\n<div><em>8. razred: Tea Holcinger<\/em><\/div>\n<div>&nbsp;<\/div>\n<\/div>\n<\/div>\n<div><em><strong><span style=\"font-size: large\">Dr\u017eavno tekmovanje iz Logi\u010dne po\u0161asti; Dobje pri Planini, 25. 5. 2024:<\/span><\/strong><\/em><\/div>\n<div>\n<div><em>Eva Polen\u0161ek 6.a, Manca Kupec Arzen\u0161ek 7.a in Lara Pertina\u010d 8.a.&nbsp;<\/em><\/div>\n<div>&nbsp;<\/div>\n<\/div>\n<div>\n<div><em><span style=\"color: #000000;font-family: 'Open Sans', Verdana, Helvetica, Arial, sans-serif\"><strong>Biserna priznanja za \u0161olsko tekmovanje iz Logi\u010dne po\u0161asti, 10.5. 2024<\/strong><\/span><\/em><\/div>\n<div>\n<div><em>&nbsp;1. razred: Stela Artnjak, Tilen Magdalenc, Enja Bra\u010dun<\/em><\/div>\n<div><em>2. razred: Vid Arzen\u0161ek, Taja Topli\u0161ek<\/em><\/div>\n<div><em>3. razred: Zarja Aman, Franci Lipnik, Vid Leitinger, Vid Vuga<\/em><\/div>\n<div><em>4. razred: Anja Polen\u0161ek, Ema Jurjovec, Eva Bovha, Sara Artnjak, Sara Gril<\/em><\/div>\n<div><em>5. razred: Zoja Leskov\u0161ek<\/em><\/div>\n<div><em>6. razred: Eva Polen\u0161ek<\/em><\/div>\n<div><em>7. razred: Manca Kupec Arzen\u0161ek, Julija Petek<\/em><\/div>\n<div><em>8. razred: Alen Ocvirk, Lara Pertina\u010d, Tinkara Mastnak<\/em><\/div>\n<div><em>9. razred: \u017dan Pertina\u010d<\/em><\/div>\n<div>&nbsp;<\/div>\n<\/div>\n<div>&nbsp;<\/div>\n<\/div>\n<div><em><span style=\"color: #000000;font-family: 'Open Sans', Verdana, Helvetica, Arial, sans-serif\"><strong>Dr\u017eavno tekmovanje DMFA iz znanja ASTRONOMIJE za Dominikova priznanja; Celje, 13.1. 2024<\/strong><\/span><\/em><\/div>\n<div>\n<div><em>&nbsp;Leja Loknar 8. b<\/em><\/div>\n<div><em>Jan Gunzek 8. b<\/em><\/div>\n<div><em>Enej Simuni\u010d 9. b<\/em><\/div>\n<div><em>\u017dana Skale Mastnak 9.b<\/em><\/div>\n<\/div>\n<div>&nbsp;<\/div>\n<div>&nbsp;<\/div>\n<div>\n<h3><em><span style=\"color: #000000\">Srebrna priznanja v \u0161olskem letu 2022\/2023<\/span><\/em><\/h3>\n<\/div>\n<p><em>Dr\u017eavno tekmovanje iz Logi\u010dne po\u0161asti; O\u0160 Dobje pri Planini; 20. 5. 2023<\/em><\/p>\n<div>\n<div>\n<div><em>Ana Bobnar&nbsp; 9. a<\/em><\/div>\n<div><em>\u017dan Pertina\u010d 8. a<\/em><\/div>\n<div><em>Eva Polen\u0161ek 5. a<\/em><\/div>\n<\/div>\n<div>&nbsp;<\/div>\n<div><em>Dr\u017eavno tekmovanje v znanju FIZIKE za \u0160tefanova priznanja; Fakulteta za naravoslovje in matematiko Maribor; 20. 5. 2023<\/em><\/div>\n<div><em>\u017dana Skale Mastnak&nbsp; 8. b<\/em><\/div>\n<div>&nbsp;<\/div>\n<\/div>\n<div>\n<div>\n<div><em>Angle\u0161ka bralna zna\u010dka: april\/maj 2023<\/em><\/div>\n<\/div>\n<div>\n<div><em><span style=\"color: #000000\">4. razred: Diego \u017dekar, Nika Bevc, Tinkara Bevc, Ajda Pol\u0161ak, \u017dan Pacek, Alina Platov\u0161ek, Svit Zupan\u010di\u010d, Taja Zupan<\/span><\/em><\/div>\n<div><em>5. razred: Bor Jezov\u0161ek, Patrik Kupec, Anej Tai Antlej, Tinkara Tr\u017ean, Alja\u017e Pacek<\/em><\/div>\n<div><em>6. razred: Manca Kupec Arzen\u0161ek, Melanija Zidanski, Kiara Kolar, Jan Tr\u017ean, Jakob Trobec, Tinkara Breg, Alen Dobnik, Matic \u0160raml &#8211; Rebernik, Matic Mastnak, Anja Mu\u0161kotevc, Aleksej Ratajc<\/em><\/div>\n<div><em>7. razred: \u0160pela Skale, Maja Arzen\u0161ek, Nika Tai Antlej, Luka Arzen\u0161ek, Nik Gunzek, Pia Peperko, Leja Loknar, Tian Voga, \u017danluk Bel\u0161ak Tifengraber, Tea Holcinger, Matic Podhra\u0161ki, Gal Dober\u0161ek, Matic Pi\u0161ek, Tadej Kladnik, Ur\u0161ka Verk, Tinkara Jev\u0161nik, Bla\u0161ka Vinkler<\/em><\/div>\n<div><em>8. razred: Ga\u0161per \u010cak\u0161, Tadej Lipov\u0161ek, Miha Kladnik, Nika Kladnik, Alisa Platov\u0161ek, Lukas Krajnc, Lara Bajc, Zala Jelen, Kaja \u0160mid, Lucija Bratec, Gal Dolni\u010dar<\/em><\/div>\n<div><em>9. razred: Ema Skale, Ana Bobnar, Ma\u0161a Ma\u010dek, Kaja Plank, Aleks \u010cav\u0161, Aleks Centrih, Mai Zeli\u010d, Maj Novak, Nik Mastnak<\/em><\/div>\n<\/div>\n<\/div>\n<div>&nbsp;<\/div>\n<div>\n<div>\n<div>\n<div><em>Nem\u0161ka bralna zna\u010dka: april\/maj 2023<\/em><\/div>\n<\/div>\n<div>\n<div><em><span style=\"color: #000000\">Mai Zeli\u010d in Jan \u017dafran, oba 9. r.<\/span><\/em><\/div>\n<\/div>\n<div>&nbsp;<\/div>\n<p><em>Dr\u017eavno tekmovanje iz znanja angle\u0161\u010dine za u\u010dence 6. razreda osnovne \u0161ole; O\u0160 Gustava \u0160iliha Velenje; 21. 2. 2023<\/em><\/p>\n<p><em>Alen Dobnik, 6. r.<\/em><\/p>\n<p>&nbsp;<\/p>\n<\/div>\n<div><em>Dr\u017eavno tekmovanje iz astronomije: Celje, 14. 1. 2023<\/em><\/div>\n<\/div>\n<div>\n<div><em><span style=\"color: #000000\">Zoja Planko in Ana Bobnar iz 9. a<\/span><\/em><\/div>\n<\/div>\n<div>&nbsp;<\/div>\n<div>&nbsp;<\/div>\n<div>\n<div>\n<div>\n<div><em>24. Dr\u017eavno tekmovanje v znanju o sladkorni bolezni: 19. 11. 2022<\/em><\/div>\n<\/div>\n<div>\n<div><em><span style=\"color: #000000\">Ana Bobnar iz 9. a<\/span><\/em><\/div>\n<\/div>\n<div>&nbsp;<\/div>\n<\/div>\n<\/div>\n<div>\n<div>&nbsp;<\/div>\n<\/div>\n","protected":false},"excerpt":{"rendered":"<p>Srebrna priznanja v \u0161olskem letu 2025\/2026 Dr\u017eavno tekmovanje DMFA iz znanja ASTRONOMIJE za Dominikova priznanja; Celje, 10.1. 2026 Klemen Trobec 9. r &nbsp; Srebrna priznanja v \u0161olskem letu 2024\/2025 28. mednarodni razpis za likovna dela otrok Hermanova galerija, \u0161olsko leto 2024\/2025: Melanija U\u017emah, 4. razred &nbsp; Dr\u017eavno tekmovanja iz Logi\u010dne po\u0161asti, 24. 5. 2025,&nbsp;Slovenske Konjice: [&hellip;]<\/p>\n","protected":false},"author":351,"featured_media":0,"parent":0,"menu_order":0,"comment_status":"closed","ping_status":"closed","template":"","meta":{"_et_pb_use_builder":"","_et_pb_old_content":"","_et_gb_content_width":"","ngg_post_thumbnail":0,"footnotes":"","_expiration-date-status":"saved","_expiration-date":0,"_expiration-date-type":"","_expiration-date-categories":[],"_expiration-date-options":[]},"class_list":["post-813","page","type-page","status-publish","hentry"],"_links":{"self":[{"href":"https:\/\/slivnica.si\/index.php?rest_route=\/wp\/v2\/pages\/813","targetHints":{"allow":["GET"]}}],"collection":[{"href":"https:\/\/slivnica.si\/index.php?rest_route=\/wp\/v2\/pages"}],"about":[{"href":"https:\/\/slivnica.si\/index.php?rest_route=\/wp\/v2\/types\/page"}],"author":[{"embeddable":true,"href":"https:\/\/slivnica.si\/index.php?rest_route=\/wp\/v2\/users\/351"}],"replies":[{"embeddable":true,"href":"https:\/\/slivnica.si\/index.php?rest_route=%2Fwp%2Fv2%2Fcomments&post=813"}],"version-history":[{"count":17,"href":"https:\/\/slivnica.si\/index.php?rest_route=\/wp\/v2\/pages\/813\/revisions"}],"predecessor-version":[{"id":32532,"href":"https:\/\/slivnica.si\/index.php?rest_route=\/wp\/v2\/pages\/813\/revisions\/32532"}],"wp:attachment":[{"href":"https:\/\/slivnica.si\/index.php?rest_route=%2Fwp%2Fv2%2Fmedia&parent=813"}],"curies":[{"name":"wp","href":"https:\/\/api.w.org\/{rel}","templated":true}]}}