{"id":81,"date":"2015-07-09T09:01:08","date_gmt":"2015-07-09T08:01:08","guid":{"rendered":"http:\/\/slivnica.splet.arnes.si\/?page_id=81"},"modified":"2025-10-03T13:14:15","modified_gmt":"2025-10-03T11:14:15","slug":"publikacija","status":"publish","type":"page","link":"https:\/\/slivnica.si\/?page_id=81","title":{"rendered":"Publikacija"},"content":{"rendered":"<p>Publikacija vsebuje vse pomembne podatke o \u0161oli, organizacijo dela \u0161ole v skladu z Letnim delovnim na\u010drtom ter dol\u017enosti in pravice u\u010dencev. Hi\u0161ni red, vzgojni na\u010drt ter druge dokumente si lahko ogledate v rubriki \u0160olski dokumenti.<\/p>\n<p><a href=\"https:\/\/slivnica.si\/files\/2025\/10\/PUBLIKACIJA_2025-2026.pdf\" target=\"_blank\" rel=\"noopener\">Publikacija za \u0161olsko leto 2025\/2026<\/a><\/p>\n","protected":false},"excerpt":{"rendered":"<p>Publikacija vsebuje vse pomembne podatke o \u0161oli, organizacijo dela \u0161ole v skladu z Letnim delovnim na\u010drtom ter dol\u017enosti in pravice u\u010dencev. Hi\u0161ni red, vzgojni na\u010drt ter druge dokumente si lahko ogledate v rubriki \u0160olski dokumenti. Publikacija za \u0161olsko leto 2025\/2026<\/p>\n","protected":false},"author":5704,"featured_media":0,"parent":0,"menu_order":0,"comment_status":"open","ping_status":"open","template":"","meta":{"_et_pb_use_builder":"","_et_pb_old_content":"","_et_gb_content_width":"","ngg_post_thumbnail":0,"footnotes":"","_expiration-date-status":"saved","_expiration-date":0,"_expiration-date-type":"","_expiration-date-categories":[],"_expiration-date-options":[]},"class_list":["post-81","page","type-page","status-publish","hentry"],"_links":{"self":[{"href":"https:\/\/slivnica.si\/index.php?rest_route=\/wp\/v2\/pages\/81","targetHints":{"allow":["GET"]}}],"collection":[{"href":"https:\/\/slivnica.si\/index.php?rest_route=\/wp\/v2\/pages"}],"about":[{"href":"https:\/\/slivnica.si\/index.php?rest_route=\/wp\/v2\/types\/page"}],"author":[{"embeddable":true,"href":"https:\/\/slivnica.si\/index.php?rest_route=\/wp\/v2\/users\/5704"}],"replies":[{"embeddable":true,"href":"https:\/\/slivnica.si\/index.php?rest_route=%2Fwp%2Fv2%2Fcomments&post=81"}],"version-history":[{"count":17,"href":"https:\/\/slivnica.si\/index.php?rest_route=\/wp\/v2\/pages\/81\/revisions"}],"predecessor-version":[{"id":31111,"href":"https:\/\/slivnica.si\/index.php?rest_route=\/wp\/v2\/pages\/81\/revisions\/31111"}],"wp:attachment":[{"href":"https:\/\/slivnica.si\/index.php?rest_route=%2Fwp%2Fv2%2Fmedia&parent=81"}],"curies":[{"name":"wp","href":"https:\/\/api.w.org\/{rel}","templated":true}]}}