{"id":8,"date":"2015-07-09T07:45:02","date_gmt":"2015-07-09T06:45:02","guid":{"rendered":"http:\/\/slivnica.splet.arnes.si\/?page_id=8"},"modified":"2025-10-20T11:50:16","modified_gmt":"2025-10-20T09:50:16","slug":"kontakti","status":"publish","type":"page","link":"https:\/\/slivnica.si\/?page_id=8","title":{"rendered":"Kontakt"},"content":{"rendered":"<p><strong>Osnovna \u0161ola Slivnica pri Celju<\/strong><br \/>\nGorica pri Slivnici 61<br \/>\n3263 Gorica pri Slivnici<\/p>\n<p>E naslov: tajnistvo@slivnica.si<\/p>\n<p>Podra\u010dun prora\u010dun. uporabnika: SI56 0132 0603 0682 274, Banka Slovenije Ljubljana<br \/>\nDav\u010dna \u0161tevilka:&nbsp; 33404569<br \/>\nDelovni \u010das v tajni\u0161tvu: od 7:00 do 15:00<\/p>\n<p>Ravnateljica: Breda \u017dupanc, prof.<br \/>\ntelefon: 05 969 6056<br \/>\nE naslov: breda.zupanc@slivnica.si<\/p>\n<p>Pomo\u010dnica ravnateljice: Nata\u0161a \u010cede<br \/>\ntelefon: 05 969 6058<\/p>\n<p>Tajnica VIZ: Ana Belina<br \/>\ntelefon: 05 969 6050<\/p>\n<p>Ra\u010dunovodkinja: Marijana Pu\u0161nik<br \/>\ntelefon: 05 969 6052<br \/>\nE naslov: racunovodstvo@os-slivnica.si<\/p>\n<p>Knji\u017eni\u010darka in skrbnica u\u010dbeni\u0161kega sklada: Jo\u017eica Vodeb<br \/>\ntelefon: 05 969 6057<\/p>\n<p>Svetovalna slu\u017eba: Tadeja Plahuta Gole\u017e<br \/>\ntelefon: 05 969 6060<\/p>\n<p>Specialna pedagoginja: Helena Leskovar<br \/>\ntelefon: 05 969 6064<\/p>\n<p>Vodja \u0161olske prehrane: Maja Tifengraber Antloga<br \/>\ntelefon: 05 969 6067<\/p>\n<p>Zbornica: 05 969 6054<br \/>\nKuhinja: 05 969 6061<br \/>\n\u0160portni kabinet: 05 969 6055<br \/>\nKabinet sloven\u0161\u010dina in tuji jeziki: 05 969 6051<br \/>\nKabinet razredna stopnja in OPB 1: 05 969 6059<br \/>\nKabinet razredna stopnja in OPB 2: 05 969 6062<br \/>\nKabinet matematika: 05 969 6063<br \/>\nKabinet biologija-kemija in likovna umetnost: 05 969 6065<br \/>\nKabinet matematika in geografija: 05 969 6066<\/p>\n<p>PODRU\u017dNICI:<\/p>\n<p>P\u0160 LOKA pri \u017dUSMU<br \/>\nLoka pri \u017dusmu 12<br \/>\n3223 Loka pri \u017dusmu<\/p>\n<p>Pedago\u0161ki vodja: Frida Guben\u0161ek<br \/>\nTelefon zbornica: 03 748 6040<br \/>\nTelefon kuhinja: 03 748 6041<\/p>\n<p>P\u0160 PREVORJE<br \/>\nLopaca 3<br \/>\n3262 Prevorje<\/p>\n<p>Pedago\u0161ki vodja: Mateja Kramer<br \/>\nTelefon zbornica: 03 809 8540<br \/>\nTelefon kuhinja: 03 809 8542<\/p>\n<p>USTANOVITELJ Ustanovitelj \u0161ole je ob\u010dina \u0160entjur. Sede\u017e \u0161ole je v Gorici pri Slivnici 61, 3263 Gorica pri Slivnici. K \u0161oli spadata \u0161e podru\u017eni\u010dni \u0161oli Loka pri \u017dusmu in Prevorje.<\/p>\n","protected":false},"excerpt":{"rendered":"<p>Osnovna \u0161ola Slivnica pri Celju Gorica pri Slivnici 61 3263 Gorica pri Slivnici E naslov: tajnistvo@slivnica.si Podra\u010dun prora\u010dun. uporabnika: SI56 0132 0603 0682 274, Banka Slovenije Ljubljana Dav\u010dna \u0161tevilka:&nbsp; 33404569 Delovni \u010das v tajni\u0161tvu: od 7:00 do 15:00 Ravnateljica: Breda \u017dupanc, prof. telefon: 05 969 6056 E naslov: breda.zupanc@slivnica.si Pomo\u010dnica ravnateljice: Nata\u0161a \u010cede telefon: 05 [&hellip;]<\/p>\n","protected":false},"author":351,"featured_media":0,"parent":0,"menu_order":0,"comment_status":"open","ping_status":"open","template":"","meta":{"_et_pb_use_builder":"off","_et_pb_old_content":"","_et_gb_content_width":"","ngg_post_thumbnail":0,"footnotes":"","_expiration-date-status":"","_expiration-date":0,"_expiration-date-type":"","_expiration-date-categories":[],"_expiration-date-options":[]},"class_list":["post-8","page","type-page","status-publish","hentry"],"_links":{"self":[{"href":"https:\/\/slivnica.si\/index.php?rest_route=\/wp\/v2\/pages\/8","targetHints":{"allow":["GET"]}}],"collection":[{"href":"https:\/\/slivnica.si\/index.php?rest_route=\/wp\/v2\/pages"}],"about":[{"href":"https:\/\/slivnica.si\/index.php?rest_route=\/wp\/v2\/types\/page"}],"author":[{"embeddable":true,"href":"https:\/\/slivnica.si\/index.php?rest_route=\/wp\/v2\/users\/351"}],"replies":[{"embeddable":true,"href":"https:\/\/slivnica.si\/index.php?rest_route=%2Fwp%2Fv2%2Fcomments&post=8"}],"version-history":[{"count":16,"href":"https:\/\/slivnica.si\/index.php?rest_route=\/wp\/v2\/pages\/8\/revisions"}],"predecessor-version":[{"id":31432,"href":"https:\/\/slivnica.si\/index.php?rest_route=\/wp\/v2\/pages\/8\/revisions\/31432"}],"wp:attachment":[{"href":"https:\/\/slivnica.si\/index.php?rest_route=%2Fwp%2Fv2%2Fmedia&parent=8"}],"curies":[{"name":"wp","href":"https:\/\/api.w.org\/{rel}","templated":true}]}}