{"id":66,"date":"2015-07-09T08:07:13","date_gmt":"2015-07-09T07:07:13","guid":{"rendered":"http:\/\/slivnica.splet.arnes.si\/?page_id=66"},"modified":"2025-10-20T14:44:06","modified_gmt":"2025-10-20T12:44:06","slug":"zaposleni","status":"publish","type":"page","link":"https:\/\/slivnica.si\/?page_id=66","title":{"rendered":"Zaposleni"},"content":{"rendered":"<h5 style=\"text-align: center\">STROKOVNI DELAVCI, KI POU\u010cUJEJO NA RAZREDNI STOPNJI<\/h5>\n<h6 style=\"text-align: center\"><strong>MATI\u010cNA \u0160OLA<\/strong>&nbsp;<\/h6>\n<table style=\"height: 264px\" width=\"733\">\n<tbody>\n<tr style=\"height: 24px\">\n<td style=\"text-align: left;height: 24px;width: 202.25px\"><strong>U\u010ditelj<\/strong><\/td>\n<td style=\"text-align: left;height: 24px;width: 310.612px\"><strong>Razred\/predmet<\/strong><\/td>\n<td style=\"text-align: left;height: 24px;width: 201.337px\"><strong>Elektronski naslov<\/strong><\/td>\n<\/tr>\n<tr style=\"height: 24px\">\n<td style=\"height: 24px;width: 202.25px\">Nadja Ivanu\u0161a<\/td>\n<td style=\"height: 24px;width: 310.612px\">1. razred<\/td>\n<td style=\"height: 24px;width: 201.337px\">nadja.ivanusa@slivnica.si<\/td>\n<\/tr>\n<tr style=\"height: 24px\">\n<td style=\"height: 24px;width: 202.25px\">Polonca Jamnikar<\/td>\n<td style=\"height: 24px;width: 310.612px\">2. razred<\/td>\n<td style=\"height: 24px;width: 201.337px\">polona.jamnikar@slivnica.si<\/td>\n<\/tr>\n<tr style=\"height: 24px\">\n<td style=\"height: 24px;width: 202.25px\">Andreja \u0160telcer<\/td>\n<td style=\"height: 24px;width: 310.612px\">3. razred<\/td>\n<td style=\"height: 24px;width: 201.337px\">andreja.stelcer@slivnica.si<\/td>\n<\/tr>\n<tr style=\"height: 24px\">\n<td style=\"height: 24px;width: 202.25px\">Renata Kolar Krajnc<\/td>\n<td style=\"height: 24px;width: 310.612px\">4. razred<\/td>\n<td style=\"height: 24px;width: 201.337px\">renata.krajnc@slivnica.si<\/td>\n<\/tr>\n<tr style=\"height: 24px\">\n<td style=\"height: 24px;width: 202.25px\">Mateja Hirschberger<\/td>\n<td style=\"height: 24px;width: 310.612px\">5. razred<\/td>\n<td style=\"height: 24px;width: 201.337px\">mateja.potocnik@slivnica.si<\/td>\n<\/tr>\n<tr style=\"height: 24px\">\n<td style=\"height: 24px;width: 202.25px\">Breda Pun\u010duh<\/td>\n<td style=\"height: 24px;width: 310.612px\">TJA \u2013 4.a, 5.a<\/td>\n<td style=\"height: 24px;width: 201.337px\">breda.puncuh@slivnica.si<\/td>\n<\/tr>\n<tr style=\"height: 24px\">\n<td style=\"height: 24px;width: 202.25px\">Mihaela Obrez<\/td>\n<td style=\"height: 24px;width: 310.612px\">NIP tehnika \u2013 4. a, 5. a<\/td>\n<td style=\"height: 24px;width: 201.337px\">mihaela.obrez@slivnica.si<\/td>\n<\/tr>\n<tr style=\"height: 24px\">\n<td style=\"height: 24px;width: 202.25px\">Nata\u0161a \u010cede<\/td>\n<td style=\"height: 24px;width: 310.612px\">NIP \u0161port\u2013 4. a, 5. a<\/td>\n<td style=\"height: 24px;width: 201.337px\">natasa.cede@slivnica.si<\/td>\n<\/tr>\n<tr style=\"height: 24px\">\n<td style=\"height: 24px;width: 202.25px\">Katarina Zdol\u0161ek<\/td>\n<td style=\"height: 24px;width: 310.612px\">TJA \u2013 1. a, 2. a<\/td>\n<td style=\"height: 24px;width: 201.337px\">katarina.zdolsek@slivnica.si<\/td>\n<\/tr>\n<tr style=\"height: 24px\">\n<td style=\"height: 24px;width: 202.25px\">Anja Bre\u010dko<\/td>\n<td style=\"height: 24px;width: 310.612px\">GUM \u2013 4. a, 5. a<\/td>\n<td style=\"height: 24px;width: 201.337px\">anja.brecko@slivnica.si<\/td>\n<\/tr>\n<tr>\n<td style=\"width: 202.25px\">Matja\u017e Zendzianowsky<\/td>\n<td style=\"width: 310.612px\">\u0160PO &#8211;&nbsp; 5.a<\/td>\n<td style=\"width: 201.337px\">matjaz.zendzi@slivnica.si<\/td>\n<\/tr>\n<\/tbody>\n<\/table>\n<h6>&nbsp;<\/h6>\n<h6 style=\"text-align: center\"><strong>SORAZREDNIKI NA RAZREDNI STOPNJI \u2013 MATI\u010cNA \u0160OLA<\/strong><\/h6>\n<table style=\"height: 144px\" width=\"733\">\n<tbody>\n<tr style=\"height: 24px\">\n<td style=\"height: 24px;width: 202.575px\"><strong>U\u010ditelj<\/strong><\/td>\n<td style=\"height: 24px;width: 309.425px\"><strong>Sorazrednik<\/strong><\/td>\n<td style=\"height: 24px;width: 202.2px\"><strong>Elektronski naslov<\/strong><\/td>\n<\/tr>\n<tr style=\"height: 24px\">\n<td style=\"height: 24px;width: 202.575px\">Anita Mastnak<\/td>\n<td style=\"height: 24px;width: 309.425px\">1. razred<\/td>\n<td style=\"height: 24px;width: 202.2px\">anita.mastnak@slivnica.si<\/td>\n<\/tr>\n<tr style=\"height: 24px\">\n<td style=\"height: 24px;width: 202.575px\">Helena Leskovar<\/td>\n<td style=\"height: 24px;width: 309.425px\">2. razred<\/td>\n<td style=\"height: 24px;width: 202.2px\">helena.leskovar@slivnica.si<\/td>\n<\/tr>\n<tr style=\"height: 24px\">\n<td style=\"height: 24px;width: 202.575px\">Jo\u017eica Vodeb<\/td>\n<td style=\"height: 24px;width: 309.425px\">3. razred<\/td>\n<td style=\"height: 24px;width: 202.2px\">jozica.vodeb@slivnica.si<\/td>\n<\/tr>\n<tr style=\"height: 24px\">\n<td style=\"height: 24px;width: 202.575px\">Breda Pun\u010duh<\/td>\n<td style=\"height: 24px;width: 309.425px\">4. razred<\/td>\n<td style=\"height: 24px;width: 202.2px\">breda.puncuh@slivnica.si<\/td>\n<\/tr>\n<tr style=\"height: 24px\">\n<td style=\"height: 24px;width: 202.575px\">Matja\u017e Zendzianowsky<\/td>\n<td style=\"height: 24px;width: 309.425px\">5. razred<\/td>\n<td style=\"height: 24px;width: 202.2px\">matjaz.zendzi@slivnica.si<\/td>\n<\/tr>\n<\/tbody>\n<\/table>\n<h6>&nbsp;<\/h6>\n<h6 style=\"text-align: center\"><strong>PO\u0160 LOKA PRI \u017dUSMU<\/strong><\/h6>\n<table style=\"height: 216px\" width=\"733\">\n<tbody>\n<tr style=\"height: 24px\">\n<td style=\"height: 24px;width: 204.075px\"><strong>U\u010ditelj<\/strong><\/td>\n<td style=\"height: 24px;width: 316.35px\"><strong>Razred\/predmet<\/strong><\/td>\n<td style=\"height: 24px;width: 193.775px\"><strong>Elektronski naslov<\/strong><\/td>\n<\/tr>\n<tr style=\"height: 24px\">\n<td style=\"height: 24px;width: 204.075px\">Jasmina Bratec<\/td>\n<td style=\"height: 24px;width: 316.35px\">1. in 2. razred<\/td>\n<td style=\"height: 24px;width: 193.775px\">jasmina.bratec@slivnica.si<\/td>\n<\/tr>\n<tr style=\"height: 24px\">\n<td style=\"height: 24px;width: 204.075px\">Dragica Kladnik<\/td>\n<td style=\"height: 24px;width: 316.35px\">3. in 4. razred<\/td>\n<td style=\"height: 24px;width: 193.775px\">dragica.kladnik@slivnica.si<\/td>\n<\/tr>\n<tr style=\"height: 24px\">\n<td style=\"height: 24px;width: 204.075px\">Frida Guben\u0161ek<\/td>\n<td style=\"height: 24px;width: 316.35px\">5. razred<\/td>\n<td style=\"height: 24px;width: 193.775px\">frida.gubensek@slivnica.si<\/td>\n<\/tr>\n<tr style=\"height: 48px\">\n<td style=\"height: 48px;width: 204.075px\">Lilijana Puhner Hrastnik<\/td>\n<td style=\"height: 48px;width: 316.35px\">TJA \u2013 5. razred, NIP: nem\u0161\u010dina &#8211; 4. in 5. razred<\/td>\n<td style=\"height: 48px;width: 193.775px\">lilijana.puhner@slivnica.si<\/td>\n<\/tr>\n<tr style=\"height: 24px\">\n<td style=\"height: 24px;width: 204.075px\">Katarina Zdol\u0161ek<\/td>\n<td style=\"height: 24px;width: 316.35px\">TJA \u2013 1., 2. in 3., 4. razred<\/td>\n<td style=\"height: 24px;width: 193.775px\">katarina.zdolsek@slivnica.si<\/td>\n<\/tr>\n<tr style=\"height: 24px\">\n<td style=\"height: 24px;width: 204.075px\">Anja Bre\u010dko<\/td>\n<td style=\"height: 24px;width: 316.35px\">GUM \u2013 3., 4. in 5. razred<\/td>\n<td style=\"height: 24px;width: 193.775px\">anja.brecko@slivnica.si<\/td>\n<\/tr>\n<tr style=\"height: 24px\">\n<td style=\"height: 24px;width: 204.075px\">Anita Mastnak<\/td>\n<td style=\"height: 24px;width: 316.35px\">NIT &#8211; 5. razred<\/td>\n<td style=\"height: 24px;width: 193.775px\">anita.mastnak@slivnica.si<\/td>\n<\/tr>\n<\/tbody>\n<\/table>\n<p>&nbsp;<\/p>\n<h6 style=\"text-align: center\"><strong>PO\u0160 PREVORJE<\/strong><\/h6>\n<table style=\"height: 120px\" width=\"733\">\n<tbody>\n<tr style=\"height: 24px\">\n<td style=\"height: 24px;width: 200.863px\"><strong>U\u010ditelj<\/strong><\/td>\n<td style=\"height: 24px;width: 312.775px\"><strong>Razred\/predmet<\/strong><\/td>\n<td style=\"height: 24px;width: 200.562px\"><strong>Elektronski naslov<\/strong><\/td>\n<\/tr>\n<tr style=\"height: 24px\">\n<td style=\"height: 24px;width: 200.863px\">Martina Kosaber Gril<\/td>\n<td style=\"height: 24px;width: 312.775px\">1., 2. in 3. razred<\/td>\n<td style=\"height: 24px;width: 200.562px\">martina.kosaber@slivnica.si<\/td>\n<\/tr>\n<tr style=\"height: 24px\">\n<td style=\"height: 24px;width: 200.863px\">Matejka Kramer<\/td>\n<td style=\"height: 24px;width: 312.775px\">4. in 5. razred<\/td>\n<td style=\"height: 24px;width: 200.562px\">mateja.kramer@slivnica.si<\/td>\n<\/tr>\n<tr style=\"height: 24px\">\n<td style=\"height: 24px;width: 200.863px\">Nastja Zidan\u0161ek<\/td>\n<td style=\"height: 24px;width: 312.775px\">TJA \u2013 1., 2. in 3. razred<br \/>\ndruga strokovna delavka v kombinaciji<br \/>\n1., 2. in 3. razred GUM in SPO &#8211; 1., 2. in 3. razred<br \/>\nNIT &#8211; 4. in 5. razred<\/td>\n<td style=\"height: 24px;width: 200.562px\">nastja.zidansek@slivnica.si<\/td>\n<\/tr>\n<tr style=\"height: 24px\">\n<td style=\"height: 24px;width: 200.863px\">Breda Pun\u010duh<\/td>\n<td style=\"height: 24px;width: 312.775px\">TJA \u2013 4. in 5.&nbsp; razred<\/td>\n<td style=\"height: 24px;width: 200.562px\">breda.puncuh@slivnica.si<\/td>\n<\/tr>\n<\/tbody>\n<\/table>\n<h6>&nbsp;<\/h6>\n<h6 style=\"text-align: center\"><strong>ODDELKI PODALJ\u0160ANEGA BIVANJA IN JUTRANJEGA VARSTVA<\/strong><\/h6>\n<table style=\"height: 360px\" width=\"546\">\n<tbody>\n<tr style=\"height: 24px\">\n<td style=\"height: 24px;width: 537.6px;text-align: left\" colspan=\"2\"><strong>MATI\u010cNA \u0160OLA<\/strong><\/td>\n<\/tr>\n<tr style=\"height: 24px\">\n<td style=\"height: 24px;width: 537.6px;text-align: left\" colspan=\"2\"><strong>U\u010ditelj<\/strong><\/td>\n<\/tr>\n<tr style=\"height: 48px\">\n<td style=\"height: 48px;width: 537.6px\" colspan=\"2\"><strong>OPB 1 <\/strong>&#8211; Anja Bre\u010dko, Jo\u017eica Vodeb, Anita Mastnak, Maja Garbas<\/td>\n<\/tr>\n<tr style=\"height: 24px\">\n<td style=\"height: 24px;width: 537.6px\" colspan=\"2\"><strong>OPB 2<\/strong> &#8211; Polonca Novak, Jo\u017eica Vodeb, Maja Garbas<\/td>\n<\/tr>\n<tr style=\"height: 24px\">\n<td style=\"height: 24px;width: 537.6px\" colspan=\"2\"><strong>OPB 3<\/strong> &#8211; Anja Bre\u010dko, Mihaela Obrez, Lilijana Puhner Hrastnik<\/td>\n<\/tr>\n<tr style=\"height: 24px\">\n<td style=\"height: 24px;width: 537.6px\" colspan=\"2\"><strong>OPB 4<\/strong> &#8211; Mateja Hirschberger, Nisa Golob Drofenik, Anja Bre\u010dko<\/td>\n<\/tr>\n<tr style=\"height: 24px\">\n<td style=\"height: 24px;width: 537.6px\" colspan=\"2\">&nbsp;<\/td>\n<\/tr>\n<tr style=\"height: 24px\">\n<td style=\"height: 24px;width: 537.6px;text-align: left\" colspan=\"2\"><strong>P\u0160 LOKA PRI \u017dUSMU<\/strong><\/td>\n<\/tr>\n<tr style=\"height: 24px\">\n<td style=\"height: 24px;width: 537.6px;text-align: left\" colspan=\"2\"><strong>U\u010ditelj<\/strong><\/td>\n<\/tr>\n<tr style=\"height: 24px\">\n<td style=\"height: 24px;width: 537.6px\" colspan=\"2\">Ur\u0161ka Zidanski, Katarina Zdol\u0161ek<\/td>\n<\/tr>\n<tr style=\"height: 24px\">\n<td style=\"height: 24px;width: 537.6px\" colspan=\"2\">&nbsp;<\/td>\n<\/tr>\n<tr style=\"height: 24px\">\n<td style=\"height: 24px;width: 537.6px;text-align: left\" colspan=\"2\"><strong>P\u0160 PREVORJE<\/strong><\/td>\n<\/tr>\n<tr style=\"height: 24px\">\n<td style=\"height: 24px;width: 537.6px;text-align: left\" colspan=\"2\"><strong>U\u010ditelj<\/strong><\/td>\n<\/tr>\n<tr style=\"height: 24px\">\n<td style=\"height: 24px;width: 537.6px\" colspan=\"2\">Maja Garbas, Ur\u0161ka Zidanski<\/td>\n<\/tr>\n<\/tbody>\n<\/table>\n<h6>&nbsp;<\/h6>\n<h6 style=\"text-align: center\"><strong>STROKOVNI DELAVCI, KI POU\u010cUJEJO NA PREDMETNI STOPNJI<\/strong><\/h6>\n<table style=\"height: 204px\" width=\"911\">\n<tbody>\n<tr style=\"height: 24px\">\n<td style=\"height: 24px;width: 205.288px\"><strong>U\u010ditelj<\/strong><\/td>\n<td style=\"height: 24px;width: 310.438px\"><strong>Pou\u010duje<\/strong><\/td>\n<td style=\"height: 24px;width: 178.25px\"><strong>Razrednik<\/strong><\/td>\n<td style=\"height: 24px;width: 193.025px\"><strong>Elektronski naslov<\/strong><\/td>\n<\/tr>\n<tr style=\"height: 42px\">\n<td style=\"width: 205.288px;height: 42px\">&nbsp;<\/td>\n<td style=\"width: 310.438px;height: 42px\">&nbsp;<\/td>\n<td style=\"width: 178.25px;height: 42px\">&nbsp;<\/td>\n<td style=\"width: 193.025px;height: 42px\">&nbsp;<\/td>\n<\/tr>\n<tr style=\"height: 42px\">\n<td style=\"width: 205.288px;height: 42px\">Nisa Golob Drofenik<\/td>\n<td style=\"width: 310.438px;height: 42px\">sloven\u0161\u010dina<br \/>\nangle\u0161\u010dina (MUS)<\/td>\n<td style=\"width: 178.25px;height: 42px\">6. a<\/td>\n<td style=\"width: 193.025px;height: 42px\">nisa.golob@slivnica.si<\/td>\n<\/tr>\n<tr style=\"height: 48px\">\n<td style=\"height: 48px;width: 205.288px\">Polonca Novak<\/td>\n<td style=\"height: 48px;width: 310.438px\">sloven\u0161\u010dina<br \/>\nizbirni predmet: vezenje<\/td>\n<td style=\"height: 48px;width: 178.25px\">7. a<\/td>\n<td style=\"height: 48px;width: 193.025px\">polonca.novak@slivnica.si<\/td>\n<\/tr>\n<tr style=\"height: 24px\">\n<td style=\"height: 24px;width: 205.288px\">Anja Bre\u010dko<\/td>\n<td style=\"height: 24px;width: 310.438px\">glasbena umetnost,<br \/>\nizbirni predmet: glasbeni projekt<\/td>\n<td style=\"height: 24px;width: 178.25px\">8. a<\/td>\n<td style=\"height: 24px;width: 193.025px\">anja.brecko@slivnica.si<\/td>\n<\/tr>\n<tr style=\"height: 24px\">\n<td style=\"height: 24px;width: 205.288px\">Lilijana Puhner Hrastnik<\/td>\n<td style=\"height: 24px;width: 310.438px\">angle\u0161\u010dina, izbirni predmet nem\u0161\u010dina<\/td>\n<td style=\"height: 24px;width: 178.25px\">9. a<\/td>\n<td style=\"height: 24px;width: 193.025px\">&nbsp;lilijana.puhner@slivnica.si<\/td>\n<\/tr>\n<\/tbody>\n<\/table>\n<p>&nbsp;<\/p>\n<table style=\"width: 848px;height: 360px\" width=\"911\">\n<tbody>\n<tr style=\"height: 24px\">\n<td style=\"width: 179.5px;height: 24px\"><strong>U\u010ditelj<\/strong><\/td>\n<td style=\"width: 259.425px;height: 24px\"><strong>Pou\u010duje\/drugo delo<\/strong><\/td>\n<td style=\"width: 158.738px;height: 24px\"><strong>Sorazrednik<\/strong><\/td>\n<td style=\"width: 226.337px;height: 24px\"><strong>Elektronski naslov<\/strong><\/td>\n<\/tr>\n<tr style=\"height: 48px\">\n<td style=\"width: 179.5px;height: 48px\">Maja Kladnik<\/td>\n<td style=\"width: 259.425px;height: 48px\">geografija, zgodovina, domovinska in dr\u017eavljanska kultura ter etika&nbsp;<\/td>\n<td style=\"width: 158.738px;height: 48px\">8. a<\/td>\n<td style=\"width: 226.337px;height: 48px\">maja.kladnik@slivnica.si<\/td>\n<\/tr>\n<tr style=\"height: 48px\">\n<td style=\"width: 179.5px;height: 48px\">Matja\u017e Zendzianowsky<\/td>\n<td style=\"width: 259.425px;height: 48px\">\u0161port, izbirni predmeti: izbrani \u0161port, \u0161port za sprostitev, \u0161port za zdravje<\/td>\n<td style=\"width: 158.738px;height: 48px\">&nbsp;<\/td>\n<td style=\"width: 226.337px;height: 48px\">matjaz.zendzi@slivnica.si<\/td>\n<\/tr>\n<tr>\n<td style=\"width: 179.5px\">Mihaela Obrez<\/td>\n<td style=\"width: 259.425px\">tehnika in tehnologija, fizika,&nbsp;<br \/>\nizbirni predmeti: elektronika z robotiko, daljnogledi in planeti, elektrotehnika<br \/>\nneobvezni izbirni predmet: tehnika<\/td>\n<td style=\"width: 158.738px\">6. a<\/td>\n<td style=\"width: 226.337px\">&nbsp;<\/td>\n<\/tr>\n<tr style=\"height: 24px\">\n<td style=\"width: 179.5px;height: 24px\">Maja Garbas<\/td>\n<td style=\"width: 259.425px;height: 24px\">matematika<\/td>\n<td style=\"width: 158.738px;height: 24px\">&nbsp;<\/td>\n<td style=\"width: 226.337px;height: 24px\">maja.garbas@slivnica.si<\/td>\n<\/tr>\n<tr style=\"height: 24px\">\n<td style=\"width: 179.5px;height: 24px\">Tadeja Plahuta Gole\u017e<\/td>\n<td style=\"width: 259.425px;height: 24px\">pedagoginja<\/td>\n<td style=\"width: 158.738px;height: 24px\">&nbsp;<\/td>\n<td style=\"width: 226.337px;height: 24px\">tadeja.plahuta.golez@slivnica.si<\/td>\n<\/tr>\n<tr style=\"height: 24px\">\n<td style=\"width: 179.5px;height: 24px\">Nata\u0161a Vnu\u010dec<\/td>\n<td style=\"width: 259.425px;height: 24px\">matematika<\/td>\n<td style=\"width: 158.738px;height: 24px\">9. a<\/td>\n<td style=\"width: 226.337px;height: 24px\">natasa.vnucec@slivnica.si<\/td>\n<\/tr>\n<tr style=\"height: 48px\">\n<td style=\"width: 179.5px;height: 48px\">Nata\u0161a \u010cede<\/td>\n<td style=\"width: 259.425px;height: 48px\">\u0161port, neobvezni izbirni predmet: \u0161port, pomo\u010dnica ravnateljice&nbsp;<\/td>\n<td style=\"width: 158.738px;height: 48px\">&nbsp;<\/td>\n<td style=\"width: 226.337px;height: 48px\">natasa.cede@slivnica.si<\/td>\n<\/tr>\n<tr style=\"height: 24px\">\n<td style=\"width: 179.5px;height: 24px\">Renata Mastnak<\/td>\n<td style=\"width: 259.425px;height: 24px\">kemija, naravoslovje&nbsp;<\/td>\n<td style=\"width: 158.738px;height: 24px\">7. a<\/td>\n<td style=\"width: 226.337px;height: 24px\">renata.mastnak@slivnica.si<\/td>\n<\/tr>\n<tr style=\"height: 24px\">\n<td style=\"width: 179.5px;height: 24px\">Jo\u017eica Vodeb<\/td>\n<td style=\"width: 259.425px;height: 24px\">knji\u017eni\u010darka, u\u010dbeni\u0161ki sklad<\/td>\n<td style=\"width: 158.738px;height: 24px\">&nbsp;<\/td>\n<td style=\"width: 226.337px;height: 24px\">jozica.vodeb@slivnica.si<\/td>\n<\/tr>\n<tr style=\"height: 24px\">\n<td style=\"width: 179.5px;height: 24px\">Maja Tifengraber Antloga<\/td>\n<td style=\"width: 259.425px;height: 24px\">biologija, gospodinjstvo, izbirni predmet: sodobni na\u010dini priprave prehrane, vodja prehrane<\/td>\n<td style=\"width: 158.738px;height: 24px\">&nbsp;<\/td>\n<td style=\"width: 226.337px;height: 24px\">maja.tifengraber@slivnica.si<\/td>\n<\/tr>\n<tr style=\"height: 24px\">\n<td style=\"width: 179.5px;height: 24px\">Uro\u0161 Turn\u0161ek<\/td>\n<td style=\"width: 259.425px;height: 24px\">ra\u010dunalnikar<\/td>\n<td style=\"width: 158.738px;height: 24px\">&nbsp;<\/td>\n<td style=\"width: 226.337px;height: 24px\">uros.turnsek@slivnica.si<\/td>\n<\/tr>\n<\/tbody>\n<\/table>\n<h6>&nbsp;<\/h6>\n<h6 style=\"text-align: center\"><strong>STROKOVNI DELAVCI, KI DOPOLNJUJEJO OBVEZNOST<\/strong><\/h6>\n<table width=\"756\">\n<tbody>\n<tr>\n<td width=\"215\"><strong>U\u010ditelj<\/strong><\/td>\n<td width=\"331\"><strong>Pou\u010duje<\/strong><\/td>\n<td width=\"210\"><strong>Elektronski naslov<\/strong><\/td>\n<\/tr>\n<tr>\n<td width=\"215\">Nata\u0161a Himmelreich<\/td>\n<td width=\"331\">likovna umetnost, izbirni predmet: likovno snovanje 1 in 2, likovno snovanje 3<\/td>\n<td>natasa.himmelreich@slivnica.si<\/td>\n<\/tr>\n<tr>\n<td width=\"215\">Helena Leskovar<\/td>\n<td width=\"331\">specialna pedagoginja<\/td>\n<td>helena.leskovar@slivnica.si<\/td>\n<\/tr>\n<tr>\n<td width=\"215\">Loreta Pal\u010dnik<\/td>\n<td width=\"331\">logopedinja<\/td>\n<td>&nbsp;<\/td>\n<\/tr>\n<\/tbody>\n<\/table>\n<h6>&nbsp;<\/h6>\n<h6 style=\"text-align: center\"><strong>ADMINISTRATIVNI DELAVKI<\/strong><\/h6>\n<table>\n<tbody>\n<tr>\n<td width=\"237\"><strong>Delavka<\/strong><\/td>\n<td width=\"291\"><strong>Delovno mesto<\/strong><\/td>\n<\/tr>\n<tr>\n<td width=\"237\">Ana Belina<\/td>\n<td width=\"291\">tajnica zavoda<\/td>\n<\/tr>\n<tr>\n<td width=\"237\">Marjana Pu\u0161nik<\/td>\n<td width=\"291\">ra\u010dunovodkinja zavoda<\/td>\n<\/tr>\n<\/tbody>\n<\/table>\n<h6>&nbsp;<\/h6>\n<h6>&nbsp;<\/h6>\n<h6 style=\"text-align: center\"><strong>TEHNI\u010cNI DELAVCI<\/strong><\/h6>\n<table style=\"height: 288px\">\n<tbody>\n<tr style=\"height: 24px\">\n<td style=\"height: 24px;width: 237px\"><strong>Delavka\/delavec<\/strong><\/td>\n<td style=\"height: 24px;width: 291px\"><strong>Delovno mesto<\/strong><\/td>\n<\/tr>\n<tr style=\"height: 24px\">\n<td style=\"height: 24px;width: 237px\">Denis Lenart<\/td>\n<td style=\"height: 24px;width: 291px\">hi\u0161nik, voznik \u0161olskega kombija<\/td>\n<\/tr>\n<tr style=\"height: 24px\">\n<td style=\"height: 24px;width: 237px\">Karolina Iskra\u010d<\/td>\n<td style=\"height: 24px;width: 291px\">\u010distilka&nbsp;<\/td>\n<\/tr>\n<tr style=\"height: 24px\">\n<td style=\"height: 24px;width: 237px\">Anica Plahuta<\/td>\n<td style=\"height: 24px;width: 291px\">\u010distilka&nbsp;<\/td>\n<\/tr>\n<tr style=\"height: 24px\">\n<td style=\"height: 24px;width: 237px\">Olga Punger\u0161ek<\/td>\n<td style=\"height: 24px;width: 291px\">\u010distilka&nbsp;&nbsp;<\/td>\n<\/tr>\n<tr>\n<td style=\"width: 237px\">Martina Metli\u010dar<\/td>\n<td style=\"width: 291px\">\u010distilka<\/td>\n<\/tr>\n<tr style=\"height: 24px\">\n<td style=\"height: 24px;width: 237px\">Melitka Arh<\/td>\n<td style=\"height: 24px;width: 291px\">kuharica&nbsp;<\/td>\n<\/tr>\n<tr style=\"height: 24px\">\n<td style=\"height: 24px;width: 237px\">Petra Brezovec<\/td>\n<td style=\"height: 24px;width: 291px\">kuharska pomo\u010dnica<\/td>\n<\/tr>\n<tr style=\"height: 24px\">\n<td style=\"height: 24px;width: 237px\">Jo\u017eica Pintar<\/td>\n<td style=\"height: 24px;width: 291px\">kuharski pomo\u010dnik, \u010distilka<\/td>\n<\/tr>\n<tr style=\"height: 24px\">\n<td style=\"height: 24px;width: 237px\">Benjamin Bra\u010dun<\/td>\n<td style=\"height: 24px;width: 291px\">kuhar &nbsp;\u2013&nbsp;<em>P\u0160 Loka pri \u017dusmu&nbsp;<\/em><\/td>\n<\/tr>\n<tr style=\"height: 24px\">\n<td style=\"height: 24px;width: 237px\">Vida Lipov\u0161ek<\/td>\n<td style=\"height: 24px;width: 291px\">\u010distilka \u2013<em> P\u0160 Loka pri \u017dusmu<\/em><\/td>\n<\/tr>\n<tr style=\"height: 24px\">\n<td style=\"height: 24px;width: 237px\">Jo\u017eica Lenart<\/td>\n<td style=\"height: 24px;width: 291px\">\u010distilka \u2013&nbsp;<em>P\u0160 Prevorje<\/em><\/td>\n<\/tr>\n<tr style=\"height: 24px\">\n<td style=\"height: 24px;width: 237px\">Simona Tovornik<\/td>\n<td style=\"height: 24px;width: 291px\">\u010distilka \u2013&nbsp;<em>P\u0160 Prevorje<\/em><\/td>\n<\/tr>\n<\/tbody>\n<\/table>\n<p>&nbsp;<\/p>\n","protected":false},"excerpt":{"rendered":"<p>STROKOVNI DELAVCI, KI POU\u010cUJEJO NA RAZREDNI STOPNJI MATI\u010cNA \u0160OLA&nbsp; U\u010ditelj Razred\/predmet Elektronski naslov Nadja Ivanu\u0161a 1. razred nadja.ivanusa@slivnica.si Polonca Jamnikar 2. razred polona.jamnikar@slivnica.si Andreja \u0160telcer 3. razred andreja.stelcer@slivnica.si Renata Kolar Krajnc 4. razred renata.krajnc@slivnica.si Mateja Hirschberger 5. razred mateja.potocnik@slivnica.si Breda Pun\u010duh TJA \u2013 4.a, 5.a breda.puncuh@slivnica.si Mihaela Obrez NIP tehnika \u2013 4. a, 5. a [&hellip;]<\/p>\n","protected":false},"author":5705,"featured_media":0,"parent":0,"menu_order":0,"comment_status":"open","ping_status":"open","template":"","meta":{"_et_pb_use_builder":"off","_et_pb_old_content":"","_et_gb_content_width":"","ngg_post_thumbnail":0,"footnotes":"","_expiration-date-status":"","_expiration-date":0,"_expiration-date-type":"","_expiration-date-categories":[],"_expiration-date-options":[]},"class_list":["post-66","page","type-page","status-publish","hentry"],"_links":{"self":[{"href":"https:\/\/slivnica.si\/index.php?rest_route=\/wp\/v2\/pages\/66","targetHints":{"allow":["GET"]}}],"collection":[{"href":"https:\/\/slivnica.si\/index.php?rest_route=\/wp\/v2\/pages"}],"about":[{"href":"https:\/\/slivnica.si\/index.php?rest_route=\/wp\/v2\/types\/page"}],"author":[{"embeddable":true,"href":"https:\/\/slivnica.si\/index.php?rest_route=\/wp\/v2\/users\/5705"}],"replies":[{"embeddable":true,"href":"https:\/\/slivnica.si\/index.php?rest_route=%2Fwp%2Fv2%2Fcomments&post=66"}],"version-history":[{"count":18,"href":"https:\/\/slivnica.si\/index.php?rest_route=\/wp\/v2\/pages\/66\/revisions"}],"predecessor-version":[{"id":31440,"href":"https:\/\/slivnica.si\/index.php?rest_route=\/wp\/v2\/pages\/66\/revisions\/31440"}],"wp:attachment":[{"href":"https:\/\/slivnica.si\/index.php?rest_route=%2Fwp%2Fv2%2Fmedia&parent=66"}],"curies":[{"name":"wp","href":"https:\/\/api.w.org\/{rel}","templated":true}]}}