{"id":451,"date":"2015-08-24T14:01:30","date_gmt":"2015-08-24T12:01:30","guid":{"rendered":"http:\/\/slivnica.splet.arnes.si\/?page_id=451"},"modified":"2024-10-16T09:15:05","modified_gmt":"2024-10-16T07:15:05","slug":"svet-sole","status":"publish","type":"page","link":"https:\/\/slivnica.si\/?page_id=451","title":{"rendered":"Svet \u0161ole"},"content":{"rendered":"<p>[et_pb_section fb_built=&#8221;1&#8243; admin_label=&#8221;section&#8221; _builder_version=&#8221;4.16&#8243; _module_preset=&#8221;default&#8221; global_colors_info=&#8221;{}&#8221;][et_pb_row admin_label=&#8221;row&#8221; _builder_version=&#8221;4.16&#8243; _module_preset=&#8221;default&#8221; background_size=&#8221;initial&#8221; background_position=&#8221;top_left&#8221; background_repeat=&#8221;repeat&#8221; global_colors_info=&#8221;{}&#8221;][et_pb_column type=&#8221;4_4&#8243; _builder_version=&#8221;4.16&#8243; _module_preset=&#8221;default&#8221; custom_padding=&#8221;|||&#8221; global_colors_info=&#8221;{}&#8221; custom_padding__hover=&#8221;|||&#8221;][et_pb_text admin_label=&#8221;Text&#8221; _builder_version=&#8221;4.27.0&#8243; _module_preset=&#8221;default&#8221; background_size=&#8221;initial&#8221; background_position=&#8221;top_left&#8221; background_repeat=&#8221;repeat&#8221; hover_enabled=&#8221;0&#8243; global_colors_info=&#8221;{}&#8221; sticky_enabled=&#8221;0&#8243;]<\/p>\n<p><em>Svet \u0161ole O\u0160 Slivnica pri Celju&nbsp;sestavlja:<\/em><br \/>&#8211; pet predstavnikov delavcev: Nisa Golob Drofenik, Nata\u0161a Vnu\u010dec, Jo\u017eica Pintar, Nastja Zidan\u0161ek, Martina Kosaber Gril<br \/>&#8211; trije predstavniki star\u0161ev: Erika Drobnak, Katja Dolni\u010dar, Damjana Gra\u010dnar<br \/>&#8211; trije predstavniki ustanovitelja: Rudi Bre\u010dko, Anja Zupanc, Katarina Cesar<\/p>\n<p>Svet \u0161ole se je konstituiral 30. 9. 2024. Predsednica Sveta \u0161ole je Nisa Golob Drofenik, namestnica pa Erika Drobnak.<\/p>\n<p><em>Svet \u0161ole:<\/em><br \/>&#8211; imenuje in razre\u0161uje ravnatelja,<br \/>&#8211; sprejema program razvoja zavoda,<br \/>&#8211; sprejema letni delovni na\u010drt in poro\u010dilo o njegovi uresni\u010ditvi,<br \/>&#8211; odlo\u010da o uvedbi nadstandardnih in drugih programov,<br \/>&#8211; obravnava poro\u010dila o vzgojno-izobra\u017eevalni problematiki,<br \/>&#8211; odlo\u010da o prito\u017ebah v zvezi s pravicami, obveznostmi in odgovornostmi delavcev iz delovnega razmerja,<br \/>&#8211; obravnava zadeve, ki mu jih predlo\u017ei u\u010diteljski zbor, \u0161olska in\u0161pekcija, reprezentativni sindikat zaposlenih, Svet star\u0161ev ali skupnost u\u010dencev,<br \/>&#8211; sprejema pravila in druge splo\u0161ne akte zavoda, ki jih dolo\u010da ta odlok ali drug splo\u0161ni akt zavoda,<br \/>&#8211; predlaga ustanovitelju in ravnatelju zavoda predloge in mnenja o posameznih vpra\u0161anjih,<br \/>&#8211; razpisuje volitve predstavnikov delavcev v Svet zavoda,<br \/>&#8211; odlo\u010da v soglasju z ustanoviteljem o povezovanju v skupnost zavodov za opravljanje skupnih administrativnih in ra\u010dunovodskih nalog in za opravljanje drugih skupnih del,<br \/>&#8211; imenuje prito\u017ebeno komisijo,<br \/>&#8211; opravlja druge z zakonom ter drugimi splo\u0161nimi akti dolo\u010dene naloge.<\/p>\n<p>[\/et_pb_text][\/et_pb_column][\/et_pb_row][\/et_pb_section]<\/p>\n","protected":false},"excerpt":{"rendered":"<p>Svet \u0161ole O\u0160 Slivnica pri Celju&nbsp;sestavlja:- pet predstavnikov delavcev: Nisa Golob Drofenik, Nata\u0161a Vnu\u010dec, Jo\u017eica Pintar, Nastja Zidan\u0161ek, Martina Kosaber Gril- trije predstavniki star\u0161ev: Erika Drobnak, Katja Dolni\u010dar, Damjana Gra\u010dnar- trije predstavniki ustanovitelja: Rudi Bre\u010dko, Anja Zupanc, Katarina Cesar Svet \u0161ole se je konstituiral 30. 9. 2024. Predsednica Sveta \u0161ole je Nisa Golob Drofenik, namestnica [&hellip;]<\/p>\n","protected":false},"author":5703,"featured_media":0,"parent":0,"menu_order":0,"comment_status":"closed","ping_status":"closed","template":"","meta":{"_et_pb_use_builder":"on","_et_pb_old_content":"<strong>Svet \u0161ole O\u0160 Slivnica pri Celju<\/strong> sestavlja:\r\n<ul>\r\n \t<li>pet predstavnikov delavcev:\u00a0 Petra Bra\u010dko Petek, Nisa Golob Drofenik, Polonca Jamnikar, Nata\u0161a Vnu\u010dec, Breda \u017dupanc (od 1. 7. 2021 jo zamenja Martina Kosaber Gril),<\/li>\r\n \t<li>trije predstavniki star\u0161ev: Katja Dolni\u010dar, Erika Drobnak, Damjana Gra\u010dnar,<\/li>\r\n \t<li>in trije predstavniki ustanovitelja: Rudi Bre\u010dko, Jasmina Levi\u010dar, Mateja Peperko.<\/li>\r\n<\/ul>\r\nSvet \u0161ole se je konstituiral 21. 10. 2020. Predsednica Sveta \u0161ole je Nisa Golob Drofenik, namestnica pa Katja Dolni\u010dar.\r\n\r\nSvet \u0161ole:\r\n<ul>\r\n \t<li>imenuje in razre\u0161uje ravnatelja,<\/li>\r\n \t<li>sprejema program razvoja zavoda,<\/li>\r\n \t<li>sprejema letni delovni na\u010drt in poro\u010dilo o njegovi uresni\u010ditvi,<\/li>\r\n \t<li>odlo\u010da o uvedbi nadstandardnih in drugih programov,<\/li>\r\n \t<li>obravnava poro\u010dila o vzgojno-izobra\u017eevalni problematiki,<\/li>\r\n \t<li>odlo\u010da o prito\u017ebah v zvezi s pravicami, obveznostmi in odgovornostmi delavcev iz delovnega razmerja,<\/li>\r\n \t<li>obravnava zadeve, ki mu jih predlo\u017ei u\u010diteljski zbor, \u0161olska in\u0161pekcija, reprezentativni sindikat zaposlenih, Svet star\u0161ev ali skupnost u\u010dencev,<\/li>\r\n \t<li>sprejema pravila in druge splo\u0161ne akte zavoda, ki jih dolo\u010da ta odlok ali drug splo\u0161ni akt zavoda,<\/li>\r\n \t<li>predlaga ustanovitelju in ravnatelju zavoda predloge in mnenja o posameznih vpra\u0161anjih,<\/li>\r\n \t<li>razpisuje volitve predstavnikov delavcev v Svet zavoda,<\/li>\r\n \t<li>odlo\u010da v soglasju z ustanoviteljem o povezovanju v skupnost zavodov za opravljanje skupnih administrativnih in ra\u010dunovodskih nalog in za opravljanje drugih skupnih del,<\/li>\r\n \t<li>imenuje prito\u017ebeno komisijo,<\/li>\r\n \t<li>opravlja druge z zakonom ter drugimi splo\u0161nimi akti dolo\u010dene naloge.<\/li>\r\n<\/ul>","_et_gb_content_width":"","ngg_post_thumbnail":0,"footnotes":"","_expiration-date-status":"","_expiration-date":0,"_expiration-date-type":"","_expiration-date-categories":[],"_expiration-date-options":[]},"class_list":["post-451","page","type-page","status-publish","hentry"],"_links":{"self":[{"href":"https:\/\/slivnica.si\/index.php?rest_route=\/wp\/v2\/pages\/451","targetHints":{"allow":["GET"]}}],"collection":[{"href":"https:\/\/slivnica.si\/index.php?rest_route=\/wp\/v2\/pages"}],"about":[{"href":"https:\/\/slivnica.si\/index.php?rest_route=\/wp\/v2\/types\/page"}],"author":[{"embeddable":true,"href":"https:\/\/slivnica.si\/index.php?rest_route=\/wp\/v2\/users\/5703"}],"replies":[{"embeddable":true,"href":"https:\/\/slivnica.si\/index.php?rest_route=%2Fwp%2Fv2%2Fcomments&post=451"}],"version-history":[{"count":9,"href":"https:\/\/slivnica.si\/index.php?rest_route=\/wp\/v2\/pages\/451\/revisions"}],"predecessor-version":[{"id":27655,"href":"https:\/\/slivnica.si\/index.php?rest_route=\/wp\/v2\/pages\/451\/revisions\/27655"}],"wp:attachment":[{"href":"https:\/\/slivnica.si\/index.php?rest_route=%2Fwp%2Fv2%2Fmedia&parent=451"}],"curies":[{"name":"wp","href":"https:\/\/api.w.org\/{rel}","templated":true}]}}