{"id":32634,"date":"2026-02-10T10:34:13","date_gmt":"2026-02-10T09:34:13","guid":{"rendered":"https:\/\/slivnica.splet.arnes.si\/?page_id=32634"},"modified":"2026-02-12T11:51:50","modified_gmt":"2026-02-12T10:51:50","slug":"izjava-o-dostopnosti","status":"publish","type":"page","link":"https:\/\/slivnica.si\/?page_id=32634","title":{"rendered":"Izjava o dostopnosti"},"content":{"rendered":"<p>Osnovna \u0161ola Slivnica pri Celju&nbsp; se zavezuje, da bo omogo\u010dala dostopnost svojega osrednjega spleti\u0161\u010da v skladu z Zakonom o dostopnosti spleti\u0161\u010d in mobilnih aplikacij (ZDSMA) ter, kjer je primerno, z ustreznimi evropskimi standardi.<\/p>\n<p>Ta izjava se nana\u0161a na spletno stran https:\/\/www.slivnica.si\/ vklju\u010dno z vsebinami in dokumenti, ki jih zavod objavlja kot del svojih spletnih informacij.<\/p>\n<p><strong>1. Stopnja skladnosti<\/strong><br \/>\nZakon o dostopnosti spleti\u0161\u010d in mobilnih aplikacij v 2. alineji 1. odstavka 3. \u010dlena vrtce, osnovne \u0161ole in srednje \u0161ole uvr\u0161\u010da med izjeme in jih glede vsebine spleti\u0161\u010d in mobilnih aplikacij zavezuje na informacije, ki se nana\u0161ajo na:<br \/>\n&#8211; osnovne informacije o zavodu,<br \/>\n&#8211; informacije o vpisnem postopku in<br \/>\n&#8211; upravne informacije (kot so na primer \u0161olski koledar in urniki)<\/p>\n<p>\u010ce so te informacije dostopne v skladu s tem zakonom prek drugega spleti\u0161\u010da ali mobilne aplikacije, jih ni treba zagotavljati na spleti\u0161\u010du ali v mobilni aplikaciji vrtca, osnovne ali srednje \u0161ole. Osnovne informacije o zavodu, informacije o vpisnem postopku in upravne informacije so, v skladu z 2. alinejo 1. odstavka 3. \u010dlena Zakona o dostopnosti spleti\u0161\u010d in mobilnih aplikacij (ZDSMA), objavljene na spleti\u0161\u010du <a href=\"https:\/\/dostopnost.slivnica.si\/\" target=\"_blank\" rel=\"noopener\">https:\/\/dostopnost.slivnica.si\/<\/a>.<\/p>\n<p>Na podlagi samoocene ugotavljamo, da so osnovne informacije o zavodu, informacije o vpisnem postopku in upravne informacije objavljene na spletnem mestu <a href=\"https:\/\/dostopnost.slivnica.si\/\">dostopnost.slivnica.si<\/a> skladne z 2. alinejo 1. odstavka 3. \u010dlena ZDSMA. Kljub temu si bomo \u0161e naprej prizadevali za dostopnost ostalih vsebin, ki \u0161e niso v celoti prilagojene zahtevam.<\/p>\n<p><strong>2. Nedostopne oziroma manj dostopne vsebine<\/strong><br \/>\nNe glede na izjemo po ZDSMA dostopnost spleti\u0161\u010da nenehno spremljamo in sproti izbolj\u0161ujemo posamezne elemente dostopnosti. Kljub temu nekatere objavljene vsebine morda ne izpolnjujejo vseh zahtev glede dostopnosti, kot jih dolo\u010da Zakon o dostopnosti spleti\u0161\u010d in mobilnih aplikacij za organizacije, ki so izjeme po ZDSMA.<\/p>\n<p>Primeri takih vsebin so:<br \/>\n&#8211; objavljeni prispevki in novice<br \/>\n&#8211; dokumenti v PDF obliki<br \/>\n&#8211; kompleksne tabele<br \/>\n&#8211; videoposnetki brez podnapisov<br \/>\n&#8211; slike oziroma grafike z besedili<\/p>\n<p><strong>3. Priprava izjave o dostopnosti<\/strong><br \/>\nTa izjava je bila pripravljena 09. 12. 2025.<br \/>\nUporabljena je bila metoda iz 1. alineje to\u010dke (a) 1. odstavka 3. \u010dlena Izvedbenega sklepa Komisije (EU) 2018\/1523 \u2013 samoocena organa javnega sektorja.<\/p>\n<p>Izjava je bila nazadnje pregledana 09. 12. 2025.<\/p>\n<p><strong>4. Povratne informacije in kontakt<\/strong><br \/>\nZaradi zelo pogostih posodobitev vsebin lahko obiskovalci pri brskanju po spleti\u0161\u010du https:\/\/www.slivnica.si.si\/ kljub prizadevanjem, da bi bile vse spletne strani \u010dim bolj dostopne in uporabnikom prijazne, ob\u010dasno naletijo na te\u017eave z dostopnostjo.<\/p>\n<p>Vabimo vas, da nam posredujete morebitne pripombe, te\u017eave z dostopnostjo ali pro\u0161nje za informacije v dostopni obliki po navadni ali elektronski po\u0161ti:<\/p>\n<p>Naslov: Osnovna \u0161ola Slivnica pri Celju, Gorica pri Slivnici 61, 3263 Gorica pri Slivnici<br \/>\nE-po\u0161ta: tajnistvo@slivnica.si<br \/>\nOdgovorili vam bomo v najkraj\u0161em mo\u017enem \u010dasu oziroma najkasneje v roku 8 dni. \u010ce v tem roku ne bomo mogli podati ustreznega odgovora, vam bomo sporo\u010dili, kdaj bo odgovor podan in razloge za zakasnitev odgovora.<\/p>\n<p><strong>5. Izvr\u0161ilni postopek<\/strong><br \/>\nV primeru, da ugotovite odstopanja od dolo\u010dil Zakona o dostopnosti spleti\u0161\u010d in mobilnih aplikacij, lahko podate prijavo in\u0161pektorjem za informacijsko dru\u017ebo po telefonu ter navadni ali elektronski po\u0161ti.<\/p>\n<p>In\u0161pektorat Republike Slovenije za informacijsko dru\u017ebo (IRSID)<br \/>\nMinistrstvo za digitalno preobrazbo<br \/>\nDav\u010dna ulica 1<br \/>\n1000 LJUBLJANA<br \/>\ntel.: 01 555 58 48<br \/>\ne-naslov: <a href=\"mailto:gp.irsid@gov.si\" target=\"_blank\" rel=\"noopener\">gp.irsid@gov.si<\/a><\/p>\n","protected":false},"excerpt":{"rendered":"<p>Osnovna \u0161ola Slivnica pri Celju&nbsp; se zavezuje, da bo omogo\u010dala dostopnost svojega osrednjega spleti\u0161\u010da v skladu z Zakonom o dostopnosti spleti\u0161\u010d in mobilnih aplikacij (ZDSMA) ter, kjer je primerno, z ustreznimi evropskimi standardi. Ta izjava se nana\u0161a na spletno stran https:\/\/www.slivnica.si\/ vklju\u010dno z vsebinami in dokumenti, ki jih zavod objavlja kot del svojih spletnih informacij. [&hellip;]<\/p>\n","protected":false},"author":91868,"featured_media":0,"parent":0,"menu_order":0,"comment_status":"closed","ping_status":"closed","template":"","meta":{"_et_pb_use_builder":"","_et_pb_old_content":"","_et_gb_content_width":"","ngg_post_thumbnail":0,"footnotes":"","_expiration-date-status":"","_expiration-date":0,"_expiration-date-type":"","_expiration-date-categories":[],"_expiration-date-options":[]},"class_list":["post-32634","page","type-page","status-publish","hentry"],"_links":{"self":[{"href":"https:\/\/slivnica.si\/index.php?rest_route=\/wp\/v2\/pages\/32634","targetHints":{"allow":["GET"]}}],"collection":[{"href":"https:\/\/slivnica.si\/index.php?rest_route=\/wp\/v2\/pages"}],"about":[{"href":"https:\/\/slivnica.si\/index.php?rest_route=\/wp\/v2\/types\/page"}],"author":[{"embeddable":true,"href":"https:\/\/slivnica.si\/index.php?rest_route=\/wp\/v2\/users\/91868"}],"replies":[{"embeddable":true,"href":"https:\/\/slivnica.si\/index.php?rest_route=%2Fwp%2Fv2%2Fcomments&post=32634"}],"version-history":[{"count":3,"href":"https:\/\/slivnica.si\/index.php?rest_route=\/wp\/v2\/pages\/32634\/revisions"}],"predecessor-version":[{"id":32643,"href":"https:\/\/slivnica.si\/index.php?rest_route=\/wp\/v2\/pages\/32634\/revisions\/32643"}],"wp:attachment":[{"href":"https:\/\/slivnica.si\/index.php?rest_route=%2Fwp%2Fv2%2Fmedia&parent=32634"}],"curies":[{"name":"wp","href":"https:\/\/api.w.org\/{rel}","templated":true}]}}