{"id":27364,"date":"2024-09-27T07:43:29","date_gmt":"2024-09-27T05:43:29","guid":{"rendered":"https:\/\/slivnica.splet.arnes.si\/?page_id=27364"},"modified":"2025-09-29T08:24:19","modified_gmt":"2025-09-29T06:24:19","slug":"svetovalna-sluzba","status":"publish","type":"page","link":"https:\/\/slivnica.si\/?page_id=27364","title":{"rendered":"Svetovalna slu\u017eba"},"content":{"rendered":"<p>Vizija svetovalne slu\u017ebe je celostno, razvojno-analiti\u010dno, vzgojno-preventivno in svetovalno usmerjeno delovanje. Posebno pozornost namenja spodbujanju, vzpostavljanju in vzdr\u017eevanju kakovostnega sodelovanja ter svetovalnega odnosa z ostalimi udele\u017eenci ter zunanjimi ustanovami in strokovnjaki. Namen svetovalne slu\u017ebe je prispevati k uspe\u0161nosti \u0161ole kot celote in vanj vklju\u010denih posameznikov. Za doseganje ciljev si prizadeva s tremi med seboj povezanimi in prepletenimi dejavnostmi, in sicer z razvojnimi in preventivnimi dejavnostmi ter dejavnostmi pomo\u010di.<\/p>\n<p>Svetovalni delavec pri svojem delu sledi \u0161tirim skupinam na\u010del:<br \/>\n&#8211; na\u010delo strokovnosti<br \/>\n&#8211; na\u010delo strokovne avtonomnosti in odgovornosti<br \/>\n&#8211; na\u010delo sodelovanja, interdisciplinarnosti in timskega dela<br \/>\n&#8211; na\u010delo aktualnosti in razvojne usmerjenosti <em>(Povzeto po: Programske smernice svetovalnega dela v programih s podro\u010dja vzgoje in izobra\u017eevanja)<\/em><\/p>\n<p>\u0160olska svetovalna slu\u017eba vodi postopek vpisa prvo\u0161olcev v \u0161olo, svetuje in sodeluje pri karierni orientaciji, vpisu v srednjo \u0161olo in socialnih zadevah. Koordinira delo z otroki s posebnimi potrebami in aktivnosti v okviru dela z nadarjenimi u\u010denci. Pomo\u010d nudi pri u\u010dnih in vzgojnih te\u017eavah ter re\u0161evanju konfliktnih situacij. Izvaja preventivne sistemati\u010dne dejavnosti za zagotavljanje varnega, spodbudnega in vklju\u010dujo\u010dega okolja.<\/p>\n<p>Svetovalna delavka Tadeja Plahuta Gole\u017e je na voljo vsak delavnik med <strong>7.00 in 14.00<\/strong> na tel. \u0161t. <strong>05 969 60 60<\/strong> ali na <a href=\"mailto:tadeja.plahuta.golez@slivnica.si\">tadeja.plahuta.golez@slivnica.si<\/a><\/p>\n<p>&nbsp;<\/p>\n<p>POVEZAVE:<\/p>\n<p><a href=\"https:\/\/1616.squalomail.net\/index.php?option=com_acymailing&amp;ctrl=archive&amp;task=view&amp;option=com_acymailing&amp;ctrl=archive&amp;task=view&amp;option=com_acymailing&amp;ctrl=archive&amp;task=view&amp;appId=1616&amp;mailid=50&amp;key=TIv2TuMSrg&amp;subid=1-&amp;tmpl=component&amp;lang=sl&amp;option=com_acymailing&amp;ctrl=archive&amp;task=view&amp;appId=1616&amp;mailid=50&amp;key=TIv2TuMSrg&amp;subid=1-&amp;tmpl=component&amp;lang=sl\">e-Prijatelj<\/a><\/p>\n<p><a href=\"https:\/\/www.tosemjaz.net\/\">To sem jaz<\/a><\/p>\n<p><a href=\"https:\/\/www.gov.si\/teme\/vpis-v-srednjo-solo\/\">Vpis v srednjo \u0161olo<\/a><\/p>\n<p><a href=\"https:\/\/paka3.mss.edus.si\/vp\/ui\/#\/\">Vpisni postopki<\/a><\/p>\n<p><a href=\"https:\/\/www.srips-rs.si\/stipendije\">\u0160tipendije<\/a><\/p>\n<p><a href=\"https:\/\/www.mojaizbira.si\/\">Moja izbira<\/a><\/p>\n<p><a href=\"https:\/\/srednjesole.aktualno.si\/\">Srednje \u0161ole<\/a><\/p>\n","protected":false},"excerpt":{"rendered":"<p>Vizija svetovalne slu\u017ebe je celostno, razvojno-analiti\u010dno, vzgojno-preventivno in svetovalno usmerjeno delovanje. Posebno pozornost namenja spodbujanju, vzpostavljanju in vzdr\u017eevanju kakovostnega sodelovanja ter svetovalnega odnosa z ostalimi udele\u017eenci ter zunanjimi ustanovami in strokovnjaki. Namen svetovalne slu\u017ebe je prispevati k uspe\u0161nosti \u0161ole kot celote in vanj vklju\u010denih posameznikov. Za doseganje ciljev si prizadeva s tremi med seboj povezanimi [&hellip;]<\/p>\n","protected":false},"author":91868,"featured_media":0,"parent":0,"menu_order":0,"comment_status":"closed","ping_status":"closed","template":"","meta":{"_et_pb_use_builder":"","_et_pb_old_content":"","_et_gb_content_width":"","ngg_post_thumbnail":0,"footnotes":"","_expiration-date-status":"","_expiration-date":0,"_expiration-date-type":"","_expiration-date-categories":[],"_expiration-date-options":[]},"class_list":["post-27364","page","type-page","status-publish","hentry"],"_links":{"self":[{"href":"https:\/\/slivnica.si\/index.php?rest_route=\/wp\/v2\/pages\/27364","targetHints":{"allow":["GET"]}}],"collection":[{"href":"https:\/\/slivnica.si\/index.php?rest_route=\/wp\/v2\/pages"}],"about":[{"href":"https:\/\/slivnica.si\/index.php?rest_route=\/wp\/v2\/types\/page"}],"author":[{"embeddable":true,"href":"https:\/\/slivnica.si\/index.php?rest_route=\/wp\/v2\/users\/91868"}],"replies":[{"embeddable":true,"href":"https:\/\/slivnica.si\/index.php?rest_route=%2Fwp%2Fv2%2Fcomments&post=27364"}],"version-history":[{"count":11,"href":"https:\/\/slivnica.si\/index.php?rest_route=\/wp\/v2\/pages\/27364\/revisions"}],"predecessor-version":[{"id":31001,"href":"https:\/\/slivnica.si\/index.php?rest_route=\/wp\/v2\/pages\/27364\/revisions\/31001"}],"wp:attachment":[{"href":"https:\/\/slivnica.si\/index.php?rest_route=%2Fwp%2Fv2%2Fmedia&parent=27364"}],"curies":[{"name":"wp","href":"https:\/\/api.w.org\/{rel}","templated":true}]}}