{"id":26947,"date":"2024-07-02T18:33:45","date_gmt":"2024-07-02T16:33:45","guid":{"rendered":"https:\/\/slivnica.splet.arnes.si\/?page_id=26947"},"modified":"2024-07-02T21:36:45","modified_gmt":"2024-07-02T19:36:45","slug":"all-year-round","status":"publish","type":"page","link":"https:\/\/slivnica.si\/?page_id=26947","title":{"rendered":"All Year Round"},"content":{"rendered":"<ul>\n<li>partnerske \u0161ole iz: Francije in Italije<\/li>\n<li>sodelujo\u010di u\u010denci: 6. r.<\/li>\n<li>TwinSpace: <a href=\"https:\/\/school-education.ec.europa.eu\/en\/etwinning\/projects\/all-year-round-0\/twinspace\" target=\"_blank\" rel=\"noopener\">https:\/\/school-education.ec.europa.eu\/en\/etwinning\/projects\/all-year-round-0\/twinspace<\/a><\/li>\n<\/ul>\n<p>V okviru celoletnega projekta <strong><em>All Year Round<\/em> <\/strong>so si u\u010denci dopisovali z vrstniki iz Francije, predstavili svojo \u0161olo in dr\u017eavo ter spoznavali partnerski \u0161oli in dr\u017eavi. Peli so tudi bo\u017ei\u010dne pesmi in si izmenjali bo\u017ei\u010dno-novoletne vo\u0161\u010dilnice po klasi\u010dni po\u0161ti. Zadnja dejavnost je bila branje knjige <a href=\"https:\/\/www.youtube.com\/watch?v=Udi3jtKfZeg\" target=\"_blank\" rel=\"noopener\"><em>I Didn&#8217;t Do My Homework Because \u2026<\/em><\/a> Po vzoru te knjige so si u\u010denci izmislili, napisali in ilustrirali svoje izgovore, zakaj niso naredili doma\u010de naloge.<\/p>\n<p><iframe loading=\"lazy\" class=\"wp-embedded-content\" sandbox=\"allow-scripts\" security=\"restricted\" title=\"I Didn&#039;t Do My Homework Because ...\" width=\"900\" height=\"675\" src=\"https:\/\/read.bookcreator.com\/tyBtCYmkr7TyRwtSP1gQI5FGKWv1\/b4pM6vt1T0KLWG71OIPdqQ#?secret=6nJb3zEshA\" data-secret=\"6nJb3zEshA\" frameborder=\"0\"><\/iframe><\/p>\n<p><a href=\"https:\/\/slivnica.si\/files\/2024\/07\/1st-letter-by-Slovenia_1-\u2013-kopija.jpg\"><img loading=\"lazy\" decoding=\"async\" class=\"alignleft size-full wp-image-26949\" src=\"https:\/\/slivnica.si\/files\/2024\/07\/1st-letter-by-Slovenia_1-\u2013-kopija.jpg\" alt=\"\" width=\"900\" height=\"507\" srcset=\"https:\/\/slivnica.si\/files\/2024\/07\/1st-letter-by-Slovenia_1-\u2013-kopija.jpg 900w, https:\/\/slivnica.si\/files\/2024\/07\/1st-letter-by-Slovenia_1-\u2013-kopija-300x169.jpg 300w, https:\/\/slivnica.si\/files\/2024\/07\/1st-letter-by-Slovenia_1-\u2013-kopija-768x433.jpg 768w\" sizes=\"(max-width: 900px) 100vw, 900px\" \/><\/a><\/p>\n","protected":false},"excerpt":{"rendered":"<p>partnerske \u0161ole iz: Francije in Italije sodelujo\u010di u\u010denci: 6. r. TwinSpace: https:\/\/school-education.ec.europa.eu\/en\/etwinning\/projects\/all-year-round-0\/twinspace V okviru celoletnega projekta All Year Round so si u\u010denci dopisovali z vrstniki iz Francije, predstavili svojo \u0161olo in dr\u017eavo ter spoznavali partnerski \u0161oli in dr\u017eavi. Peli so tudi bo\u017ei\u010dne pesmi in si izmenjali bo\u017ei\u010dno-novoletne vo\u0161\u010dilnice po klasi\u010dni po\u0161ti. Zadnja dejavnost je bila [&hellip;]<\/p>\n","protected":false},"author":4243,"featured_media":0,"parent":0,"menu_order":0,"comment_status":"closed","ping_status":"closed","template":"","meta":{"_et_pb_use_builder":"","_et_pb_old_content":"","_et_gb_content_width":"","ngg_post_thumbnail":0,"footnotes":"","_expiration-date-status":"","_expiration-date":0,"_expiration-date-type":"","_expiration-date-categories":[],"_expiration-date-options":[]},"class_list":["post-26947","page","type-page","status-publish","hentry"],"_links":{"self":[{"href":"https:\/\/slivnica.si\/index.php?rest_route=\/wp\/v2\/pages\/26947","targetHints":{"allow":["GET"]}}],"collection":[{"href":"https:\/\/slivnica.si\/index.php?rest_route=\/wp\/v2\/pages"}],"about":[{"href":"https:\/\/slivnica.si\/index.php?rest_route=\/wp\/v2\/types\/page"}],"author":[{"embeddable":true,"href":"https:\/\/slivnica.si\/index.php?rest_route=\/wp\/v2\/users\/4243"}],"replies":[{"embeddable":true,"href":"https:\/\/slivnica.si\/index.php?rest_route=%2Fwp%2Fv2%2Fcomments&post=26947"}],"version-history":[{"count":5,"href":"https:\/\/slivnica.si\/index.php?rest_route=\/wp\/v2\/pages\/26947\/revisions"}],"predecessor-version":[{"id":26983,"href":"https:\/\/slivnica.si\/index.php?rest_route=\/wp\/v2\/pages\/26947\/revisions\/26983"}],"wp:attachment":[{"href":"https:\/\/slivnica.si\/index.php?rest_route=%2Fwp%2Fv2%2Fmedia&parent=26947"}],"curies":[{"name":"wp","href":"https:\/\/api.w.org\/{rel}","templated":true}]}}