{"id":26936,"date":"2024-07-02T17:58:13","date_gmt":"2024-07-02T15:58:13","guid":{"rendered":"https:\/\/slivnica.splet.arnes.si\/?page_id=26936"},"modified":"2024-07-02T20:58:20","modified_gmt":"2024-07-02T18:58:20","slug":"its-okay-to-be-different","status":"publish","type":"page","link":"https:\/\/slivnica.si\/?page_id=26936","title":{"rendered":"It&#8217;s Okay to Be Different"},"content":{"rendered":"<ul>\n<li>partnerske \u0161ole iz: Francije, Gr\u010dije, Italije, Nem\u010dije in Poljske<\/li>\n<li>sodelujo\u010di u\u010denci: 6. in 7. r.<\/li>\n<li>TwinSpace: <a href=\"https:\/\/school-education.ec.europa.eu\/en\/etwinning\/projects\/its-okay-be-different-0\/twinspace\" target=\"_blank\" rel=\"noopener\">https:\/\/school-education.ec.europa.eu\/en\/etwinning\/projects\/its-okay-be-different-0\/twinspace<\/a><\/li>\n<\/ul>\n<p>Namen projekta je bil spodbujanje strpnosti in sprejemanje druga\u010dnosti, saj le-tako lahko kot dru\u017eba sobivamo v miru in so\u017eitju. Pri pouku angle\u0161\u010dine smo v ve\u010d razredih skupaj prebrali preprosto a povedno knjigo Todda Parra <strong><em><a role=\"link\" href=\"https:\/\/www.youtube.com\/watch?v=C1iXrIeoC6c\" target=\"_blank\" rel=\"noopener\">It\u2019s Okay to Be Different<\/a><\/em>&nbsp;(<em>V redu je, \u010de si druga\u010den<\/em>)<\/strong>. Po njegovem vzoru so nato u\u010denci 6. in 7. razreda ustvarili <strong><a role=\"link\" href=\"https:\/\/www.youtube.com\/watch?v=RRL0_6xJ084\" target=\"_blank\" rel=\"noopener\">svojo \u0161olsko knjigo<\/a><\/strong>, za katero so prispevali svoje misli in risbice. Knjigo smo objavili na mednarodni dan strpnosti, ki ga obele\u017eujemo 16. novembra.<\/p>\n<p>V okviru projekta je nastala tudi skupna mednarodna knjiga: <a role=\"link\" href=\"https:\/\/read.bookcreator.com\/1q6NbVQ2c4W80H8hl88XXAty1Ie2\/fy2AJbLdTGKQDZA7BxQUMA\/AYLX_AxMRlyZAoB81qiPTg\" target=\"_blank\" rel=\"noopener\"><strong>https:\/\/read.bookcreator.com\/1q6NbVQ2c4W80H8hl88XXAty1Ie2\/fy2AJbLdTGKQDZA7BxQUMA\/AYLX_AxMRlyZAoB81qiPTg<\/strong><\/a>.&nbsp;&nbsp;<\/p>\n<div style=\"width: 1080px;\" class=\"wp-video\"><video class=\"wp-video-shortcode\" id=\"video-26936-1\" width=\"1080\" height=\"608\" preload=\"metadata\" controls=\"controls\"><source type=\"video\/mp4\" src=\"https:\/\/slivnica.si\/files\/2023\/11\/Its-Okay-to-Be-Different_by-Slovenia.mp4?_=1\" \/><a href=\"https:\/\/slivnica.si\/files\/2023\/11\/Its-Okay-to-Be-Different_by-Slovenia.mp4\">https:\/\/slivnica.si\/files\/2023\/11\/Its-Okay-to-Be-Different_by-Slovenia.mp4<\/a><\/video><\/div>\n<p>&nbsp;<\/p>\n<p><iframe loading=\"lazy\" class=\"wp-embedded-content\" sandbox=\"allow-scripts\" security=\"restricted\" title=\"It&#039;s okay to be different (eTwinning project)\" width=\"900\" height=\"675\" src=\"https:\/\/read.bookcreator.com\/1q6NbVQ2c4W80H8hl88XXAty1Ie2\/fy2AJbLdTGKQDZA7BxQUMA#?secret=zlCB9RbCTn\" data-secret=\"zlCB9RbCTn\" frameborder=\"0\"><\/iframe><\/p>\n","protected":false},"excerpt":{"rendered":"<p>partnerske \u0161ole iz: Francije, Gr\u010dije, Italije, Nem\u010dije in Poljske sodelujo\u010di u\u010denci: 6. in 7. r. TwinSpace: https:\/\/school-education.ec.europa.eu\/en\/etwinning\/projects\/its-okay-be-different-0\/twinspace Namen projekta je bil spodbujanje strpnosti in sprejemanje druga\u010dnosti, saj le-tako lahko kot dru\u017eba sobivamo v miru in so\u017eitju. Pri pouku angle\u0161\u010dine smo v ve\u010d razredih skupaj prebrali preprosto a povedno knjigo Todda Parra It\u2019s Okay to Be [&hellip;]<\/p>\n","protected":false},"author":4243,"featured_media":0,"parent":0,"menu_order":0,"comment_status":"closed","ping_status":"closed","template":"","meta":{"_et_pb_use_builder":"","_et_pb_old_content":"","_et_gb_content_width":"","ngg_post_thumbnail":0,"footnotes":"","_expiration-date-status":"","_expiration-date":0,"_expiration-date-type":"","_expiration-date-categories":[],"_expiration-date-options":[]},"class_list":["post-26936","page","type-page","status-publish","hentry"],"_links":{"self":[{"href":"https:\/\/slivnica.si\/index.php?rest_route=\/wp\/v2\/pages\/26936","targetHints":{"allow":["GET"]}}],"collection":[{"href":"https:\/\/slivnica.si\/index.php?rest_route=\/wp\/v2\/pages"}],"about":[{"href":"https:\/\/slivnica.si\/index.php?rest_route=\/wp\/v2\/types\/page"}],"author":[{"embeddable":true,"href":"https:\/\/slivnica.si\/index.php?rest_route=\/wp\/v2\/users\/4243"}],"replies":[{"embeddable":true,"href":"https:\/\/slivnica.si\/index.php?rest_route=%2Fwp%2Fv2%2Fcomments&post=26936"}],"version-history":[{"count":7,"href":"https:\/\/slivnica.si\/index.php?rest_route=\/wp\/v2\/pages\/26936\/revisions"}],"predecessor-version":[{"id":26980,"href":"https:\/\/slivnica.si\/index.php?rest_route=\/wp\/v2\/pages\/26936\/revisions\/26980"}],"wp:attachment":[{"href":"https:\/\/slivnica.si\/index.php?rest_route=%2Fwp%2Fv2%2Fmedia&parent=26936"}],"curies":[{"name":"wp","href":"https:\/\/api.w.org\/{rel}","templated":true}]}}