{"id":26921,"date":"2024-07-02T17:08:53","date_gmt":"2024-07-02T15:08:53","guid":{"rendered":"https:\/\/slivnica.splet.arnes.si\/?page_id=26921"},"modified":"2024-07-02T20:57:32","modified_gmt":"2024-07-02T18:57:32","slug":"european-day-of-languages-2023-in-different-but-alike-edl-2023","status":"publish","type":"page","link":"https:\/\/slivnica.si\/?page_id=26921","title":{"rendered":"European Day of Languages 2023 &amp; Different but alike! EDL 2023"},"content":{"rendered":"<p><strong>a)<\/strong> <em style=\"font-weight: bold\">European Day of Languages 2023<\/em><\/p>\n<ul>\n<li>partnerske \u0161ole iz: Albanije, Bolgarije, Gr\u010dije, Gruzije, Italije, Nem\u010dije, Poljske, Portugalske, Romunije in \u0160panije<\/li>\n<li>sodelujo\u010di u\u010denci: 7. r.<\/li>\n<li>TwinSpace: <a href=\"https:\/\/school-education.ec.europa.eu\/en\/etwinning\/projects\/european-day-languages-2023\/twinspace\" target=\"_blank\" rel=\"noopener\">https:\/\/school-education.ec.europa.eu\/en\/etwinning\/projects\/european-day-languages-2023\/twinspace<\/a><\/li>\n<\/ul>\n<p>U\u010denci so najprej raziskali, katere jezike poleg sloven\u0161\u010dine \u0161e govorijo ali razumejo u\u010denci na\u0161e \u0161ole, nato so izdelali plakat, ki je vseboval vo\u0161\u010dilo &#8220;Vesel evropski dan jezikov 2023!&#8221; v vseh jezikih, ki jih govorijo ali razumejo u\u010denci na\u0161e \u0161ole. Namen plakata je bilo sporo\u010dilo, da smo vsi del na\u0161e \u0161ole &#8211; da se lahko po\u010dutimo sprejeti in vklju\u010deni, saj nas na\u0161e jezikovno in kulturno ozadje bogati. Plakat smo obesili v \u0161olskem prostoru. Sledilo je <strong><a href=\"https:\/\/padlet.com\/Lilijanaja\/competition-time-boac6v3j23ev8sr2\" target=\"_blank\" rel=\"noopener\">tekmovanje za najbolj\u0161i plakat<\/a><\/strong>: na\u0161 plakat smo, tako kot na\u0161e partnerske \u0161ole, objavili v spletno u\u010dilnico projekta. U\u010denci so si ogledali plakate vseh sodelujo\u010dih \u0161ol in glasovali za najbolj\u0161i plakat. Prvi \u0161tirje plakati, ki so prejeli najve\u010d v\u0161e\u010dkov, so bili razgla\u0161eni za zmagovalce, njihovi avtorji so prejeli posebne certifikate.<\/p>\n<p><a href=\"https:\/\/slivnica.si\/files\/2024\/07\/EDL-poster_OS-Slivnica-pri-Celju-Slovenia-scaled.jpg\"><img loading=\"lazy\" decoding=\"async\" class=\"alignleft size-large wp-image-26927\" src=\"https:\/\/slivnica.si\/files\/2024\/07\/EDL-poster_OS-Slivnica-pri-Celju-Slovenia-1024x353.jpg\" alt=\"\" width=\"1024\" height=\"353\" srcset=\"https:\/\/slivnica.si\/files\/2024\/07\/EDL-poster_OS-Slivnica-pri-Celju-Slovenia-1024x353.jpg 1024w, https:\/\/slivnica.si\/files\/2024\/07\/EDL-poster_OS-Slivnica-pri-Celju-Slovenia-300x104.jpg 300w, https:\/\/slivnica.si\/files\/2024\/07\/EDL-poster_OS-Slivnica-pri-Celju-Slovenia-768x265.jpg 768w, https:\/\/slivnica.si\/files\/2024\/07\/EDL-poster_OS-Slivnica-pri-Celju-Slovenia-1536x530.jpg 1536w, https:\/\/slivnica.si\/files\/2024\/07\/EDL-poster_OS-Slivnica-pri-Celju-Slovenia-2048x707.jpg 2048w, https:\/\/slivnica.si\/files\/2024\/07\/EDL-poster_OS-Slivnica-pri-Celju-Slovenia-1080x373.jpg 1080w\" sizes=\"(max-width: 1024px) 100vw, 1024px\" \/><\/a><\/p>\n<p>&nbsp;<\/p>\n<p><strong>b) <em>Different but alike! EDL 2023<\/em><\/strong><\/p>\n<ul>\n<li>partnerske \u0161ole iz: <em>Francije,<\/em> <em>Gr\u010dije,<\/em> <em>Italije,<\/em> <em>Mad\u017earske,<\/em> <em>Nem\u010dije, Norve\u0161ke,<\/em> <em>Poljske, Portugalske,<\/em> <em>\u0160panije<\/em><\/li>\n<li>sodelujo\u010di u\u010denci: 7. r., 9. r.<\/li>\n<li>TwinSpace: <a href=\"https:\/\/school-education.ec.europa.eu\/en\/etwinning\/projects\/different-alike-edl-2023\/twinspace\" target=\"_blank\" rel=\"noopener\">https:\/\/school-education.ec.europa.eu\/en\/etwinning\/projects\/different-alike-edl-2023\/twinspace<\/a><\/li>\n<\/ul>\n<p>Sedmo\u0161olci so izdelali vo\u0161\u010dilnice, s katerimi so partnerskim \u0161olam vo\u0161\u010dili vesel evropski dan jezikov 2023. V vo\u0161\u010dilnice so napisali tudi kraj\u0161o osebno predstavitev v svojem maternem jeziku (besedilo je bilo za vse partnerske \u0161ole v naprej dolo\u010deno), vo\u0161\u010dilnice so po \u017eelji tudi okrasili. Vo\u0161\u010dilnice so bile po klasi\u010dni po\u0161ti poslane na 23 \u0161ol po Evropi. Ko smo prejeli vo\u0161\u010dilnice s partnerskih \u0161ol, so se u\u010denci presku\u0161ali v branju teh jezikov, jih ugibali in ugotavljali podobnosti in razlike med na\u0161imi jeziki. V \u0161olski avli smo pripravili razstavo vseh prejetih vo\u0161\u010dilnic. Enajst u\u010dencev 9. razreda se je v projekt vklju\u010dilo naknadno. Sodelovali so v dodatni dejavnost projekta, in sicer so si dopisovali z vrstniki iz Madeire.<\/p>\n<p><a href=\"https:\/\/slivnica.si\/files\/2024\/07\/EDL-cards-by-OS-Slivnica-pri-Celju-Slovenia.jpg\"><img loading=\"lazy\" decoding=\"async\" class=\"alignleft size-full wp-image-26928\" src=\"https:\/\/slivnica.si\/files\/2024\/07\/EDL-cards-by-OS-Slivnica-pri-Celju-Slovenia.jpg\" alt=\"\" width=\"1000\" height=\"558\" srcset=\"https:\/\/slivnica.si\/files\/2024\/07\/EDL-cards-by-OS-Slivnica-pri-Celju-Slovenia.jpg 1000w, https:\/\/slivnica.si\/files\/2024\/07\/EDL-cards-by-OS-Slivnica-pri-Celju-Slovenia-300x167.jpg 300w, https:\/\/slivnica.si\/files\/2024\/07\/EDL-cards-by-OS-Slivnica-pri-Celju-Slovenia-768x429.jpg 768w\" sizes=\"(max-width: 1000px) 100vw, 1000px\" \/><\/a><\/p>\n","protected":false},"excerpt":{"rendered":"<p>a) European Day of Languages 2023 partnerske \u0161ole iz: Albanije, Bolgarije, Gr\u010dije, Gruzije, Italije, Nem\u010dije, Poljske, Portugalske, Romunije in \u0160panije sodelujo\u010di u\u010denci: 7. r. TwinSpace: https:\/\/school-education.ec.europa.eu\/en\/etwinning\/projects\/european-day-languages-2023\/twinspace U\u010denci so najprej raziskali, katere jezike poleg sloven\u0161\u010dine \u0161e govorijo ali razumejo u\u010denci na\u0161e \u0161ole, nato so izdelali plakat, ki je vseboval vo\u0161\u010dilo &#8220;Vesel evropski dan jezikov 2023!&#8221; v [&hellip;]<\/p>\n","protected":false},"author":4243,"featured_media":0,"parent":0,"menu_order":0,"comment_status":"closed","ping_status":"closed","template":"","meta":{"_et_pb_use_builder":"","_et_pb_old_content":"","_et_gb_content_width":"","ngg_post_thumbnail":0,"footnotes":"","_expiration-date-status":"","_expiration-date":0,"_expiration-date-type":"","_expiration-date-categories":[],"_expiration-date-options":[]},"class_list":["post-26921","page","type-page","status-publish","hentry"],"_links":{"self":[{"href":"https:\/\/slivnica.si\/index.php?rest_route=\/wp\/v2\/pages\/26921","targetHints":{"allow":["GET"]}}],"collection":[{"href":"https:\/\/slivnica.si\/index.php?rest_route=\/wp\/v2\/pages"}],"about":[{"href":"https:\/\/slivnica.si\/index.php?rest_route=\/wp\/v2\/types\/page"}],"author":[{"embeddable":true,"href":"https:\/\/slivnica.si\/index.php?rest_route=\/wp\/v2\/users\/4243"}],"replies":[{"embeddable":true,"href":"https:\/\/slivnica.si\/index.php?rest_route=%2Fwp%2Fv2%2Fcomments&post=26921"}],"version-history":[{"count":7,"href":"https:\/\/slivnica.si\/index.php?rest_route=\/wp\/v2\/pages\/26921\/revisions"}],"predecessor-version":[{"id":26979,"href":"https:\/\/slivnica.si\/index.php?rest_route=\/wp\/v2\/pages\/26921\/revisions\/26979"}],"wp:attachment":[{"href":"https:\/\/slivnica.si\/index.php?rest_route=%2Fwp%2Fv2%2Fmedia&parent=26921"}],"curies":[{"name":"wp","href":"https:\/\/api.w.org\/{rel}","templated":true}]}}