{"id":26915,"date":"2024-07-02T09:08:49","date_gmt":"2024-07-02T07:08:49","guid":{"rendered":"https:\/\/slivnica.splet.arnes.si\/?page_id=26915"},"modified":"2024-07-02T09:08:49","modified_gmt":"2024-07-02T07:08:49","slug":"projekt-pasavcek","status":"publish","type":"page","link":"https:\/\/slivnica.si\/?page_id=26915","title":{"rendered":"Projekt Pasav\u010dek"},"content":{"rendered":"<p>Osnovni namen projekta je<strong> spodbujanje pravilne uporabe otro\u0161kih varnostnih sede\u017eev ter varnostnih pasov<\/strong> <strong>med vo\u017enjo v avtomobilu.<\/strong> Osrednja figura projekta je <strong>lik Pasav\u010dka<\/strong>, ki na prijazen na\u010din opozarja otroke: <em><strong>Red je vedno pas pripet!<\/strong><\/em> Aktivnosti v okviru projekta Pasav\u010dek potekajo po principih projektnega dela z razli\u010dnimi oblikami in metodami dela ter vsebinami, ki jih izbere u\u010ditelj.<\/p>\n<p>Agencija za varnost prometa s projektom spodbuja k varnemu prevozu otrok, dosledni uporabi varnostnih pasov, tudi na najkraj\u0161ih poteh ter ozave\u0161\u010da o pravilni uporabi otro\u0161kih varnostnih sede\u017eev. Ta projekt pomembno pripomore k ve\u010dji ozave\u0161\u010denosti glede varnosti med najmlaj\u0161imi udele\u017eenci v prometu, njihovimi prijatelji, star\u0161i, skrbniki in drugimi dru\u017einskimi \u010dlani.<br \/>\nVe\u010d o projektu si lahko preberete v knji\u017eici <a href=\"https:\/\/www.avp-rs.si\/wp-content\/uploads\/2012\/02\/red-je-vedno-pas-pripet.pdf\" target=\"_blank\" rel=\"noopener\"><em>Red je vedno pas pripet<\/em><\/a>.<\/p>\n<p>V \u0161olskem letu 2023\/24 so bili v projekt vklju\u010deni u\u010denci 1. razreda na O\u0160 Slivnica pri Celju in u\u010denci P\u0160 Loka pri \u017dusmu 1., 2, in 3. razred.<\/p>\n","protected":false},"excerpt":{"rendered":"<p>Osnovni namen projekta je spodbujanje pravilne uporabe otro\u0161kih varnostnih sede\u017eev ter varnostnih pasov med vo\u017enjo v avtomobilu. Osrednja figura projekta je lik Pasav\u010dka, ki na prijazen na\u010din opozarja otroke: Red je vedno pas pripet! Aktivnosti v okviru projekta Pasav\u010dek potekajo po principih projektnega dela z razli\u010dnimi oblikami in metodami dela ter vsebinami, ki jih izbere [&hellip;]<\/p>\n","protected":false},"author":91868,"featured_media":0,"parent":0,"menu_order":0,"comment_status":"closed","ping_status":"closed","template":"","meta":{"_et_pb_use_builder":"","_et_pb_old_content":"","_et_gb_content_width":"","ngg_post_thumbnail":0,"footnotes":"","_expiration-date-status":"","_expiration-date":0,"_expiration-date-type":"","_expiration-date-categories":[],"_expiration-date-options":[]},"class_list":["post-26915","page","type-page","status-publish","hentry"],"_links":{"self":[{"href":"https:\/\/slivnica.si\/index.php?rest_route=\/wp\/v2\/pages\/26915","targetHints":{"allow":["GET"]}}],"collection":[{"href":"https:\/\/slivnica.si\/index.php?rest_route=\/wp\/v2\/pages"}],"about":[{"href":"https:\/\/slivnica.si\/index.php?rest_route=\/wp\/v2\/types\/page"}],"author":[{"embeddable":true,"href":"https:\/\/slivnica.si\/index.php?rest_route=\/wp\/v2\/users\/91868"}],"replies":[{"embeddable":true,"href":"https:\/\/slivnica.si\/index.php?rest_route=%2Fwp%2Fv2%2Fcomments&post=26915"}],"version-history":[{"count":1,"href":"https:\/\/slivnica.si\/index.php?rest_route=\/wp\/v2\/pages\/26915\/revisions"}],"predecessor-version":[{"id":26916,"href":"https:\/\/slivnica.si\/index.php?rest_route=\/wp\/v2\/pages\/26915\/revisions\/26916"}],"wp:attachment":[{"href":"https:\/\/slivnica.si\/index.php?rest_route=%2Fwp%2Fv2%2Fmedia&parent=26915"}],"curies":[{"name":"wp","href":"https:\/\/api.w.org\/{rel}","templated":true}]}}