{"id":26908,"date":"2024-07-01T13:39:03","date_gmt":"2024-07-01T11:39:03","guid":{"rendered":"https:\/\/slivnica.splet.arnes.si\/?page_id=26908"},"modified":"2024-07-01T13:39:03","modified_gmt":"2024-07-01T11:39:03","slug":"pozdrav-ptic-miru","status":"publish","type":"page","link":"https:\/\/slivnica.si\/?page_id=26908","title":{"rendered":"Pozdrav ptic miru"},"content":{"rendered":"<p>Na na\u0161i \u0161oli \u017ee nekaj let zapored sodelujemo v mednarodnem projektu \u00bbPozdrav ptic miru\u00ab. V projektu sodelujejo u\u010denci razredne stopnje mati\u010dne \u0161ole in obeh podru\u017enic.<\/p>\n<p>Namen projekta je ozave\u0161\u010dati u\u010dence o pomenu miru in vzdr\u017eevanju dobrih medsebojnih odnosov v \u0161oli, doma in nasploh po svetu. Pomembno se nam zdi, da \u017ee pri na\u0161ih najmlaj\u0161ih u\u010dencih za\u010dnemo spodbujati in krepiti vrednote kot so strpnost, spo\u0161tovanje, medsebojna pomo\u010d in sodelovanje.<\/p>\n<p><strong>Cilji projekta so:<\/strong><br \/>\n&#8211; razvijanje socialnih ve\u0161\u010din za strpno sobivanje in oblikovanje kulturnega dialoga,<br \/>\n&#8211; razvijanje dr\u017eavljanskih kompetenc,<br \/>\n&#8211; aktivno vklju\u010devanje v spreminjanje dru\u017ebenega \u017eivljenja,<br \/>\n&#8211; spodbujanje pozitivnih misli in optimisti\u010dnega ravnanja.<\/p>\n<p><strong>\u0160olsko leto 2023\/2024<\/strong><br \/>\nV tem \u0161olskem letu so u\u010denci v podalj\u0161anem bivanju izdelovali pisane ptice miru s pozitivnim sporo\u010dilom, ki so jih ponesli domov in jih razdelili med zaposlene na \u0161oli.<\/p>\n<p>Igrali so se razli\u010dne gibalne, dru\u017eabne in socialne igre, s katerimi so razvijali strpnost, medsebojno sodelovanje in mirno re\u0161evanje konfliktov.<\/p>\n","protected":false},"excerpt":{"rendered":"<p>Na na\u0161i \u0161oli \u017ee nekaj let zapored sodelujemo v mednarodnem projektu \u00bbPozdrav ptic miru\u00ab. V projektu sodelujejo u\u010denci razredne stopnje mati\u010dne \u0161ole in obeh podru\u017enic. Namen projekta je ozave\u0161\u010dati u\u010dence o pomenu miru in vzdr\u017eevanju dobrih medsebojnih odnosov v \u0161oli, doma in nasploh po svetu. Pomembno se nam zdi, da \u017ee pri na\u0161ih najmlaj\u0161ih u\u010dencih [&hellip;]<\/p>\n","protected":false},"author":91868,"featured_media":0,"parent":0,"menu_order":0,"comment_status":"closed","ping_status":"closed","template":"","meta":{"_et_pb_use_builder":"","_et_pb_old_content":"","_et_gb_content_width":"","ngg_post_thumbnail":0,"footnotes":"","_expiration-date-status":"","_expiration-date":0,"_expiration-date-type":"","_expiration-date-categories":[],"_expiration-date-options":[]},"class_list":["post-26908","page","type-page","status-publish","hentry"],"_links":{"self":[{"href":"https:\/\/slivnica.si\/index.php?rest_route=\/wp\/v2\/pages\/26908","targetHints":{"allow":["GET"]}}],"collection":[{"href":"https:\/\/slivnica.si\/index.php?rest_route=\/wp\/v2\/pages"}],"about":[{"href":"https:\/\/slivnica.si\/index.php?rest_route=\/wp\/v2\/types\/page"}],"author":[{"embeddable":true,"href":"https:\/\/slivnica.si\/index.php?rest_route=\/wp\/v2\/users\/91868"}],"replies":[{"embeddable":true,"href":"https:\/\/slivnica.si\/index.php?rest_route=%2Fwp%2Fv2%2Fcomments&post=26908"}],"version-history":[{"count":1,"href":"https:\/\/slivnica.si\/index.php?rest_route=\/wp\/v2\/pages\/26908\/revisions"}],"predecessor-version":[{"id":26909,"href":"https:\/\/slivnica.si\/index.php?rest_route=\/wp\/v2\/pages\/26908\/revisions\/26909"}],"wp:attachment":[{"href":"https:\/\/slivnica.si\/index.php?rest_route=%2Fwp%2Fv2%2Fmedia&parent=26908"}],"curies":[{"name":"wp","href":"https:\/\/api.w.org\/{rel}","templated":true}]}}