{"id":26847,"date":"2024-06-24T14:01:10","date_gmt":"2024-06-24T12:01:10","guid":{"rendered":"https:\/\/slivnica.splet.arnes.si\/?page_id=26847"},"modified":"2024-07-16T22:55:30","modified_gmt":"2024-07-16T20:55:30","slug":"varno-s-soncem","status":"publish","type":"page","link":"https:\/\/slivnica.si\/?page_id=26847","title":{"rendered":"Varno s soncem"},"content":{"rendered":"<p>Cilj programa <strong>Varno s soncem<\/strong> je seznanjanje \u0161olarjev o \u0161kodljivih posledicah delovanja son\u010dnih \u017earkov in ukrepih, s katerimi lahko nastanek teh posledic u\u010dinkovito prepre\u010dimo oziroma zmanj\u0161amo.<\/p>\n<p>Ve\u010d o programu: <a href=\"https:\/\/nijz.si\/programi\/program-varno-s-soncem\/\" target=\"_blank\" rel=\"noopener\">https:\/\/nijz.si\/programi\/program-varno-s-soncem\/<\/a><\/p>\n<p><a href=\"https:\/\/slivnica.si\/files\/2024\/07\/dan-sonca-priporocila.jpg\"><img loading=\"lazy\" decoding=\"async\" class=\"alignleft size-large wp-image-26955\" src=\"https:\/\/slivnica.si\/files\/2024\/07\/dan-sonca-priporocila-1024x576.jpg\" alt=\"\" width=\"1024\" height=\"576\" srcset=\"https:\/\/slivnica.si\/files\/2024\/07\/dan-sonca-priporocila-1024x576.jpg 1024w, https:\/\/slivnica.si\/files\/2024\/07\/dan-sonca-priporocila-300x169.jpg 300w, https:\/\/slivnica.si\/files\/2024\/07\/dan-sonca-priporocila-768x432.jpg 768w, https:\/\/slivnica.si\/files\/2024\/07\/dan-sonca-priporocila-1080x608.jpg 1080w, https:\/\/slivnica.si\/files\/2024\/07\/dan-sonca-priporocila.jpg 1280w\" sizes=\"(max-width: 1024px) 100vw, 1024px\" \/><\/a><\/p>\n<p>&nbsp;<\/p>\n<p><iframe loading=\"lazy\" title=\"O ultravijoli\u010dnem sevanju in njegovih u\u010dinkih na zdravje\" width=\"1080\" height=\"608\" src=\"https:\/\/www.youtube.com\/embed\/_SB02KOZLbE?feature=oembed\" frameborder=\"0\" allow=\"accelerometer; autoplay; clipboard-write; encrypted-media; gyroscope; picture-in-picture; web-share\" referrerpolicy=\"strict-origin-when-cross-origin\" allowfullscreen><\/iframe><\/p>\n","protected":false},"excerpt":{"rendered":"<p>Cilj programa Varno s soncem je seznanjanje \u0161olarjev o \u0161kodljivih posledicah delovanja son\u010dnih \u017earkov in ukrepih, s katerimi lahko nastanek teh posledic u\u010dinkovito prepre\u010dimo oziroma zmanj\u0161amo. Ve\u010d o programu: https:\/\/nijz.si\/programi\/program-varno-s-soncem\/ &nbsp;<\/p>\n","protected":false},"author":4243,"featured_media":0,"parent":0,"menu_order":0,"comment_status":"closed","ping_status":"closed","template":"","meta":{"_et_pb_use_builder":"","_et_pb_old_content":"","_et_gb_content_width":"","ngg_post_thumbnail":0,"footnotes":"","_expiration-date-status":"","_expiration-date":0,"_expiration-date-type":"","_expiration-date-categories":[],"_expiration-date-options":[]},"class_list":["post-26847","page","type-page","status-publish","hentry"],"_links":{"self":[{"href":"https:\/\/slivnica.si\/index.php?rest_route=\/wp\/v2\/pages\/26847","targetHints":{"allow":["GET"]}}],"collection":[{"href":"https:\/\/slivnica.si\/index.php?rest_route=\/wp\/v2\/pages"}],"about":[{"href":"https:\/\/slivnica.si\/index.php?rest_route=\/wp\/v2\/types\/page"}],"author":[{"embeddable":true,"href":"https:\/\/slivnica.si\/index.php?rest_route=\/wp\/v2\/users\/4243"}],"replies":[{"embeddable":true,"href":"https:\/\/slivnica.si\/index.php?rest_route=%2Fwp%2Fv2%2Fcomments&post=26847"}],"version-history":[{"count":5,"href":"https:\/\/slivnica.si\/index.php?rest_route=\/wp\/v2\/pages\/26847\/revisions"}],"predecessor-version":[{"id":27003,"href":"https:\/\/slivnica.si\/index.php?rest_route=\/wp\/v2\/pages\/26847\/revisions\/27003"}],"wp:attachment":[{"href":"https:\/\/slivnica.si\/index.php?rest_route=%2Fwp%2Fv2%2Fmedia&parent=26847"}],"curies":[{"name":"wp","href":"https:\/\/api.w.org\/{rel}","templated":true}]}}