{"id":26845,"date":"2024-06-24T13:51:17","date_gmt":"2024-06-24T11:51:17","guid":{"rendered":"https:\/\/slivnica.splet.arnes.si\/?page_id=26845"},"modified":"2025-01-04T15:46:01","modified_gmt":"2025-01-04T14:46:01","slug":"etwinning","status":"publish","type":"page","link":"https:\/\/slivnica.si\/?page_id=26845","title":{"rendered":"eTwinning"},"content":{"rendered":"<p>Na\u0161a \u0161ola sodeluje v<b>&nbsp;eTwinning projektih&nbsp;<\/b>od \u0161olskega leta 2014\/2015 dalje. To so mednarodni projekti, v katerih u\u010denci sodelujejo z vrstniki iz Evrope in drugod po svetu. Tovrstni projekti popestrijo in osmislijo pouk razli\u010dnih \u0161olskih predmetov, u\u010denci v okviru le-teh spoznavajo&nbsp;podobnosti in raznolikosti (ne)evropskih dr\u017eav, krepijo svojo lastno identiteto in zavedanje o pomembnosti sodelovanja in sobivanja, izbolj\u0161ajo lahko tudi svoje IKT kompetence.&nbsp;<\/p>\n<p>&nbsp;<\/p>\n<p><span style=\"color: #ff6600\"><strong>\u0160olsko leto 2024\/2025:<\/strong><\/span><\/p>\n<p><span style=\"color: #008000\"><a style=\"color: #008000\" href=\"https:\/\/slivnica.si\/?page_id=28631\" target=\"_blank\" rel=\"noopener\"><strong><span style=\"color: #008080\">Discovering new places, cultures and traditions<\/span><\/strong><\/a><\/span><\/p>\n<p>&nbsp;<\/p>\n<p><span style=\"color: #ff6600\"><strong>\u0160olsko leto 2023\/2024:<\/strong><\/span><\/p>\n<p><strong>1) <span style=\"color: #008080\"><a style=\"color: #008080\" href=\"https:\/\/slivnica.si\/?page_id=26921\" target=\"_blank\" rel=\"noopener\">European Day of Languages 2023 <\/a><\/span><\/strong><span style=\"color: #008080\"><a style=\"color: #008080\" href=\"https:\/\/slivnica.si\/?page_id=26921\" target=\"_blank\" rel=\"noopener\">in <strong>Different but alike! EDL 2023<\/strong><\/a><\/span><\/p>\n<p><strong>2) <span style=\"color: #008080\"><a style=\"color: #008080\" href=\"https:\/\/slivnica.si\/?page_id=26936\" target=\"_blank\" rel=\"noopener\">It&#8217;s Okay to Be Different<\/a><\/span><\/strong><\/p>\n<p><strong>3) <span style=\"color: #008080\"><a style=\"color: #008080\" href=\"https:\/\/slivnica.si\/?page_id=26947\" target=\"_blank\" rel=\"noopener\">All Year Round<\/a><\/span><\/strong><\/p>\n<p><strong>4) <span style=\"color: #008080\"><a style=\"color: #008080\" href=\"https:\/\/slivnica.si\/?page_id=26957\" target=\"_blank\" rel=\"noopener\">Fairy Tales<\/a><\/span><\/strong><\/p>\n<p><strong>5) <span style=\"color: #008080\"><a style=\"color: #008080\" href=\"https:\/\/slivnica.si\/?page_id=26971\" target=\"_blank\" rel=\"noopener\">Deutsch f\u00fcr alle, alle f\u00fcr Deutsch<\/a><\/span><\/strong><\/p>\n<p>&nbsp;<\/p>\n<p><span style=\"color: #ff9900\"><strong>Pretekli eTwinning projekti:<\/strong><\/span><\/p>\n<p>\u27a1\ufe0f angle\u0161\u010dina: <a href=\"https:\/\/glincaenglish.wordpress.com\/friends-trends\/\" target=\"_blank\" rel=\"noopener\">https:\/\/glincaenglish.wordpress.com\/friends-trends\/<\/a><\/p>\n<p>\u27a1\ufe0f nem\u0161\u010dina: <a href=\"https:\/\/glincadeutsch.wordpress.com\/projekte\/\" target=\"_blank\" rel=\"noopener\">https:\/\/glincadeutsch.wordpress.com\/projekte\/<\/a><\/p>\n","protected":false},"excerpt":{"rendered":"<p>Na\u0161a \u0161ola sodeluje v&nbsp;eTwinning projektih&nbsp;od \u0161olskega leta 2014\/2015 dalje. To so mednarodni projekti, v katerih u\u010denci sodelujejo z vrstniki iz Evrope in drugod po svetu. Tovrstni projekti popestrijo in osmislijo pouk razli\u010dnih \u0161olskih predmetov, u\u010denci v okviru le-teh spoznavajo&nbsp;podobnosti in raznolikosti (ne)evropskih dr\u017eav, krepijo svojo lastno identiteto in zavedanje o pomembnosti sodelovanja in sobivanja, izbolj\u0161ajo [&hellip;]<\/p>\n","protected":false},"author":4243,"featured_media":0,"parent":0,"menu_order":0,"comment_status":"closed","ping_status":"closed","template":"","meta":{"_et_pb_use_builder":"","_et_pb_old_content":"","_et_gb_content_width":"","ngg_post_thumbnail":0,"footnotes":"","_expiration-date-status":"","_expiration-date":0,"_expiration-date-type":"","_expiration-date-categories":[],"_expiration-date-options":[]},"class_list":["post-26845","page","type-page","status-publish","hentry"],"_links":{"self":[{"href":"https:\/\/slivnica.si\/index.php?rest_route=\/wp\/v2\/pages\/26845","targetHints":{"allow":["GET"]}}],"collection":[{"href":"https:\/\/slivnica.si\/index.php?rest_route=\/wp\/v2\/pages"}],"about":[{"href":"https:\/\/slivnica.si\/index.php?rest_route=\/wp\/v2\/types\/page"}],"author":[{"embeddable":true,"href":"https:\/\/slivnica.si\/index.php?rest_route=\/wp\/v2\/users\/4243"}],"replies":[{"embeddable":true,"href":"https:\/\/slivnica.si\/index.php?rest_route=%2Fwp%2Fv2%2Fcomments&post=26845"}],"version-history":[{"count":15,"href":"https:\/\/slivnica.si\/index.php?rest_route=\/wp\/v2\/pages\/26845\/revisions"}],"predecessor-version":[{"id":28641,"href":"https:\/\/slivnica.si\/index.php?rest_route=\/wp\/v2\/pages\/26845\/revisions\/28641"}],"wp:attachment":[{"href":"https:\/\/slivnica.si\/index.php?rest_route=%2Fwp%2Fv2%2Fmedia&parent=26845"}],"curies":[{"name":"wp","href":"https:\/\/api.w.org\/{rel}","templated":true}]}}