{"id":25467,"date":"2024-03-18T09:15:56","date_gmt":"2024-03-18T08:15:56","guid":{"rendered":"https:\/\/slivnica.splet.arnes.si\/?page_id=25467"},"modified":"2024-06-19T11:35:13","modified_gmt":"2024-06-19T09:35:13","slug":"ko-di-ram","status":"publish","type":"page","link":"https:\/\/slivnica.si\/?page_id=25467","title":{"rendered":"KO-DI-RAM"},"content":{"rendered":"<p>[et_pb_section admin_label=&#8221;section&#8221;]<br \/>\n\t\t\t[et_pb_row admin_label=&#8221;row&#8221;]<br \/>\n\t\t\t\t[et_pb_column type=&#8221;4_4&#8243;][et_pb_text admin_label=&#8221;Text&#8221;]<\/p>\n<h2><strong><a href=\"https:\/\/slivnica.si\/files\/2024\/03\/Pasica_KO-DI-RAM.png\"><img loading=\"lazy\" decoding=\"async\" class=\"aligncenter size-full wp-image-25472\" src=\"https:\/\/slivnica.si\/files\/2024\/03\/Pasica_KO-DI-RAM.png\" alt=\"\" width=\"872\" height=\"103\" srcset=\"https:\/\/slivnica.si\/files\/2024\/03\/Pasica_KO-DI-RAM.png 872w, https:\/\/slivnica.si\/files\/2024\/03\/Pasica_KO-DI-RAM-300x35.png 300w, https:\/\/slivnica.si\/files\/2024\/03\/Pasica_KO-DI-RAM-768x91.png 768w\" sizes=\"(max-width: 872px) 100vw, 872px\" \/><\/a><\/strong><\/h2>\n<h2>&nbsp;<\/h2>\n<h2>Projekt <strong>KO-DI-RAM II: Digitalne kompetence in ra\u010dunalni\u0161ko mi\u0161ljenje<\/strong><\/h2>\n<p>&nbsp;<\/p>\n<p>Projekt KO-DI-RAM II krepi in razvija digitalne kompetence osnovno\u0161olcev in dijakov po Sloveniji. Skozi serijo delavnic programiranja, varnosti na spletu, netikete in uporabe razli\u010dnih digitalnih orodij otroci in mladi pridobivajo temeljna znanja iz ra\u010dunalni\u0161tva in informatike ter krepijo svoje digitalne kompetence.<\/p>\n<p>V projektu sodelujejo Zavod 404, Fakulteta za ra\u010dunalni\u0161tvo in informatiko ter Fakulteta za matematiko in fiziko, s skupino u\u010diteljev in drugih izvajalcev po vsej Sloveniji. Je nadaljevanje uspe\u0161no zaklju\u010denega projekta KO-DI-RAM. Glavni cilj projekta je ustvarjanje pozitivnih u\u010dnih izku\u0161enj, ki bodo mlade spodbudile k samostojnemu in kriti\u010dnemu raziskovanju ter sooblikovanju digitalnega sveta.<\/p>\n<p>Program, ki traja 22 ur in se izvaja kot kro\u017eek po pouku, se osredoto\u010da predvsem na razli\u010dne ravni programiranja, kot so ra\u010dunalni\u0161ko razmi\u0161ljanje, programiranje v razli\u010dnih okoljih in jezikih, ter prakti\u010dno uporabo teh znanj. Vse to je povezano s temami digitalne varnosti, netikete (digitalnega bontona) in z vsemi 21 digitalnimi kompetencami kot so opredeljene v Okviru digitalnih kompetenc 2.2. Poleg tega program pripravlja udele\u017eence na tekmovanja Bober in Pi\u0161ek, ki sta med najve\u010djimi nacionalnimi tekmovanji na podro\u010dju programiranja in ra\u010dunalni\u0161kega razmi\u0161ljanja.<\/p>\n<p>Udele\u017eenci se bodo spoprijemali z izzivi, ki jih obi\u010dajno sre\u010dujemo pri delu z digitalnimi orodji, z vidika podatkov in informacij, komuniciranja in sodelovanja, varnosti, ustvarjalne uporabe digitalnih orodij in re\u0161evanja tehni\u010dnih te\u017eav. Na delavnicah bodo spoznali tudi delovanje sistemov z umetno inteligenco, kriti\u010dno presojali interakcije s tak\u0161nimi sistemi in jih bodo tudi sami preizkusili.<\/p>\n<p>KO-DI-RAM II vzgaja uporabnike in ustvarjalce, ki poznajo in koristijo prednosti digitalnih tehnologij ter jih spodbuja k samostojnemu aktivnemu izobra\u017eevanju. S tem ne le prepre\u010dujemo digitalno izklju\u010denost, ampak tudi ustvarjamo zagovornike dru\u017ebe znanja &#8211; Dru\u017ebe 5.0.<\/p>\n<p>&nbsp;<\/p>\n<p>Projekt <strong><em>KO-DI-RAM II: Digitalne kompetence in ra\u010dunalni\u0161ko mi\u0161ljenje<\/em><\/strong> je bil podprt na <em>Javnem razpisu za sofinanciranje usposabljanj otrok in mladih za krepitev digitalnih kompetenc ter spodbujanje in promocijo naravoslovnih in tehni\u0161kih poklicev<\/em>, ki ga razpisuje Ministrstvo za digitalno preobrazbo.[\/et_pb_text][\/et_pb_column]<br \/>\n\t\t\t[\/et_pb_row]<br \/>\n\t\t[\/et_pb_section]<\/p>\n","protected":false},"excerpt":{"rendered":"<p>&nbsp; Projekt KO-DI-RAM II: Digitalne kompetence in ra\u010dunalni\u0161ko mi\u0161ljenje &nbsp; Projekt KO-DI-RAM II krepi in razvija digitalne kompetence osnovno\u0161olcev in dijakov po Sloveniji. Skozi serijo delavnic programiranja, varnosti na spletu, netikete in uporabe razli\u010dnih digitalnih orodij otroci in mladi pridobivajo temeljna znanja iz ra\u010dunalni\u0161tva in informatike ter krepijo svoje digitalne kompetence. V projektu sodelujejo Zavod [&hellip;]<\/p>\n","protected":false},"author":91868,"featured_media":0,"parent":0,"menu_order":0,"comment_status":"closed","ping_status":"closed","template":"","meta":{"_et_pb_use_builder":"on","_et_pb_old_content":"<h2><strong><a href=\"https:\/\/slivnica.splet.arnes.si\/files\/2024\/03\/Pasica_KO-DI-RAM.png\"><img class=\"aligncenter size-full wp-image-25472\" src=\"https:\/\/slivnica.splet.arnes.si\/files\/2024\/03\/Pasica_KO-DI-RAM.png\" alt=\"\" width=\"872\" height=\"103\"><\/a><\/strong><\/h2>\r\n<h2>&nbsp;<\/h2>\r\n<h2>Projekt <strong>KO-DI-RAM II: Digitalne kompetence in ra\u010dunalni\u0161ko mi\u0161ljenje<\/strong><\/h2>\r\n&nbsp;\r\n\r\nProjekt KO-DI-RAM II krepi in razvija digitalne kompetence osnovno\u0161olcev in dijakov po Sloveniji. Skozi serijo delavnic programiranja, varnosti na spletu, netikete in uporabe razli\u010dnih digitalnih orodij otroci in mladi pridobivajo temeljna znanja iz ra\u010dunalni\u0161tva in informatike ter krepijo svoje digitalne kompetence.\r\n\r\nV projektu sodelujejo Zavod 404, Fakulteta za ra\u010dunalni\u0161tvo in informatiko ter Fakulteta za matematiko in fiziko, s skupino u\u010diteljev in drugih izvajalcev po vsej Sloveniji. Je nadaljevanje uspe\u0161no zaklju\u010denega projekta KO-DI-RAM. Glavni cilj projekta je ustvarjanje pozitivnih u\u010dnih izku\u0161enj, ki bodo mlade spodbudile k samostojnemu in kriti\u010dnemu raziskovanju ter sooblikovanju digitalnega sveta.\r\n\r\nProgram, ki traja 22 ur in se izvaja kot kro\u017eek po pouku, se osredoto\u010da predvsem na razli\u010dne ravni programiranja, kot so ra\u010dunalni\u0161ko razmi\u0161ljanje, programiranje v razli\u010dnih okoljih in jezikih, ter prakti\u010dno uporabo teh znanj. Vse to je povezano s temami digitalne varnosti, netikete (digitalnega bontona) in z vsemi 21 digitalnimi kompetencami kot so opredeljene v Okviru digitalnih kompetenc 2.2. Poleg tega program pripravlja udele\u017eence na tekmovanja Bober in Pi\u0161ek, ki sta med najve\u010djimi nacionalnimi tekmovanji na podro\u010dju programiranja in ra\u010dunalni\u0161kega razmi\u0161ljanja.\r\n\r\nUdele\u017eenci se bodo spoprijemali z izzivi, ki jih obi\u010dajno sre\u010dujemo pri delu z digitalnimi orodji, z vidika podatkov in informacij, komuniciranja in sodelovanja, varnosti, ustvarjalne uporabe digitalnih orodij in re\u0161evanja tehni\u010dnih te\u017eav. Na delavnicah bodo spoznali tudi delovanje sistemov z umetno inteligenco, kriti\u010dno presojali interakcije s tak\u0161nimi sistemi in jih bodo tudi sami preizkusili.\r\n\r\nKO-DI-RAM II vzgaja uporabnike in ustvarjalce, ki poznajo in koristijo prednosti digitalnih tehnologij ter jih spodbuja k samostojnemu aktivnemu izobra\u017eevanju. S tem ne le prepre\u010dujemo digitalno izklju\u010denost, ampak tudi ustvarjamo zagovornike dru\u017ebe znanja - Dru\u017ebe 5.0.\r\n\r\n&nbsp;\r\n\r\nProjekt <strong><em>KO-DI-RAM II: Digitalne kompetence in ra\u010dunalni\u0161ko mi\u0161ljenje<\/em><\/strong> je bil podprt na <em>Javnem razpisu za sofinanciranje usposabljanj otrok in mladih za krepitev digitalnih kompetenc ter spodbujanje in promocijo naravoslovnih in tehni\u0161kih poklicev<\/em>, ki ga razpisuje Ministrstvo za digitalno preobrazbo.","_et_gb_content_width":"","ngg_post_thumbnail":0,"footnotes":"","_expiration-date-status":"","_expiration-date":0,"_expiration-date-type":"","_expiration-date-categories":[],"_expiration-date-options":[]},"class_list":["post-25467","page","type-page","status-publish","hentry"],"_links":{"self":[{"href":"https:\/\/slivnica.si\/index.php?rest_route=\/wp\/v2\/pages\/25467","targetHints":{"allow":["GET"]}}],"collection":[{"href":"https:\/\/slivnica.si\/index.php?rest_route=\/wp\/v2\/pages"}],"about":[{"href":"https:\/\/slivnica.si\/index.php?rest_route=\/wp\/v2\/types\/page"}],"author":[{"embeddable":true,"href":"https:\/\/slivnica.si\/index.php?rest_route=\/wp\/v2\/users\/91868"}],"replies":[{"embeddable":true,"href":"https:\/\/slivnica.si\/index.php?rest_route=%2Fwp%2Fv2%2Fcomments&post=25467"}],"version-history":[{"count":6,"href":"https:\/\/slivnica.si\/index.php?rest_route=\/wp\/v2\/pages\/25467\/revisions"}],"predecessor-version":[{"id":26639,"href":"https:\/\/slivnica.si\/index.php?rest_route=\/wp\/v2\/pages\/25467\/revisions\/26639"}],"wp:attachment":[{"href":"https:\/\/slivnica.si\/index.php?rest_route=%2Fwp%2Fv2%2Fmedia&parent=25467"}],"curies":[{"name":"wp","href":"https:\/\/api.w.org\/{rel}","templated":true}]}}