{"id":22,"date":"2015-07-09T08:04:36","date_gmt":"2015-07-09T07:04:36","guid":{"rendered":"http:\/\/slivnica.splet.arnes.si\/?page_id=22"},"modified":"2021-12-28T15:21:47","modified_gmt":"2021-12-28T14:21:47","slug":"kje-smo","status":"publish","type":"page","link":"https:\/\/slivnica.si\/?page_id=22","title":{"rendered":"Kje smo?"},"content":{"rendered":"<p>[et_pb_section fb_built=&#8221;1&#8243; _builder_version=&#8221;3.22&#8243; _module_preset=&#8221;default&#8221;][et_pb_row _builder_version=&#8221;3.25&#8243; background_size=&#8221;initial&#8221; background_position=&#8221;top_left&#8221; background_repeat=&#8221;repeat&#8221; _module_preset=&#8221;default&#8221;][et_pb_column type=&#8221;4_4&#8243; _builder_version=&#8221;3.25&#8243; custom_padding=&#8221;|||&#8221; custom_padding__hover=&#8221;|||&#8221; _module_preset=&#8221;default&#8221;][et_pb_text _builder_version=&#8221;4.9.7&#8243; background_size=&#8221;initial&#8221; background_position=&#8221;top_left&#8221; background_repeat=&#8221;repeat&#8221; _module_preset=&#8221;default&#8221;]<\/p>\n<p>O\u0160 Slivnica pri Celju stoji v Gorici pri Slivnici, natan\u010dneje na Gri\u010du, vzpetini nad Gorico pri Slivnici, kjer je center KS Slivnica pri Celju. Ker je bil pred vojno sede\u017e ob\u010dine na Slivnici, \u0161e danes nosi \u0161ola to ime.<\/p>\n<p>Gorica pri Slivnici spada v Voglajnsko \u2013 Sotelsko regijo. To je ni\u017eji svet med Kozjanskim na jugu in Bo\u010dko \u2013 Maceljskim hribovjem na razvodju Save in Dravinje na severu.<\/p>\n<p>Skozi Gorico poteka va\u017ena prometna cesta iz smeri \u0160entjur pri Celju proti Prevorju in Kozju ter proti Loki pri \u017dusmu in Sodni vasi. V bli\u017eini je Slivni\u0161ko jezero, ki je mlaj\u0161ega nastanka a izredno privla\u010dno za rekreacijo, turizem, v zadnjem \u010dasu pa tudi za rastlinstvo in \u017eivalstvo.<\/p>\n<p>Gorica je sredi\u0161\u010de slivni\u0161ke pokrajine. Vanjo so bile prenesene mnoge centralne funkcije s Slivnice. Danes je na Slivnici (n.v. 450 \u2013 550m) le \u0161e sede\u017e \u017eupnije in pokopali\u0161\u010de.<\/p>\n<p>[\/et_pb_text][\/et_pb_column][\/et_pb_row][et_pb_row column_structure=&#8221;1_3,1_3,1_3&#8243; _builder_version=&#8221;4.9.7&#8243; _module_preset=&#8221;default&#8221; border_color_all=&#8221;#000000&#8243;][et_pb_column type=&#8221;1_3&#8243; _builder_version=&#8221;4.9.7&#8243; _module_preset=&#8221;default&#8221; border_radii=&#8221;on|1px|1px|1px|1px&#8221; border_width_all=&#8221;1px&#8221; border_color_all=&#8221;#000000&#8243;][et_pb_text _builder_version=&#8221;4.9.7&#8243; _module_preset=&#8221;default&#8221;]<\/p>\n<p style=\"text-align: center\">Osnovna \u0161ola Slivnica pri Celju<\/p>\n<p>[\/et_pb_text][et_pb_image src=&#8221;https:\/\/slivnica.si\/files\/2021\/12\/slivnica.png&#8221; title_text=&#8221;slivnica&#8221; url=&#8221;https:\/\/goo.gl\/maps\/AZWUpmJBbEw77eqh7&#8243; url_new_window=&#8221;on&#8221; _builder_version=&#8221;4.9.7&#8243; _module_preset=&#8221;default&#8221;][\/et_pb_image][\/et_pb_column][et_pb_column type=&#8221;1_3&#8243; _builder_version=&#8221;4.9.7&#8243; _module_preset=&#8221;default&#8221; border_radii=&#8221;on|1px|1px|1px|1px&#8221; border_width_all=&#8221;1px&#8221; border_color_all=&#8221;#000000&#8243;][et_pb_text _builder_version=&#8221;4.9.7&#8243; _module_preset=&#8221;default&#8221;]<\/p>\n<p style=\"text-align: center\">Podru\u017eni\u010dna \u0161ola Loka pri \u017dusmu<\/p>\n<p>[\/et_pb_text][et_pb_image src=&#8221;https:\/\/slivnica.si\/files\/2021\/12\/loka.png&#8221; title_text=&#8221;loka&#8221; url=&#8221;https:\/\/goo.gl\/maps\/PCVFEQpfLg75spwN8&#8243; url_new_window=&#8221;on&#8221; _builder_version=&#8221;4.9.7&#8243; _module_preset=&#8221;default&#8221;][\/et_pb_image][\/et_pb_column][et_pb_column type=&#8221;1_3&#8243; _builder_version=&#8221;4.9.7&#8243; _module_preset=&#8221;default&#8221; border_radii=&#8221;on|1px|1px|1px|1px&#8221; border_width_all=&#8221;1px&#8221; border_color_all=&#8221;#000000&#8243;][et_pb_text _builder_version=&#8221;4.9.7&#8243; _module_preset=&#8221;default&#8221;]<\/p>\n<p style=\"text-align: center\">Podru\u017eni\u010dna \u0161ola Prevorje<\/p>\n<p>[\/et_pb_text][et_pb_image src=&#8221;https:\/\/slivnica.si\/files\/2021\/12\/prevorje.png&#8221; title_text=&#8221;prevorje&#8221; url=&#8221;https:\/\/goo.gl\/maps\/w9yp5Ktfeye86oJL8&#8243; url_new_window=&#8221;on&#8221; _builder_version=&#8221;4.9.7&#8243; _module_preset=&#8221;default&#8221;][\/et_pb_image][\/et_pb_column][\/et_pb_row][\/et_pb_section]<\/p>\n","protected":false},"excerpt":{"rendered":"<p>O\u0160 Slivnica pri Celju stoji v Gorici pri Slivnici, natan\u010dneje na Gri\u010du, vzpetini nad Gorico pri Slivnici, kjer je center KS Slivnica pri Celju. Ker je bil pred vojno sede\u017e ob\u010dine na Slivnici, \u0161e danes nosi \u0161ola to ime. Gorica pri Slivnici spada v Voglajnsko \u2013 Sotelsko regijo. To je ni\u017eji svet med Kozjanskim na [&hellip;]<\/p>\n","protected":false},"author":5705,"featured_media":0,"parent":0,"menu_order":0,"comment_status":"open","ping_status":"open","template":"","meta":{"_et_pb_use_builder":"on","_et_pb_old_content":"O\u0160 Slivnica pri Celju stoji v Gorici pri Slivnici, natan\u010dneje na Gri\u010du, vzpetini nad Gorico pri Slivnici, kjer je center KS Slivnica pri Celju. Ker je bil pred vojno sede\u017e ob\u010dine na Slivnici, \u0161e danes nosi \u0161ola to ime.\r\n\r\nKako priti do nas?\r\n\r\n<a href=\"http:\/\/slivnica.splet.arnes.si\/files\/2015\/07\/pot_do_gorice.jpg\"><img class=\" size-medium wp-image-84 aligncenter\" src=\"http:\/\/slivnica.splet.arnes.si\/files\/2015\/07\/pot_do_gorice-286x300.jpg\" alt=\"pot_do_gorice\" width=\"286\" height=\"300\" \/><\/a>\r\n\r\n<a href=\"http:\/\/slivnica.splet.arnes.si\/files\/2015\/07\/pos_prevorje_zrak.jpg\"><img class=\"alignnone size-full wp-image-83\" src=\"http:\/\/slivnica.splet.arnes.si\/files\/2015\/07\/pos_prevorje_zrak.jpg\" alt=\"pos_prevorje_zrak\" width=\"280\" height=\"210\" \/><\/a>\u00a0\u00a0\u00a0\u00a0\u00a0\u00a0\u00a0\u00a0\u00a0\u00a0 <a href=\"http:\/\/slivnica.splet.arnes.si\/files\/2015\/07\/pos_loka_zrak.jpg\"><img class=\"alignnone size-full wp-image-82\" src=\"http:\/\/slivnica.splet.arnes.si\/files\/2015\/07\/pos_loka_zrak.jpg\" alt=\"pos_loka_zrak\" width=\"280\" height=\"210\" \/><\/a>\r\n\r\n\u00a0\r\n\r\nKako do PO\u0160 Loka? Kako do PO\u0160 Prevorje?\r\nGorica pri Slivnici spada v Voglajnsko - Sotelsko regijo. To je ni\u017eji svet med Kozjanskim na jugu in Bo\u010dko - Maceljskim hribovjem na razvodju Save in Dravinje na severu.\r\n\r\nSkozi Gorico poteka va\u017ena prometna cesta iz smeri \u0160entjur pri Celju proti Prevorju in Kozju ter proti Loki pri \u017dusmu in Sodni vasi. V bli\u017eini je Slivni\u0161ko jezero, ki je mlaj\u0161ega nastanka a izredno privla\u010dno za rekreacijo, turizem, v zadnjem \u010dasu pa tudi za rastlinstvo in \u017eivalstvo.\r\n\r\nGorica je sredi\u0161\u010de slivni\u0161ke pokrajine. Vanjo so bile prenesene mnoge centralne funkcije s Slivnice. Danes je na Slivnici (n.v. 450 - 550m) le \u0161e sede\u017e \u017eupnije in pokopali\u0161\u010de.\r\n\r\nGorici se re\u010de ljudsko tudi Glinca, v\u010dasih pa so ji rekli Spodnja Slivnica.\r\nGorici pripadajo zaselki:\r\n\u2022 Petelinjek ob cesti v Loko pri \u017dusmu\r\n\u2022 Kote ob Voglajni\r\n\u2022 Sotna v dolini pod Veliko in Malo Gorico\r\n\u2022 Sv. Urban","_et_gb_content_width":"","ngg_post_thumbnail":0,"footnotes":"","_expiration-date-status":"","_expiration-date":0,"_expiration-date-type":"","_expiration-date-categories":[],"_expiration-date-options":[]},"class_list":["post-22","page","type-page","status-publish","hentry"],"_links":{"self":[{"href":"https:\/\/slivnica.si\/index.php?rest_route=\/wp\/v2\/pages\/22","targetHints":{"allow":["GET"]}}],"collection":[{"href":"https:\/\/slivnica.si\/index.php?rest_route=\/wp\/v2\/pages"}],"about":[{"href":"https:\/\/slivnica.si\/index.php?rest_route=\/wp\/v2\/types\/page"}],"author":[{"embeddable":true,"href":"https:\/\/slivnica.si\/index.php?rest_route=\/wp\/v2\/users\/5705"}],"replies":[{"embeddable":true,"href":"https:\/\/slivnica.si\/index.php?rest_route=%2Fwp%2Fv2%2Fcomments&post=22"}],"version-history":[{"count":6,"href":"https:\/\/slivnica.si\/index.php?rest_route=\/wp\/v2\/pages\/22\/revisions"}],"predecessor-version":[{"id":15446,"href":"https:\/\/slivnica.si\/index.php?rest_route=\/wp\/v2\/pages\/22\/revisions\/15446"}],"wp:attachment":[{"href":"https:\/\/slivnica.si\/index.php?rest_route=%2Fwp%2Fv2%2Fmedia&parent=22"}],"curies":[{"name":"wp","href":"https:\/\/api.w.org\/{rel}","templated":true}]}}