{"id":21829,"date":"2023-04-05T11:01:02","date_gmt":"2023-04-05T09:01:02","guid":{"rendered":"https:\/\/slivnica.splet.arnes.si\/?page_id=21829"},"modified":"2023-04-05T11:48:14","modified_gmt":"2023-04-05T09:48:14","slug":"galerija-fotografij","status":"publish","type":"page","link":"https:\/\/slivnica.si\/?page_id=21829","title":{"rendered":"Galerija fotografij"},"content":{"rendered":"<p>Oglejte si na\u0161o mati\u010dno osnovno \u0161olo v Gorici pri Slivnici s pti\u010dje perspektive:<\/p>\nngg_shortcode_0_placeholder\n","protected":false},"excerpt":{"rendered":"<p>Oglejte si na\u0161o mati\u010dno osnovno \u0161olo v Gorici pri Slivnici s pti\u010dje perspektive:<\/p>\n","protected":false},"author":91868,"featured_media":0,"parent":0,"menu_order":0,"comment_status":"closed","ping_status":"closed","template":"","meta":{"_et_pb_use_builder":"","_et_pb_old_content":"","_et_gb_content_width":"","ngg_post_thumbnail":0,"footnotes":"","_expiration-date-status":"","_expiration-date":0,"_expiration-date-type":"","_expiration-date-categories":[],"_expiration-date-options":[]},"class_list":["post-21829","page","type-page","status-publish","hentry"],"_links":{"self":[{"href":"https:\/\/slivnica.si\/index.php?rest_route=\/wp\/v2\/pages\/21829","targetHints":{"allow":["GET"]}}],"collection":[{"href":"https:\/\/slivnica.si\/index.php?rest_route=\/wp\/v2\/pages"}],"about":[{"href":"https:\/\/slivnica.si\/index.php?rest_route=\/wp\/v2\/types\/page"}],"author":[{"embeddable":true,"href":"https:\/\/slivnica.si\/index.php?rest_route=\/wp\/v2\/users\/91868"}],"replies":[{"embeddable":true,"href":"https:\/\/slivnica.si\/index.php?rest_route=%2Fwp%2Fv2%2Fcomments&post=21829"}],"version-history":[{"count":3,"href":"https:\/\/slivnica.si\/index.php?rest_route=\/wp\/v2\/pages\/21829\/revisions"}],"predecessor-version":[{"id":21841,"href":"https:\/\/slivnica.si\/index.php?rest_route=\/wp\/v2\/pages\/21829\/revisions\/21841"}],"wp:attachment":[{"href":"https:\/\/slivnica.si\/index.php?rest_route=%2Fwp%2Fv2%2Fmedia&parent=21829"}],"curies":[{"name":"wp","href":"https:\/\/api.w.org\/{rel}","templated":true}]}}