{"id":212,"date":"2015-07-09T10:27:41","date_gmt":"2015-07-09T09:27:41","guid":{"rendered":"http:\/\/slivnica.splet.arnes.si\/?page_id=212"},"modified":"2025-07-11T09:47:48","modified_gmt":"2025-07-11T07:47:48","slug":"zlata-knjiga","status":"publish","type":"page","link":"https:\/\/slivnica.si\/?page_id=212","title":{"rendered":"Zlata knjiga"},"content":{"rendered":"<p><span style=\"color: #000000\">Zlato knjigo smo&nbsp;odprli leta 1999. Vanjo so se vpisali u\u010denci, ki so dosegli odli\u010dni uspeh vseh osem oziroma devet let \u0161olanja.<\/span><\/p>\n<p><span style=\"color: #000000\">1998 &#8211; 1999<\/span><br \/>\n<span style=\"color: #000000\">Tanja Belina, Marija \u010cuje\u017e, Anja Frece, Monika Gaj\u0161ek, Dora Ko\u0161ak, Tadeja Leskov\u0161ek, Teja Perc,<\/span><br \/>\n<span style=\"color: #000000\">Polona Pevec, Florjan Planko, Sabina Rezec, David U\u017emah, Klavdija Vrhov\u0161ek<\/span><\/p>\n<p><span style=\"color: #000000\">1999 &#8211; 2000<\/span><br \/>\n<span style=\"color: #000000\">Vesna Bobek, Lucija Dobovi\u0161ek, Metod Gradi\u010d, Marija Guben\u0161ek, Tja\u0161a Jazbin\u0161ek, \u0160pela Kotnik, Silvia \u0160arlah, Simon Zeli\u010d<\/span><\/p>\n<p><span style=\"color: #000000\">2000 &#8211; 2001<\/span><br \/>\n<span style=\"color: #000000\">Klavdija Blaj, Nina Cvirn, Sebastjan Dvor\u0161ak, Andrej Frece, Bo\u017eidar Golubovac, Alenka Koro\u0161ec, Martina Kosaber,&nbsp;Vesna Perc, Luka Polen\u0161ek, Davor Pu\u0161nik, Jasna Seli\u010d, Nina Tan\u0161ek, Denis Voga, Jasmina Zeme<\/span><\/p>\n<p><span style=\"color: #000000\">2001 &#8211; 2002<\/span><br \/>\n<span style=\"color: #000000\">Tadeja Arti\u010dek, Katja Artnak, Jasmina Bratec, Martin Dobovi\u0161ek, Tamara Gobec, Tamara Hrovati\u010d, Lucija Jagodi\u010d, Vanja Lup\u0161ina,&nbsp;Sara Mastnak, Tanja Skale, Amra \u0160aku\u0161i\u010d, Janja \u0160tancer, Dejan \u0160tiglic, Damjan Tr\u017ean, Tadej Turn\u0161ek, Mateja Vojsk, Vanja Vrhov\u0161ek<\/span><\/p>\n<p><span style=\"color: #000000\">2002 &#8211; 2003<\/span><br \/>\n<span style=\"color: #000000\">Lucija Fili\u010d, Lidija Klako\u010dar, Matja\u017e Kladnik, Andrej Kladnik, Nastja Kos, Tadeja Mohorko, Barbara \u0160mid,<\/span><br \/>\n<span style=\"color: #000000\">Katja Tu\u010di\u010d, Katarina U\u017emah, Mateja Zeli\u010d<\/span><\/p>\n<p><span style=\"color: #000000\">2003 &#8211; 2004<\/span><br \/>\n<span style=\"color: #000000\">\u0160pela Cvirn, Nu\u0161a Dvor\u0161ak, Ne\u017ea Gaj\u0161ek, Karmen Grobin, Ur\u0161ka Jagodi\u010d, Sandra Jazbec, Luka Mesarec, \u0160pela Mlakar,&nbsp;Mateja Obrez, Rok Ozis, Nejc Rosenstein, Sa\u0161a Seli\u010d<\/span><\/p>\n<p><span style=\"color: #000000\">2004 &#8211; 2005<\/span><br \/>\n<span style=\"color: #000000\">Nata\u0161a Frece, Sergeja Kos, Nives Mastnak, Vanesa Matja\u0161i\u010d, Alja Seli\u010d, Tanja U\u017emah, Petra Vodeb, Ksenija Vodi\u0161ek<\/span><\/p>\n<p><span style=\"color: #000000\">2005 &#8211; 2006<\/span><br \/>\n<span style=\"color: #000000\">Katja Artnjak, Primo\u017e Grobin, \u0160pela Mu\u0161katevc, Valentina Pajk, Doroteja Tan\u0161ek, \u017diga Urleb<\/span><\/p>\n<p><span style=\"color: #000000\">2006 &#8211; 2007<\/span><br \/>\n<span style=\"color: #000000\">Uro\u0161 Mansutti, Anamarija Mastnak, Nina Mu\u0161katevc, Ines Pungar\u0161ek, Eva \u0160kornik, Andra\u017e Verdev<\/span><\/p>\n<p><span style=\"color: #000000\">2007 &#8211; 2008<\/span><br \/>\n<span style=\"color: #000000\">Maja Alif, Rok Guben\u0161ek, Klara Hrovati\u010d, Anja Jazbin\u0161ek, Lidija Johan, Valentina Perc,<\/span><br \/>\n<span style=\"color: #000000\">Eva Rezec, Toma\u017e Veber, Vanja Vodeb<\/span><\/p>\n<p><span style=\"color: #000000\">2008 &#8211; 2009<\/span><br \/>\n<span style=\"color: #000000\">Ur\u0161a Gaj\u0161ek, Patricija Jazbec, Monika Krajn\u010dan, Patricija Pal\u010dnik, Dolores Pol\u0161ak,<\/span><br \/>\n<span style=\"color: #000000\">Matja\u017e Punger\u0161ek, Jasmina Tan\u0161ek, Nu\u0161a Verdev<\/span><\/p>\n<p><span style=\"color: #000000\">2009-2010<\/span><br \/>\n<span style=\"color: #000000\">Tja\u0161a \u010cak\u0161, Aljo\u0161a Gobec,&nbsp;Miha Gol\u010der, Kristina Kau\u010di\u010d, Luka Kokol, Ga\u0161per Ko\u0161ak Pevec,&nbsp;Kaja Kra\u0161ovec,<\/span><br \/>\n<span style=\"color: #000000\">Vesna Pinter, Tja\u0161a Ter\u010di\u010d, Mojca U\u017emah<\/span><\/p>\n<p><span style=\"color: #000000\">2010-2011<\/span><br \/>\n<span style=\"color: #000000\">\u017dan Bobek, Patricija Frece, Leon Lipov\u0161ek, Kristjan Obrez, Monika Ro\u017eanc,&nbsp;Patricija \u0160viga<\/span><\/p>\n<p><span style=\"color: #000000\">2011 &#8211; 2012<\/span><br \/>\n<span style=\"color: #000000\">Tja\u0161a Bre\u010dko, Ana Guben\u0161ek, Ne\u017ea Mastnak, Janez Pal\u010dnik, Jakob \u0160kornik<\/span><\/p>\n<p><span style=\"color: #000000\">2012 &#8211; 2013<\/span><br \/>\n<span style=\"color: #000000\">Maru\u0161a Arti\u010dek, Diana Artnjak, Katja Johan, Lucija Kokol, Katja Lesjak, Barbara Lipnik, Hana Skale Mastnak,<\/span><br \/>\n<span style=\"color: #000000\">Timotej Novak, Anja Podkraj\u0161ek, Bla\u017e Punger\u0161ek, Nastja Tovornik, Patricija Turn\u0161ek<\/span><\/p>\n<p><span style=\"color: #000000\">2013 &#8211; 2014<\/span><br \/>\n<span style=\"color: #000000\">Jaka Mesarec, Ju\u0161 Pober\u017enik, Nu\u0161a Pustiv\u0161ek, Urban Seli\u010d, Ga\u0161per \u0160kornik, Larisa Tan\u0161ek, Klara Urlep, Laura&nbsp;Zendzianowsky<\/span><\/p>\n<p><span style=\"color: #000000\">2014 &#8211; 2015<\/span><br \/>\n<span style=\"color: #000000\">Anja Arti\u010dek, Nejc Guben\u0161ek, Alja\u017e Kumberger, Manja Ma\u010dek, Katja Punger\u0161ek, Da\u0161a Zeme, Ma\u0161a Zeme, Alja\u017e \u017dafran<\/span><\/p>\n<p><span style=\"color: #000000\">2015 &#8211; 2016<\/span><br \/>\n<span style=\"color: #000000\">Julija Arti\u010dek Jovan, Ana Hostnik, Katarina Jagodi\u010d, Janja Pol\u0161ak, Jure Tojnko, Kaja Tovornik, Jan \u017dekar<\/span><\/p>\n<p><span style=\"color: #000000\">2016 &#8211; 2017<\/span><br \/>\n<span style=\"color: #000000\">Lucija Kolar, Maja Mesarec, Nika Punger\u0161ek, Ana Skale, Patricija Tan\u0161ek<\/span><\/p>\n<p><span style=\"color: #000000\">2017 &#8211; 2018<\/span><br \/>\n<span style=\"color: #000000\">Larisa Bobek, \u017dan Debelec, Nika \u0160kornik, Nika Tan\u0161ek, Tamara Zavr\u0161ek, Sara \u017dafran<\/span><\/p>\n<p><span style=\"color: #000000\">2018 &#8211; 2019<\/span><br \/>\n<span style=\"color: #000000\">Patrick Miklav\u010di\u010d, Veronika Planko, Maru\u0161a Vovk,&nbsp;Niko \u017dafran<\/span><\/p>\n<p><span style=\"color: #000000\">2019 &#8211; 2020<\/span><br \/>\n<span style=\"color: #000000\">Jerneja Gaj\u0161ek, Jakob Tojnko, \u017diga Pol\u0161ak<\/span><\/p>\n<p><span style=\"color: #000000\">2020-2021<\/span><br \/>\n<span style=\"color: #000000\">Klavdij Lesjak, Ana Mastnak, Leja Planko, Danaja Krajnc, Karin Kristan, Ana U\u017emah<\/span><\/p>\n<p><span style=\"color: #000000\">2021-2022<\/span><br \/>\n<span style=\"color: #000000\">Sara Belina, Larisa Mastnak, Timeja Novak, Eva U\u017emah<\/span><\/p>\n<p><span style=\"color: #000000\">2022-2023<\/span><br \/>\n<span style=\"color: #000000\">Ana Bobnar, Nik Kraj\u0161ek, Ma\u0161a Ma\u010dek, Zoja Planko, Ema Skale, Gal Tr\u017ean, Kristina Tr\u017ean, Lucija Verk<\/span><\/p>\n<p><span style=\"color: #000000\">2023-2024<\/span><br \/>\nEva Megli\u010d, Alisa Platov\u0161ek, Zala Jelen, Brina Hernaus, \u017dana Skale Mastnak, Gal Dolni\u010dar, \u017dan Pertina\u010d, Lukas Krajnc<\/p>\n<p><span style=\"color: #000000\">2024-2025<\/span><br \/>\nBrina Gaj\u0161ek, Tinkara Mastnak, Alen Ocvirk, Lara Pertina\u010d, Pia Peperko, Matic Pi\u0161ek, Bla\u0161ka Vinkler, Maja Arzen\u0161ek, Gal Dober\u0161ek, Jan Gunzek, Nik Gunzek, Leja Loknar, \u0160pela Skale in Ur\u0161ka Verk<\/p>\n","protected":false},"excerpt":{"rendered":"<p>Zlato knjigo smo&nbsp;odprli leta 1999. Vanjo so se vpisali u\u010denci, ki so dosegli odli\u010dni uspeh vseh osem oziroma devet let \u0161olanja. 1998 &#8211; 1999 Tanja Belina, Marija \u010cuje\u017e, Anja Frece, Monika Gaj\u0161ek, Dora Ko\u0161ak, Tadeja Leskov\u0161ek, Teja Perc, Polona Pevec, Florjan Planko, Sabina Rezec, David U\u017emah, Klavdija Vrhov\u0161ek 1999 &#8211; 2000 Vesna Bobek, Lucija Dobovi\u0161ek, [&hellip;]<\/p>\n","protected":false},"author":5704,"featured_media":0,"parent":0,"menu_order":0,"comment_status":"open","ping_status":"open","template":"","meta":{"_et_pb_use_builder":"","_et_pb_old_content":"","_et_gb_content_width":"","ngg_post_thumbnail":0,"footnotes":"","_expiration-date-status":"saved","_expiration-date":0,"_expiration-date-type":"","_expiration-date-categories":[],"_expiration-date-options":[]},"class_list":["post-212","page","type-page","status-publish","hentry"],"_links":{"self":[{"href":"https:\/\/slivnica.si\/index.php?rest_route=\/wp\/v2\/pages\/212","targetHints":{"allow":["GET"]}}],"collection":[{"href":"https:\/\/slivnica.si\/index.php?rest_route=\/wp\/v2\/pages"}],"about":[{"href":"https:\/\/slivnica.si\/index.php?rest_route=\/wp\/v2\/types\/page"}],"author":[{"embeddable":true,"href":"https:\/\/slivnica.si\/index.php?rest_route=\/wp\/v2\/users\/5704"}],"replies":[{"embeddable":true,"href":"https:\/\/slivnica.si\/index.php?rest_route=%2Fwp%2Fv2%2Fcomments&post=212"}],"version-history":[{"count":16,"href":"https:\/\/slivnica.si\/index.php?rest_route=\/wp\/v2\/pages\/212\/revisions"}],"predecessor-version":[{"id":30605,"href":"https:\/\/slivnica.si\/index.php?rest_route=\/wp\/v2\/pages\/212\/revisions\/30605"}],"wp:attachment":[{"href":"https:\/\/slivnica.si\/index.php?rest_route=%2Fwp%2Fv2%2Fmedia&parent=212"}],"curies":[{"name":"wp","href":"https:\/\/api.w.org\/{rel}","templated":true}]}}