{"id":17481,"date":"2022-06-15T07:49:46","date_gmt":"2022-06-15T05:49:46","guid":{"rendered":"https:\/\/slivnica.splet.arnes.si\/?page_id=17481"},"modified":"2022-06-20T12:08:34","modified_gmt":"2022-06-20T10:08:34","slug":"dvig-digitalne-kompetentnosti","status":"publish","type":"page","link":"https:\/\/slivnica.si\/?page_id=17481","title":{"rendered":"Dvig digitalne kompetentnosti"},"content":{"rendered":"<p>[et_pb_section fb_built=&#8221;1&#8243; _builder_version=&#8221;4.9.7&#8243; _module_preset=&#8221;default&#8221;][et_pb_row _builder_version=&#8221;4.9.7&#8243; _module_preset=&#8221;default&#8221;][et_pb_column type=&#8221;4_4&#8243; _builder_version=&#8221;4.9.7&#8243; _module_preset=&#8221;default&#8221;][et_pb_text _builder_version=&#8221;4.9.7&#8243; _module_preset=&#8221;default&#8221;]<\/p>\n<hr \/>\n<p><a href=\"http:\/\/www.arnes.si\/\"><img loading=\"lazy\" decoding=\"async\" class=\"wp-image-17492  alignleft\" src=\"https:\/\/slivnica.si\/files\/2022\/06\/Arnes_logotip.png\" alt=\"\" width=\"129\" height=\"58\" srcset=\"https:\/\/slivnica.si\/files\/2022\/06\/Arnes_logotip.png 850w, https:\/\/slivnica.si\/files\/2022\/06\/Arnes_logotip-300x136.png 300w, https:\/\/slivnica.si\/files\/2022\/06\/Arnes_logotip-768x347.png 768w\" sizes=\"(max-width: 129px) 100vw, 129px\" \/><\/a><a href=\"http:\/\/www.mizs.gov.si\/\"><img loading=\"lazy\" decoding=\"async\" class=\"wp-image-17489  alignleft\" src=\"https:\/\/slivnica.si\/files\/2022\/06\/Logo_MIZS_slo.png\" alt=\"\" width=\"260\" height=\"42\" srcset=\"https:\/\/slivnica.si\/files\/2022\/06\/Logo_MIZS_slo.png 796w, https:\/\/slivnica.si\/files\/2022\/06\/Logo_MIZS_slo-300x49.png 300w, https:\/\/slivnica.si\/files\/2022\/06\/Logo_MIZS_slo-768x124.png 768w\" sizes=\"(max-width: 260px) 100vw, 260px\" \/><\/a> <a href=\"http:\/\/www.zrss.si\/\"><img loading=\"lazy\" decoding=\"async\" class=\"wp-image-17488  alignleft\" src=\"https:\/\/slivnica.si\/files\/2022\/06\/logotip-ZRSS_barvni.png\" alt=\"\" width=\"95\" height=\"122\" srcset=\"https:\/\/slivnica.si\/files\/2022\/06\/logotip-ZRSS_barvni.png 1505w, https:\/\/slivnica.si\/files\/2022\/06\/logotip-ZRSS_barvni-233x300.png 233w, https:\/\/slivnica.si\/files\/2022\/06\/logotip-ZRSS_barvni-796x1024.png 796w, https:\/\/slivnica.si\/files\/2022\/06\/logotip-ZRSS_barvni-768x987.png 768w, https:\/\/slivnica.si\/files\/2022\/06\/logotip-ZRSS_barvni-1195x1536.png 1195w, https:\/\/slivnica.si\/files\/2022\/06\/logotip-ZRSS_barvni-1080x1389.png 1080w, https:\/\/slivnica.si\/files\/2022\/06\/logotip-ZRSS_barvni-400x516.png 400w\" sizes=\"(max-width: 95px) 100vw, 95px\" \/><\/a><a href=\"http:\/\/www.eu-skladi.si\/\"><img loading=\"lazy\" decoding=\"async\" class=\"wp-image-17500  alignleft\" src=\"https:\/\/slivnica.si\/files\/2022\/06\/Logo_EKP_socialni_sklad_SLO_slogan-1.png\" alt=\"\" width=\"230\" height=\"84\" srcset=\"https:\/\/slivnica.si\/files\/2022\/06\/Logo_EKP_socialni_sklad_SLO_slogan-1.png 713w, https:\/\/slivnica.si\/files\/2022\/06\/Logo_EKP_socialni_sklad_SLO_slogan-1-300x110.png 300w\" sizes=\"(max-width: 230px) 100vw, 230px\" \/><\/a><\/p>\n<p>&nbsp;<br \/>\n&nbsp;[\/et_pb_text][et_pb_text _builder_version=&#8221;4.9.7&#8243; _module_preset=&#8221;default&#8221; hover_enabled=&#8221;0&#8243; sticky_enabled=&#8221;0&#8243;]<\/p>\n<p>&nbsp; &nbsp; &nbsp; &nbsp;<\/p>\n<hr>\n<p>Nalo\u017ebo sofinancirata Republika Slovenija in Evropska unija iz&nbsp;<a href=\"https:\/\/www.eu-skladi.si\/\" target=\"_blank\" rel=\"noopener\">Evropskega socialnega sklada<\/a>.<\/p>\n<h2>Namen projekta<\/h2>\n<hr>\n<p>Namen projekta&nbsp;<a href=\"https:\/\/www.zrss.si\/projekti\/dvig-digitalne-kompetentnosti\/\" target=\"_blank\" rel=\"noopener\">Dvig digitalne kompetentnosti<\/a>&nbsp;je izbolj\u0161ati kakovost in u\u010dinkovitost izobra\u017eevanja in usposabljanj ter spodbujati razvoj inovativnih u\u010dnih okolij in pro\u017enih oblik u\u010denja, ki bodo prispevali k dvigu digitalnih kompetenc vodstvenih in strokovnih delavcev, otrok, u\u010dencev in dijakov.<\/p>\n<p><a href=\"https:\/\/www.zrss.si\/projekti\/dvig-digitalne-kompetentnosti\/\"><img loading=\"lazy\" decoding=\"async\" class=\"wp-image-17491  aligncenter\" src=\"https:\/\/slivnica.si\/files\/2022\/06\/Banner_700-x-215-Dvig-digitalne-kompetence.png\" alt=\"\" width=\"628\" height=\"193\" srcset=\"https:\/\/slivnica.si\/files\/2022\/06\/Banner_700-x-215-Dvig-digitalne-kompetence.png 700w, https:\/\/slivnica.si\/files\/2022\/06\/Banner_700-x-215-Dvig-digitalne-kompetence-300x92.png 300w\" sizes=\"(max-width: 628px) 100vw, 628px\" \/><\/a><\/p>\n<h2>Cilj projekta<\/h2>\n<hr>\n<p>Razvoj pro\u017enej\u0161ih oblik u\u010denja s pomo\u010djo u\u010dinkovite rabe digitalnih tehnologij v VIZ ter s tem spodbujanje strokovnih delavcev VIZ za reflektivno prakso, na\u010drtovanje ter udejanjanje lastnega strokovnega razvoja (digitalnih strategij VIZ-a, digitalnih kompetenc strokovnih delavcev in otrok\/u\u010dencev\/dijakov).<\/p>\n<h2>Ciljne skupine<\/h2>\n<hr>\n<p>Vzgojno-izobra\u017eevalni zavodi, znotraj teh pa zaposleni: strokovni delavci (ravnatelji, u\u010ditelji in drugo strokovno osebje) na podro\u010dju pred\u0161olske vzgoje, osnovno\u0161olskega izobra\u017eevanja, osnovnega glasbenega izobra\u017eevanja, poklicnega in strokovnega izobra\u017eevanja, srednjega splo\u0161nega izobra\u017eevanja, vzgoje in izobra\u017eevanja otrok in mladostnikov s posebnimi potrebami, vzgoje in izobra\u017eevanja v dija\u0161kih domovih ter posledi\u010dno otroci, u\u010denci in dijaki.<\/p>\n<p>Kon\u010dna dodana vrednost programa bo glede na razli\u010dno raven digitalne kompetentnosti posameznih strokovnih delavcev in VIZ-a v celoti izdelana digitalna strategija za posamezen VIZ in na osnovi strategije izvedena usposabljanja ter udejanjanje teh znanj v vzgojno-izobra\u017eevalnem procesu. Izdelava strategije bo temeljila na analizi stanja in pripravi akcijskega na\u010drta. To pomeni, da bodo zaposleni v posameznem VIZ-u aktivni udele\u017eenci v procesu analize ter v procesu priprave in izvajanja akcijskega na\u010drta in s tem opolnomo\u010deni za evalvacijo in nadgradnjo digitalne strategije znotraj zavoda tudi po zaklju\u010dku programa.<\/p>\n<p>Projekt Dvig digitalne kompetentnosti se od dosedanjih usposabljanj na podro\u010dju digitalnih kompetenc razlikuje v izhajanju iz dejanskih potreb posameznega VIZ-a in na\u010drtovanju strategij VIZ-a za dvig digitalnih kompetenc.<\/p>\n<h2>Ugotovljeni problemi in izzivi<\/h2>\n<hr>\n<p>Kljub \u0161tevilnim strate\u0161kim dokumentom, strategijam, smernicam, projektom, usposabljanjem in drugim pobudam ugotavljamo, da ostaja v slovenskem \u0161olskem prostoru problem smiselne rabe digitalne tehnologije. Zato vodstveni in strokovni delavci potrebujejo sistemati\u010dno podporo za u\u010dinkovito rabo digitalnih tehnologij pri doseganju vzgojno-izobra\u017eevalnih ciljev in razvijanju digitalnih kompetenc u\u010de\u010dih se.<\/p>\n<p>Opravljene analize ka\u017eejo na nujno ukrepanje na treh podro\u010djih:<br \/>&nbsp; &nbsp; &nbsp;&#8211; inovativnih pristopih pedago\u0161kega vodenja in na\u010drtovanja u\u010dinkovite rabe digitalnih tehnologij v VIZ,<br \/>&nbsp; &nbsp; &nbsp;&#8211; pedago\u0161kih digitalnih kompetencah strokovnih delavcev VIZ-ov in<br \/>&nbsp; &nbsp; &nbsp;&#8211; u\u010dinkovite rabe digitalnih tehnologij v vzgojno-izobra\u017eevalnem procesu in s tem posledi\u010dno povezanem dvigu digitalnih kompetenc otrok, u\u010dencev, dijakov.<\/p>\n<h2>Dejavnosti v projektu<\/h2>\n<hr>\n<p>V programu bodo zasnovane, preizku\u0161ene in evalvirane raznolike dejavnosti za razvoj digitalne kompetentnosti dele\u017enikov v vzgoji in izobra\u017eevanju:<\/p>\n<p>&nbsp; &nbsp; &nbsp;&#8211; razli\u010dna usposabljanja in izobra\u017eevanja za profesionalni razvoj pedago\u0161kih digitalnih kompetenc strokovnih delavcev VIZ-a,<br \/>&nbsp; &nbsp; &nbsp;&#8211; podporno spletno okolje za u\u010dinkovito rabo digitalnih tehnologij v VIZ-ih (interaktivni u\u010dni na\u010drt z dodanimi pripravljenimi gradivi in povezavami, mo\u017enostjo kreiranja letne in sprotnih priprav na VIZ), orodja za samopreverjanje digitalnih pedago\u0161kih kompetenc in u\u010dinkovite rabe digitalnih tehnologij VIZ, digitalna gradiva, primeri dobre rabe),<br \/>&nbsp; &nbsp; &nbsp;&#8211; vzpostavljene u\u010de\u010de se skupnosti digitalnih znanj in izku\u0161enj znotraj VIZ in prenos na ostale VIZ-e,<br \/>&nbsp; &nbsp; &nbsp;&#8211; priro\u010dnik za dvig digitalnih kompetenc na VIZ-u.<\/p>\n<p><strong>Arnes bo v sklopu projekta pripravil na\u010drt za izvedbo podpore VIZ-om<\/strong>&nbsp;(usposabljanja za uporabni\u0161ko in tehni\u010dno usposobljenost ter spletno varnost vodstvenih in strokovnih delavcev vseh VIZ-ov v RS)&nbsp;<strong>in izvajal dogovorjena usposabljanja za storitve, ki jih nudi \u0161olam<\/strong>.<\/p>\n<h2>Pri\u010dakovani rezultati<\/h2>\n<hr>\n<p>Rezultat programa bo opolnomo\u010denje strokovnih delavcev VIZ za razvoj digitalnih strategij VIZ-a, strokovnih, pedago\u0161kih digitalnih kompetenc strokovnih delavcev in procesno razvijanje digitalnih kompetenc otrok, u\u010dencev in dijakov.<\/p>\n<h2>Konzorcijski partnerji<\/h2>\n<hr>\n<p>&nbsp; &nbsp; &nbsp;&#8211; <a href=\"https:\/\/www.zrss.si\/\" target=\"_blank\" rel=\"noopener\">Zavod Republike Slovenije za \u0161olstvo<\/a>&nbsp;(poslovode\u010di partner)<br \/>&nbsp; &nbsp; &nbsp;&#8211; Akademska in raziskovalna mre\u017ea Slovenije \u2013 ARNES<\/p>\n<h2>Partnerji projekta<\/h2>\n<hr>\n<p>V izvajanje programa je vklju\u010denih 220 vzgojno-izobra\u017eevalnih zavodov oz. organizacijskih enot vzgojno-izobra\u017eevalnih zavodov, ki bodo izvedli predvidene aktivnosti, opredeljene v&nbsp;<a href=\"https:\/\/www.zrss.si\/novice\/javni-poziv-za-izbor-sodelujocih-vzgojno-izobrazevalnih-zavodov-v-programu-dvig-digitalne-kompetentnosti\/\" target=\"_blank\" rel=\"noopener\">javnem pozivu za izbor sodelujo\u010dih vzgojno-izobra\u017eevalnih zavodov v programu Dvig digitalne kompetentnosti<\/a>. Zaposlenim v VIZ-ih, ki ne bodo vklju\u010deni v program (to so VIZ-i, ki se niso prijavili k sodelovanju), bo omogo\u010dena udele\u017eba na usposabljanjih, ki jih bosta izvajala konzorcijska partnerja.<\/p>\n<h2>Finan\u010dna podpora<\/h2>\n<hr>\n<p>Skupna vi\u0161ina sredstev, namenjena za izvedbo projekta, je 1.950.000,00 EUR.<\/p>\n<p>[\/et_pb_text][\/et_pb_column][\/et_pb_row][\/et_pb_section]<\/p>\n","protected":false},"excerpt":{"rendered":"<p>&nbsp; &nbsp;&nbsp; &nbsp; &nbsp; &nbsp; Nalo\u017ebo sofinancirata Republika Slovenija in Evropska unija iz&nbsp;Evropskega socialnega sklada. Namen projekta Namen projekta&nbsp;Dvig digitalne kompetentnosti&nbsp;je izbolj\u0161ati kakovost in u\u010dinkovitost izobra\u017eevanja in usposabljanj ter spodbujati razvoj inovativnih u\u010dnih okolij in pro\u017enih oblik u\u010denja, ki bodo prispevali k dvigu digitalnih kompetenc vodstvenih in strokovnih delavcev, otrok, u\u010dencev in dijakov. Cilj projekta [&hellip;]<\/p>\n","protected":false},"author":83251,"featured_media":0,"parent":0,"menu_order":0,"comment_status":"closed","ping_status":"closed","template":"","meta":{"_et_pb_use_builder":"on","_et_pb_old_content":"","_et_gb_content_width":"","ngg_post_thumbnail":0,"footnotes":"","_expiration-date-status":"saved","_expiration-date":0,"_expiration-date-type":"","_expiration-date-categories":[],"_expiration-date-options":[]},"class_list":["post-17481","page","type-page","status-publish","hentry"],"_links":{"self":[{"href":"https:\/\/slivnica.si\/index.php?rest_route=\/wp\/v2\/pages\/17481","targetHints":{"allow":["GET"]}}],"collection":[{"href":"https:\/\/slivnica.si\/index.php?rest_route=\/wp\/v2\/pages"}],"about":[{"href":"https:\/\/slivnica.si\/index.php?rest_route=\/wp\/v2\/types\/page"}],"author":[{"embeddable":true,"href":"https:\/\/slivnica.si\/index.php?rest_route=\/wp\/v2\/users\/83251"}],"replies":[{"embeddable":true,"href":"https:\/\/slivnica.si\/index.php?rest_route=%2Fwp%2Fv2%2Fcomments&post=17481"}],"version-history":[{"count":19,"href":"https:\/\/slivnica.si\/index.php?rest_route=\/wp\/v2\/pages\/17481\/revisions"}],"predecessor-version":[{"id":17536,"href":"https:\/\/slivnica.si\/index.php?rest_route=\/wp\/v2\/pages\/17481\/revisions\/17536"}],"wp:attachment":[{"href":"https:\/\/slivnica.si\/index.php?rest_route=%2Fwp%2Fv2%2Fmedia&parent=17481"}],"curies":[{"name":"wp","href":"https:\/\/api.w.org\/{rel}","templated":true}]}}