{"id":15501,"date":"2021-12-28T15:43:23","date_gmt":"2021-12-28T14:43:23","guid":{"rendered":"https:\/\/slivnica.splet.arnes.si\/?page_id=15501"},"modified":"2021-12-28T15:43:25","modified_gmt":"2021-12-28T14:43:25","slug":"varna-raba-interneta","status":"publish","type":"page","link":"https:\/\/slivnica.si\/?page_id=15501","title":{"rendered":"Varna raba interneta"},"content":{"rendered":"<p>[et_pb_section fb_built=&#8221;1&#8243; _builder_version=&#8221;3.22&#8243; _module_preset=&#8221;default&#8221;][et_pb_row column_structure=&#8221;3_4,1_4&#8243; _builder_version=&#8221;3.25&#8243; background_size=&#8221;initial&#8221; background_position=&#8221;top_left&#8221; background_repeat=&#8221;repeat&#8221; _module_preset=&#8221;default&#8221;][et_pb_column type=&#8221;3_4&#8243; _builder_version=&#8221;3.25&#8243; custom_padding=&#8221;|||&#8221; custom_padding__hover=&#8221;|||&#8221; _module_preset=&#8221;default&#8221;][et_pb_accordion _builder_version=&#8221;4.9.7&#8243; _module_preset=&#8221;default&#8221;][et_pb_accordion_item title=&#8221;Zlata pravila obna\u0161anja pri uporabi interneta&#8221; open=&#8221;on&#8221; _builder_version=&#8221;4.9.7&#8243; _module_preset=&#8221;default&#8221;]<\/p>\n<p><img loading=\"lazy\" decoding=\"async\" class=\"wp-image-15205  aligncenter\" src=\"https:\/\/slivnica.si\/files\/2021\/12\/zlata-pravila-300x213-1.jpg\" alt=\"\" width=\"477\" height=\"339\" \/><\/p>\n<p>[\/et_pb_accordion_item][et_pb_accordion_item title=&#8221;Smernice pediatrov za uporabo naprav z zasloni pri otrocih&#8221; _builder_version=&#8221;4.9.7&#8243; _module_preset=&#8221;default&#8221; open=&#8221;off&#8221;]<\/p>\n<p>Skoraj odkar obstaja na\u0161a to\u010dka osve\u0161\u010danja o varni rabi interneta, se sre\u010dujemo z vpra\u0161anji, kolik<\/p>\n<p>o uporabe ra\u010dunalnika, interneta je za otroke \u0161e priporo\u010dljivo. Dokon\u010dnega odgovora s strani stroke doslej ni bilo. Sedaj pa z veseljem sporo\u010damo, da smo tudi v Sloveniji dobili\u00a0<strong>smernice za uporabo naprav z zasloni pri otrocih in mladostnikih<\/strong>, ki jih je pripravilo\u00a0<strong>Zdru\u017eenje<\/strong><\/p>\n<p><strong>\u00a0slovenskih pediatrov<\/strong>\u00a0in\u00a0<strong>Sekcija za primarno pediatrijo<\/strong>\u00a0v sodelovanju ter s \u0161irokim konsenzom in podporo\u00a0<strong>drugih relevantnih strokovnjakov in institucij<\/strong>, md drugim tudi\u00a0<strong>Zavoda za \u0161olstvo in Ministrstva za izobra\u017eevanje, znanost in \u0161port.\u00a0\u00a0<\/strong><\/p>\n<p>Ena izmed raziskav je potrdila, da so te smernice nujne.<\/p>\n<p><img loading=\"lazy\" decoding=\"async\" class=\"wp-image-10675 aligncenter\" src=\"https:\/\/slivnica.si\/files\/2021\/12\/safe-868x1024-1.jpg\" alt=\"\" width=\"501\" height=\"590\" \/><\/p>\n<p>\u00bbPorastu problemati\u010dne uporabe zaslonov smo pri\u010da po vsem svetu, tudi v Sloveniji.\u00a0<strong>Po podatkih raziskave Z zdravjem povezano vedenje v \u0161olskem obdobju (2018) so znaki zasvojenosti z videoigrami prisotni pri 10,2 %, znaki problemati\u010dne uporabe dru\u017ebenih omre\u017eij pa pri 8,3 % slovenskih mladostnikov, starih 11, 13, 15 in 17 let,\u00ab<\/strong>\u00a0izpostavlja dr. \u0160pela Selak. Vse, predvsem star\u0161e pa tudi vzgojitelje in u\u010ditelje zato poziva, da \u00bbotroke in mladostnike spodbujajmo k zmerni, odgovorni, uravnote\u017eeni in varni uporabi od prvega stika z zasloni dalje.\u00ab<\/p>\n<p><strong>\u0160pela Re\u0161<\/strong>, univ. dipl. psihologinja, svetovalka na Logoutu, pa problematiko zaokro\u017ea s skrb vzbujajo\u010dimi podatki: \u00bb<strong>Mladostniki, vklju\u010deni v na\u0161e programe, so v zadnjih 12 mesecih pred zasloni telefona in ra\u010dunalnika v povpre\u010dju pre\u017eiveli med 5 in 6 ur dnevno izklju\u010dno za zabavne vsebine.<\/strong>\u00a0\u010ce temu pri\u0161tejemo \u0161e nekje 4 ure dnevno za \u0161olanje na daljavo, pridemo do 9 do 10 ur dnevnega zaslonskega \u010dasa. Ob tem sem kot strokovnjakinja za spletno vedenje, zaskrbljena.\u00a0<strong>\u010cas je za smernice,<\/strong>\u00a0ki bodo v pomo\u010d pri uravnote\u017eenju zaslonskega \u010dasa in pri izbiri ustreznih zaslonskih vsebin.\u00ab<\/p>\n<p><a href=\"https:\/\/safe.si\/novice\/odlozimo-zaslone-in-se-skupaj-otroki-podajmo-njihov-resnicni-svet\"><strong>Ve\u010d o smernicah pediatrov si lahko preberete na tej povezavi.<\/strong><\/a><\/p>\n<p>Vir: www.safe.si<\/p>\n<p>[\/et_pb_accordion_item][et_pb_accordion_item title=&#8221;PRISPEVEK O PREKOMERNI RABI TEHNOLOGIJE PRI OTROCIH&#8221; _builder_version=&#8221;4.9.7&#8243; _module_preset=&#8221;default&#8221; link_option_url=&#8221;https:\/\/slivnica2.splet.arnes.si\/2021\/10\/11\/prispevek-o-prekomerni-rabi-tehnologije-pri-otrocih\/&#8221; link_option_url_new_window=&#8221;on&#8221; open=&#8221;off&#8221;]<\/p>\n<div class=\"article__summary\"><strong>Na spletnem portalu je bil objavljen zanimiv prispevek o prekomerni rabi tehnologije pri otrocih. Prispevek je pripravila Natalija \u0160vab. Prispevek si lahko preberete spodaj ali pa na\u00a0<a href=\"https:\/\/www.24ur.com\/novice\/znanost-in-tehnologija\/tehnologija.html\">spletni strani 24ur.com.<\/a><\/strong><\/div>\n<div class=\"article__summary\">\u00a0<\/div>\n<div class=\"article__summary\">\u201cKo otrok poslu\u0161a pravljico o zmaju s sedmimi glavami, ki bruha ogenj, njegovi mo\u017egani slikajo prizor, nastaja sposobnost abstraktnega razmi\u0161ljanja, oblikuje se avtonomna vest. Izoblikuje se samostojen \u010dlovek. Sodobna tehnologija pa ustvarja nekriti\u010dnega potro\u0161nika, ki sledi umetno ustvarjenim potrebam,\u201d pravi Miha Kramli, terapevt, vodja centra za zdravljenje odvisnosti v Novi Gorici.<\/div>\n<p><strong><img loading=\"lazy\" decoding=\"async\" class=\" wp-image-15193 alignleft\" src=\"https:\/\/slivnica.si\/files\/2021\/12\/man-g9b76910b2_640.png\" alt=\"\" width=\"229\" height=\"218\" \/><\/strong><\/p>\n<p>\u201cBrez nove tehnologije ne gre. Na\u0161i otroci, njihova eksistenca, njihov status je odvisen od nove tehnologije. Nova tehnologija je sestavni del na\u0161ega \u017eivljenja, moramo pa storiti vse, da z njo nismo zasvojeni,\u201d pravi Kramli, ki se s to te\u017eavo vsak dan sre\u010duje pri svojem delu.<\/p>\n<p>Kot poudarja, ni ni\u010d narobe s tehnologijo, ki podpira realni svet. Omogo\u010da nam, da pla\u010damo polo\u017enice, tehnologija lahko olaj\u0161a operacije, razbremeni \u010dloveka.\u00a0<em>\u201cAmpak to je tehnologija, ob kateri postanem utrujen, naveli\u010dan. Ko pa se s pomo\u010djo nove tehnologije spro\u0161\u010dam, zabavam, je to nekaj povsem drugega. Takrat narava ni ve\u010d tako milostna. Takrat ne postajam utrujen, mo\u017egani \u017eelijo vedno bolj intenzivno dogajanje. Ljudje izgubljajo slu\u017ebe, se lo\u010dujejo, bankrotirajo, ambulante imamo polne z od devet do 84 let staro populacijo. Ni ve\u010d generacije, ki bi bila iz tega izvzeta,\u201d\u00a0<\/em>je Kramli pred dnevi razlo\u017eil na konferenci\u00a0<em>Odvisnost od elektronskih komunikacij v sodobni dru\u017ebi<\/em>, ki jo je pripravil Svet za elektronske komunikacije.<\/p>\n<p>&nbsp;<\/p>\n<p>Ve\u010d si lahko preberete na <a href=\"https:\/\/slivnica2.splet.arnes.si\/2021\/10\/11\/prispevek-o-prekomerni-rabi-tehnologije-pri-otrocih\/\">https:\/\/slivnica2.splet.arnes.si\/2021\/10\/11\/prispevek-o-prekomerni-rabi-tehnologije-pri-otrocih\/<\/a>.<\/p>\n<p>&nbsp;<\/p>\n<p>[\/et_pb_accordion_item][et_pb_accordion_item title=&#8221;Zasebnost v dru\u017eabnih omre\u017ejih&#8221; _builder_version=&#8221;4.9.7&#8243; _module_preset=&#8221;default&#8221; open=&#8221;off&#8221;]<\/p>\n<p><strong>Na dru\u017eabnih omre\u017ejih moramo biti previdni pri objavi podatkov o sebi. \u010ce je profil popolnoma javen, ga lahko vidi in deli naprej \u010disto vsak uporabnik interneta: tudi star\u0161i, u\u010ditelji, profesorji, delodajalci in popolni neznanci. Priporo\u010dljivo je prebrati Pogoje uporabe in Politiko zasebnosti dru\u017eabnega omre\u017eja, preden si ustvari\u0161 profil. Pri tem mora\u0161 biti pozoren tudi na informacije, komu bodo posredovali tvoje podatke, komu bodo na voljo v vpogled in ali jih bo\u0161 lahko trajno izbrisal.<\/strong><\/p>\n<p>Dru\u017eabna omre\u017eja nam omogo\u010dajo, da objavljamo podatke o sebi, sporo\u010damo drugim, kaj po\u010dnemo, kaj nas veseli ter celo kje v nekem trenutku smo. Zaradi vseh teh mo\u017enosti je pomembno, da poskrbimo za svojo zasebnost, saj se lahko zgodi, da bodo ti podatki dosegli \u0161ir\u0161e ob\u010dinstvo, kot bi si sami \u017eeleli. Posledice so lahko potem zelo neprijetne.<\/p>\n<p><strong>Nastavitve zasebnosti na dru\u017eabnih omre\u017ejih<a class=\"colorbox init-colorbox-processed cboxElement\" title=\"Zasebnost v dru\u017eabnih omre\u017ejih\" href=\"https:\/\/safe.si\/sites\/default\/files\/zasebnost-manjsa-obrezana.png\" data-colorbox-gallery=\"gallery-node-9401-IC9P5VvXvDs\" data-cbox-img-attrs=\"{&quot;title&quot;: &quot;&quot;, &quot;alt&quot;: &quot;&quot;}\"><img loading=\"lazy\" decoding=\"async\" class=\"image-style-fullnode alignright\" title=\"\" src=\"https:\/\/safe.si\/sites\/default\/files\/styles\/fullnode\/public\/zasebnost-manjsa-obrezana.png?itok=FRVpaNtO\" alt=\"\" width=\"320\" height=\"258\" \/><\/a><\/strong><\/p>\n<p>Pri ve\u010dini dru\u017eabnih omre\u017eij imamo mo\u017enost nastaviti svoj profil kot javen (to je ponavadi \u017ee privzeta nastavitev) ali kot zaseben. \u010ce pustimo profil javen, to pomeni, da lahko vsak \u2013 tvoja mama, tvoj najbolj\u0161i prijatelj, tvoja babica in celo tvoj \u0161ef, vidi kaj objavlja\u0161. Ne samo to, tisto, kar objavi\u0161, je lahko vidno tudi popolnim neznancem, tistim, s katerimi v resnici sploh ne \u017eeli\u0161 deliti dolo\u010denih vidikov svojega \u017eivljenja in tudi tistim, ki tega dru\u017eabnega omre\u017eja sploh ne uporabljajo. Zato je najvarneje, \u010de svoj profil na vseh dru\u017eabnih omre\u017ejih, ki jih uporablja\u0161 in kjer je to mogo\u010de, nastavi\u0161 kot zaseben. To ti omogo\u010da, da sam dolo\u010di\u0161, kdo lahko vidi tvoje podatke in objave. \u010ce nastavitev zasebnosti na izbranem dru\u017eabnem omre\u017eju ne najde\u0161, poi\u0161\u010di razdelek \u00bbSredi\u0161\u010de za pomo\u010d\u00ab oziroma \u00bbHelp center\u00ab, kjer lahko najde\u0161 informacije o tem, kako poskrbeti za zasebnost svojega profila.<\/p>\n<p>Tudi ko nastavi\u0161 profil kot zaseben, pa je pomembno, da si previden pri tem kaj objavlja\u0161. Dolo\u010denih informacij o sebi ni nikoli priporo\u010dljivo objaviti. To so na primer doma\u010di naslov, telefonska \u0161tevilka, ban\u010dni podatki, kopije svojih dokumentov, kot so osebna izkaznica, zdravstvena kartoteka, vozni\u0161ko dovoljenje, potni list in podobno. \u010ceprav \u017eeli\u0161 pokazati navdu\u0161enje nad tem kam namerava\u0161 kmalu odpotovati in zato objavi\u0161 sliko svojega potnega lista, si zapomni, da tvoj potni list vsebuje podatke, kot je \u010drtna koda, s katero lahko goljufi pridejo tudi do kak\u0161nih dragocenej\u0161ih podatkov o tebi. Prav tako ne objavljaj fotografij letalskih ali \u017eelezni\u0161kih vozovnic, rezervacij hotelov in podobno, kar izdaja, da bo\u0161 odpotoval in do kdaj te ne bo doma.<\/p>\n<p><strong>Lokacija<\/strong><\/p>\n<p>\u0160tevilna dru\u017eabna omre\u017eja ponujajo mo\u017enost deljenja\u00a0<a href=\"https:\/\/safe.si\/nasveti\/moja-identiteta-in-zasebnost\/lokacijske-storitve\">lokacije<\/a>\u00a0\u2013 vsaki\u010d, ko objavi\u0161 fotografijo, videoposnetek, posodobi\u0161 svoje stanje in podobno, lahko ob tem tudi deli\u0161, kje si oziroma kje je bila fotografija posneta. To lahko predstavlja veliko tveganje, saj nimajo vsi uporabniki dru\u017eabnih omre\u017eij dobrih namenov. \u010ce nekdo ve, kje si, te lahko tudi fizi\u010dno zasleduje (stalking). Prav tako tvegano je, \u010de z deljenjem lokacije druge ljudi obvesti\u0161 kdaj te ni doma. Z deljenjem dopustni\u0161kih fotografij, kjer drugim sporo\u010da\u0161, da je trenutno celotna tvoja dru\u017eina ve\u010d ur oddaljena od doma, lahko namre\u010d privabi\u0161 roparje. Deljenje svoje lokacije nikoli ne more biti popolnoma varno. Dodatno se lahko zavaruje\u0161 tako, da na svojem telefonu ali tablici preprosto izklopi\u0161 lokacijo in storitev vklopi\u0161 samo kadar jo res potrebuje\u0161.<\/p>\n<p><strong>Varstvo osebnih podatkov<\/strong><\/p>\n<p>Dru\u017eabna omre\u017eja te bodo pri registraciji vedno pozvala, da obkljuka\u0161 ali se strinja\u0161 s Pogoji uporabe in da prebere\u0161 in se strinja\u0161 s Politiko zasebnosti. Zelo pomembno je, da vedno, preden se pridru\u017ei\u0161 dru\u017eabnemu omre\u017eju, prebere\u0161 Politiko zasebnosti, preden ozna\u010di\u0161, da se strinja\u0161, saj lahko izve\u0161 veliko koristnih informacij glede tega, kako bo to dru\u017eabno omre\u017eje zbiralo in uporabljalo podatke o tebi. Politika zasebnosti je na\u010din, na katerega ti to podjetje, ki ima v lasti dru\u017eabno omre\u017eje, na katerega se \u017eeli\u0161 registrirati, zagotovi, da so tvoji podatki za\u0161\u010diteni. Enako pomembno je, da prebere\u0161 tudi Pogoje uporabe. Ena izmed klju\u010dnih stvari, na katere mora\u0161 biti pozoren pri tem, ko se pridru\u017euje\u0161 novemu dru\u017eabnemu omre\u017eju, je, komu bo to dru\u017eabno omre\u017eje posredovalo tvoje podatke. Dru\u017eabna omre\u017eja pogosto uporabijo tvoje podatke, da jih delijo s tretjimi osebami, na primer s podjetji z igrami (\u010de dru\u017eabno omre\u017eje ponuja mo\u017enost igranja iger) ali preprosto iz ogla\u0161evalskih razlogov. To bo vedno zapisano v Politiki zasebnosti v razdelku o tem, komu se podatki posredujejo (npr. razdelek \u00bbPosredovanje podatkov neodvisnim partnerjem\u00ab pri Facebooku in Instagramu). Bodi pozoren tudi na informacije o tem ali je podatke mogo\u010de trajno izbrisati.<\/p>\n<p>Vir: safe.si<\/p>\n<p>[\/et_pb_accordion_item][\/et_pb_accordion][\/et_pb_column][et_pb_column type=&#8221;1_4&#8243; _builder_version=&#8221;3.25&#8243; custom_padding=&#8221;|||&#8221; custom_padding__hover=&#8221;|||&#8221; _module_preset=&#8221;default&#8221;][et_pb_text _builder_version=&#8221;4.9.7&#8243; background_size=&#8221;initial&#8221; background_position=&#8221;top_left&#8221; background_repeat=&#8221;repeat&#8221; _module_preset=&#8221;default&#8221;]<\/p>\n<p style=\"text-align: right\"><strong>Na spodnjih povezavah si lahko ogledate zanimive in pou\u010dne filme o varni rabi interneta in IKT tehnologije.<\/strong><\/p>\n<p style=\"text-align: right\"><strong><a href=\"http:\/\/otroci.safe.si\/\" target=\"_blank\" rel=\"noopener noreferrer\">Risanke Ovce<\/a><a href=\"https:\/\/video.arnes.si\/portal\/asset.zul?id=sSZWVPxLiXTTUXpMgK05sUFY\" target=\"_blank\" rel=\"noopener noreferrer\"><br \/><\/a><a href=\"http:\/\/www.safe.si\/gradiva-in-orodja\/video-vsebine\" target=\"_blank\" rel=\"noopener noreferrer\">Safe.si &#8211; videi<\/a><a href=\"https:\/\/video.arnes.si\/portal\/asset.zul?id=sSZWVPxLiXTTUXpMgK05sUFY\" target=\"_blank\" rel=\"noopener noreferrer\"><br \/>Nisem vedno viden<br \/><\/a><a href=\"https:\/\/video.arnes.si\/portal\/asset.zul?id=rHMeRWOBA9SPHVYjL1yK1TNj\" target=\"_blank\" rel=\"noopener noreferrer\">Nevarnosti na spletu<\/a><a href=\"https:\/\/video.arnes.si\/portal\/asset.zul?id=sSZWVPxLiXTTUXpMgK05sUFY\" target=\"_blank\" rel=\"noopener noreferrer\"><br \/>Internetne prevare<br \/><\/a><a href=\"https:\/\/video.arnes.si\/portal\/asset.zul?id=JdXiIJqBPJ89E9IqX8P20OCW\" target=\"_blank\" rel=\"noopener noreferrer\">Gesla<\/a><\/strong><br \/><strong><a href=\"https:\/\/video.arnes.si\/portal\/asset.zul?id=tCIFtfgVBgMOCzMBPznsNg1s\" target=\"_blank\" rel=\"noopener noreferrer\">Varna gesla<\/a><\/strong><br \/><strong><a href=\"https:\/\/video.arnes.si\/portal\/asset.zul?id=h2KbVbIOYtNZrSMYUa1ilay3\" target=\"_blank\" rel=\"noopener noreferrer\">Je pisalo na netu<\/a><\/strong><br \/><strong><a href=\"https:\/\/video.arnes.si\/portal\/asset.zul?id=V2JhSCNXoIOcLGBHqJBKdlGE\" target=\"_blank\" rel=\"noopener noreferrer\">Dru\u017ebena omre\u017eja<\/a><\/strong><br \/><strong><a href=\"https:\/\/video.arnes.si\/portal\/asset.zul?id=HGSkWiENfMUOdD8He1VJM0i1\" target=\"_blank\" rel=\"noopener noreferrer\">Kako se obna\u0161amo<\/a><\/strong><br \/><strong><a href=\"https:\/\/video.arnes.si\/portal\/asset.zul?id=C1RnDuVROZCUcSZaWX8RMmCd\" target=\"_blank\" rel=\"noopener noreferrer\">Pravo \u017eivljenje<\/a><\/strong><\/p>\n<p>[\/et_pb_text][\/et_pb_column][\/et_pb_row][\/et_pb_section][et_pb_section fb_built=&#8221;1&#8243; _builder_version=&#8221;4.9.7&#8243; _module_preset=&#8221;default&#8221;][et_pb_row _builder_version=&#8221;4.9.7&#8243; _module_preset=&#8221;default&#8221;][et_pb_column type=&#8221;4_4&#8243; _builder_version=&#8221;4.9.7&#8243; _module_preset=&#8221;default&#8221;][\/et_pb_column][\/et_pb_row][\/et_pb_section]<\/p>\n","protected":false},"excerpt":{"rendered":"<p>Skoraj odkar obstaja na\u0161a to\u010dka osve\u0161\u010danja o varni rabi interneta, se sre\u010dujemo z vpra\u0161anji, kolik o uporabe ra\u010dunalnika, interneta je za otroke \u0161e priporo\u010dljivo. Dokon\u010dnega odgovora s strani stroke doslej ni bilo. Sedaj pa z veseljem sporo\u010damo, da smo tudi v Sloveniji dobili\u00a0smernice za uporabo naprav z zasloni pri otrocih in mladostnikih, ki jih je [&hellip;]<\/p>\n","protected":false},"author":83251,"featured_media":0,"parent":0,"menu_order":0,"comment_status":"closed","ping_status":"closed","template":"","meta":{"_et_pb_use_builder":"on","_et_pb_old_content":"","_et_gb_content_width":"","ngg_post_thumbnail":0,"footnotes":"","_expiration-date-status":"","_expiration-date":0,"_expiration-date-type":"","_expiration-date-categories":[],"_expiration-date-options":[]},"class_list":["post-15501","page","type-page","status-publish","hentry"],"_links":{"self":[{"href":"https:\/\/slivnica.si\/index.php?rest_route=\/wp\/v2\/pages\/15501","targetHints":{"allow":["GET"]}}],"collection":[{"href":"https:\/\/slivnica.si\/index.php?rest_route=\/wp\/v2\/pages"}],"about":[{"href":"https:\/\/slivnica.si\/index.php?rest_route=\/wp\/v2\/types\/page"}],"author":[{"embeddable":true,"href":"https:\/\/slivnica.si\/index.php?rest_route=\/wp\/v2\/users\/83251"}],"replies":[{"embeddable":true,"href":"https:\/\/slivnica.si\/index.php?rest_route=%2Fwp%2Fv2%2Fcomments&post=15501"}],"version-history":[{"count":2,"href":"https:\/\/slivnica.si\/index.php?rest_route=\/wp\/v2\/pages\/15501\/revisions"}],"predecessor-version":[{"id":15507,"href":"https:\/\/slivnica.si\/index.php?rest_route=\/wp\/v2\/pages\/15501\/revisions\/15507"}],"wp:attachment":[{"href":"https:\/\/slivnica.si\/index.php?rest_route=%2Fwp%2Fv2%2Fmedia&parent=15501"}],"curies":[{"name":"wp","href":"https:\/\/api.w.org\/{rel}","templated":true}]}}