{"id":155,"date":"2015-07-09T09:26:02","date_gmt":"2015-07-09T08:26:02","guid":{"rendered":"http:\/\/slivnica.splet.arnes.si\/?page_id=155"},"modified":"2025-10-24T13:43:11","modified_gmt":"2025-10-24T11:43:11","slug":"solska-zakonodja","status":"publish","type":"page","link":"https:\/\/slivnica.si\/?page_id=155","title":{"rendered":"\u0160olska zakonodaja"},"content":{"rendered":"<p>[et_pb_section fb_built=&#8221;1&#8243; admin_label=&#8221;section&#8221; _builder_version=&#8221;4.16&#8243; global_colors_info=&#8221;{}&#8221;][et_pb_row admin_label=&#8221;row&#8221; _builder_version=&#8221;4.16&#8243; background_size=&#8221;initial&#8221; background_position=&#8221;top_left&#8221; background_repeat=&#8221;repeat&#8221; hover_enabled=&#8221;0&#8243; global_colors_info=&#8221;{}&#8221; sticky_enabled=&#8221;0&#8243;][et_pb_column type=&#8221;4_4&#8243; _builder_version=&#8221;4.16&#8243; custom_padding=&#8221;|||&#8221; global_colors_info=&#8221;{}&#8221; custom_padding__hover=&#8221;|||&#8221;][et_pb_text admin_label=&#8221;Text&#8221; _builder_version=&#8221;4.27.4&#8243; background_size=&#8221;initial&#8221; background_position=&#8221;top_left&#8221; background_repeat=&#8221;repeat&#8221; hover_enabled=&#8221;0&#8243; global_colors_info=&#8221;{}&#8221; sticky_enabled=&#8221;0&#8243;]<\/p>\n<p><a href=\"https:\/\/slivnica.si\/files\/2022\/08\/PRAVILNIK-O-PRODAJI-BLAGA-IN-STORITEV-NA-TRGU.pdf\" target=\"_blank\" rel=\"noopener\">&#8211; Pravilnik o prodaji blaga in storitev na trgu<\/a><\/p>\n<p><a href=\"https:\/\/slivnica.si\/files\/2022\/08\/pravilnik_solski_sklad.pdf\" target=\"_blank\" rel=\"noopener\">&#8211; Pravila \u0161olskega sklada<\/a><\/p>\n<p><a href=\"http:\/\/slivnica.splet.arnes.si\/files\/2015\/07\/Pravilnik-o-subvencioniranju-sole-v-naravi-OS-Slivnica_2013.pdf\" target=\"_blank\" rel=\"noopener noreferrer\">&#8211; Pravil<\/a><a href=\"http:\/\/slivnica.splet.arnes.si\/files\/2015\/07\/Pravilnik-o-subvencioniranju-sole-v-naravi-OS-Slivnica_2013.pdf\" target=\"_blank\" rel=\"noopener noreferrer\">nik o subvencioniranju \u0161ole v naravi O\u0160 Slivnica pri Celju<\/a><\/p>\n<p><a href=\"https:\/\/slivnica.si\/files\/2024\/11\/pravila_o_prilagajanju_solskih_obveznosti.pdf\" target=\"_blank\" rel=\"noopener\">&#8211; Pravila o prilagajanju \u0161olskih obveznosti<\/a><\/p>\n<p><a href=\"http:\/\/slivnica.splet.arnes.si\/files\/2020\/09\/Pravila_solske_prehrane_2017.pdf\" target=\"_blank\" rel=\"noopener noreferrer\">&#8211; Pravila \u0161olske prehrane<\/a><\/p>\n<p><a href=\"https:\/\/slivnica.si\/files\/2025\/10\/pravila_solskega_reda_2025.pdf\" target=\"_blank\" rel=\"noopener noreferrer\">&#8211; Pravila \u0161olskega reda O\u0160 Slivnica pri Celju<\/a><\/p>\n<p><a href=\"https:\/\/slivnica.si\/files\/2015\/07\/Hi\u0161ni-red-O\u0160-Slivnica-pri-Celju_2019.pdf\" target=\"_blank\" rel=\"noopener noreferrer\">&#8211; Hi\u0161ni red O\u0160 Slivnica pri Celju<\/a><\/p>\n<p><a href=\"http:\/\/slivnica.splet.arnes.si\/files\/2015\/08\/Hi\u0161ni-red-\u0161portno-igri\u0161\u010de_2011.pdf\" target=\"_blank\" rel=\"noopener noreferrer\">&#8211; Hi\u0161ni red \u0161portno igri\u0161\u010de<\/a><\/p>\n<p><a href=\"https:\/\/slivnica.si\/files\/2024\/11\/nacrt_solskih_poti_slivnica_24_25.pdf\" target=\"_blank\" rel=\"noopener noreferrer\">&#8211; Na\u010drt \u0161olskih poti O\u0160 Slivnica pri Celju<\/a><\/p>\n<p><a href=\"https:\/\/slivnica.si\/?page_id=18505\">&#8211; Pravilnik o videonadzoru v O\u0160 Slivnica pri Celju<\/a><\/p>\n<p><a href=\"http:\/\/slivnica.splet.arnes.si\/?p=8851\">&#8211; Varstvo osebnih podatkov na O\u0160 Slivnica pri Celju<\/a><\/p>\n<p>[\/et_pb_text][\/et_pb_column][\/et_pb_row][\/et_pb_section]<\/p>\n","protected":false},"excerpt":{"rendered":"<p>&#8211; Pravilnik o prodaji blaga in storitev na trgu &#8211; Pravila \u0161olskega sklada &#8211; Pravilnik o subvencioniranju \u0161ole v naravi O\u0160 Slivnica pri Celju &#8211; Pravila o prilagajanju \u0161olskih obveznosti &#8211; Pravila \u0161olske prehrane &#8211; Pravila \u0161olskega reda O\u0160 Slivnica pri Celju &#8211; Hi\u0161ni red O\u0160 Slivnica pri Celju &#8211; Hi\u0161ni red \u0161portno igri\u0161\u010de &#8211; [&hellip;]<\/p>\n","protected":false},"author":5705,"featured_media":0,"parent":0,"menu_order":0,"comment_status":"open","ping_status":"open","template":"","meta":{"_et_pb_use_builder":"on","_et_pb_old_content":"<a href=\"https:\/\/slivnica.splet.arnes.si\/files\/2022\/08\/PRAVILNIK-O-PRODAJI-BLAGA-IN-STORITEV-NA-TRGU.pdf\" target=\"_blank\" rel=\"noopener\">- Pravilnik o prodaji blaga in storitev na trgu<\/a>\r\n\r\n<a href=\"https:\/\/slivnica.splet.arnes.si\/files\/2022\/08\/pravilnik_solski_sklad.pdf\" target=\"_blank\" rel=\"noopener\">- Pravila \u0161olskega sklada<\/a>\r\n\r\n<a href=\"http:\/\/slivnica.splet.arnes.si\/files\/2015\/07\/Pravilnik-o-subvencioniranju-sole-v-naravi-OS-Slivnica_2013.pdf\" target=\"_blank\" rel=\"noopener noreferrer\">- Pravil<\/a><a href=\"http:\/\/slivnica.splet.arnes.si\/files\/2015\/07\/Pravilnik-o-subvencioniranju-sole-v-naravi-OS-Slivnica_2013.pdf\" target=\"_blank\" rel=\"noopener noreferrer\">nik o subvencioniranju \u0161ole v naravi O\u0160 Slivnica pri Celju<\/a>\r\n\r\n<a href=\"https:\/\/slivnica.splet.arnes.si\/files\/2024\/11\/pravila_o_prilagajanju_solskih_obveznosti.pdf\" target=\"_blank\" rel=\"noopener\">- Pravila o prilagajanju \u0161olskih obveznosti<\/a>\r\n\r\n<a href=\"http:\/\/slivnica.splet.arnes.si\/files\/2020\/09\/Pravila_solske_prehrane_2017.pdf\" target=\"_blank\" rel=\"noopener noreferrer\">- Pravila \u0161olske prehrane<\/a>\r\n\r\n<a href=\"http:\/\/slivnica.splet.arnes.si\/files\/2015\/07\/Pravila-\u0161olskega-reda-O\u0160-Slivnica-pri-Celju_2016.pdf\" target=\"_blank\" rel=\"noopener noreferrer\">- Pravila \u0161olskega reda O\u0160 Slivnica pri Celju<\/a>\r\n\r\n<a href=\"http:\/\/slivnica.splet.arnes.si\/files\/2015\/08\/VZGOJNI-NA\u010cRT.pdf\" target=\"_blank\" rel=\"noopener noreferrer\">- Vzgojni na\u010drt<\/a>\r\n\r\n<a href=\"https:\/\/slivnica.splet.arnes.si\/files\/2015\/07\/Hi\u0161ni-red-O\u0160-Slivnica-pri-Celju_2019.pdf\" target=\"_blank\" rel=\"noopener noreferrer\">- Hi\u0161ni red O\u0160 Slivnica pri Celju<\/a>\r\n\r\n<a href=\"http:\/\/slivnica.splet.arnes.si\/files\/2015\/08\/Hi\u0161ni-red-\u0161portno-igri\u0161\u010de_2011.pdf\" target=\"_blank\" rel=\"noopener noreferrer\">- Hi\u0161ni red \u0161portno igri\u0161\u010de<\/a>\r\n\r\n<a href=\"https:\/\/slivnica.splet.arnes.si\/files\/2024\/11\/nacrt_solskih_poti_slivnica_24_25.pdf\" target=\"_blank\" rel=\"noopener noreferrer\">- Na\u010drt \u0161olskih poti O\u0160 Slivnica pri Celju<\/a>\r\n\r\n<a href=\"https:\/\/slivnica.splet.arnes.si\/?page_id=18505\">- Pravilnik o videonadzoru v O\u0160 Slivnica pri Celju<\/a>\r\n\r\n<a href=\"http:\/\/slivnica.splet.arnes.si\/?p=8851\">- Varstvo osebnih podatkov na O\u0160 Slivnica pri Celju<\/a>","_et_gb_content_width":"","ngg_post_thumbnail":0,"footnotes":"","_expiration-date-status":"","_expiration-date":0,"_expiration-date-type":"","_expiration-date-categories":[],"_expiration-date-options":[]},"class_list":["post-155","page","type-page","status-publish","hentry"],"_links":{"self":[{"href":"https:\/\/slivnica.si\/index.php?rest_route=\/wp\/v2\/pages\/155","targetHints":{"allow":["GET"]}}],"collection":[{"href":"https:\/\/slivnica.si\/index.php?rest_route=\/wp\/v2\/pages"}],"about":[{"href":"https:\/\/slivnica.si\/index.php?rest_route=\/wp\/v2\/types\/page"}],"author":[{"embeddable":true,"href":"https:\/\/slivnica.si\/index.php?rest_route=\/wp\/v2\/users\/5705"}],"replies":[{"embeddable":true,"href":"https:\/\/slivnica.si\/index.php?rest_route=%2Fwp%2Fv2%2Fcomments&post=155"}],"version-history":[{"count":16,"href":"https:\/\/slivnica.si\/index.php?rest_route=\/wp\/v2\/pages\/155\/revisions"}],"predecessor-version":[{"id":31611,"href":"https:\/\/slivnica.si\/index.php?rest_route=\/wp\/v2\/pages\/155\/revisions\/31611"}],"wp:attachment":[{"href":"https:\/\/slivnica.si\/index.php?rest_route=%2Fwp%2Fv2%2Fmedia&parent=155"}],"curies":[{"name":"wp","href":"https:\/\/api.w.org\/{rel}","templated":true}]}}