{"id":15499,"date":"2021-12-28T15:42:00","date_gmt":"2021-12-28T14:42:00","guid":{"rendered":"https:\/\/slivnica.splet.arnes.si\/?page_id=15499"},"modified":"2025-10-15T11:23:53","modified_gmt":"2025-10-15T09:23:53","slug":"uporabne-povezave","status":"publish","type":"page","link":"https:\/\/slivnica.si\/?page_id=15499","title":{"rendered":"Uporabne povezave"},"content":{"rendered":"<hr>\n<p>Oddaja nalog z Microsoft Lens: <a href=\"https:\/\/video.arnes.si\/watch\/8kg2l8b59719\">Navodila<\/a><\/p>\n<hr>\n<p>Namestitev microsoft office 365&nbsp;<br \/>\nPrenos programov:&nbsp; <a href=\"https:\/\/slivnica.si\/?page_id=28839\">Navodila <\/a>&nbsp;<\/p>\n<hr>\n<p>Prijava v \u0161olski e-mail:&nbsp;<a href=\"https:\/\/video.arnes.si\/watch\/tl1wlyqphn67\">Navodila<\/a><\/p>\n<hr>\n<p>Prijava v Canvo:&nbsp;<a href=\"https:\/\/video.arnes.si\/watch\/pcw9q0db8q4w\">Navodila<\/a><\/p>\n<hr>\n<p><a href=\"https:\/\/slivnica.si\/?page_id=22276\">EDUROAM<\/a><\/p>\n<p><a href=\"https:\/\/mail.google.com\/mail\/u\/0\/\">Povezava do E-po\u0161te<\/a><\/p>\n<p><a href=\"https:\/\/mdm.arnes.si\/Prijava\/Password.aspx\">AAi sprememba gesla<\/a><\/p>\n<hr>\n<p><a href=\"https:\/\/skupnost.sio.si\/login\/index.php\" target=\"_blank\" rel=\"noopener noreferrer\">Kolesarski izpit<\/a><\/p>\n<p>Preden klikne\u0161 zgornjo povezavo, preberi&nbsp;<a href=\"http:\/\/slivnica.splet.arnes.si\/files\/2015\/07\/Kolesarski_izpit.docx\">navodila<\/a>,&nbsp;kako se prijavi\u0161.<\/p>\n<hr>\n<p><a href=\"https:\/\/video.arnes.si\/watch\/qdc3w99kwp3t\" target=\"_blank\" rel=\"noopener\">Nastavi \u010dasovni pas v aplikaciji Google Koledar<\/a><\/p>\n<hr>\n<p>Status u\u010denca:<strong><br \/>\n<\/strong>Postopek za pridobitev statusa urejujejo pravila o prilagajanju \u0161olskih obveznosti, ki se nahajajo v rubriki&nbsp;<a href=\"http:\/\/slivnica.splet.arnes.si\/?page_id=155\">\u0160olski dokumenti.<\/a>&nbsp; Pravilnik se nahaja v rubriki \u0160olska zakonodaja, star\u0161i zaprosijo za prilagajanje \u0161olskih obveznosti s&nbsp; predlogom za dodelite statusa, ki je ga najdejo v rubriki&nbsp;<a href=\"http:\/\/slivnica.splet.arnes.si\/?page_id=151\" target=\"_blank\" rel=\"noopener noreferrer\">Obrazci<\/a>.<\/p>\n<hr>\n<p><a href=\"http:\/\/slivnica.splet.arnes.si\/files\/2015\/07\/Pravila_%C5%A1olskega_reda.pdf\" target=\"_blank\" rel=\"noopener noreferrer\">Pravila \u0161olskega reda<\/a>&nbsp;obsegajo: dol\u017enosti in odgovornosti u\u010dencev, zagotavljanje varnosti, pravila obna\u0161anja in ravnanja v \u0161olskih in drugih prostorih, vzgojne ukrepe za posamezne kr\u0161itve pravil, organiziranost u\u010dencev, opravi\u010devanje odsotnosti in sodelovanje pri zagotavljanju zdravstvenega varstva u\u010dencev. Pravila smo oblikovali v sodelovanju s strokovnimi delavci \u0161ole, u\u010denci in star\u0161i.<\/p>\n<hr>\n<p><a href=\"https:\/\/accounts.google.com\/ServiceLogin?continue=https%3A%2F%2Fmail.google.com%2Fmail%2F&amp;ltmpl=default&amp;service=mail&amp;sacu=1&amp;hd=viva.slivnica.si#identifier\" target=\"_blank\" rel=\"noopener noreferrer\" data-et-has-event-already=\"true\">e-po\u0161ta<\/a>&nbsp;&nbsp; &nbsp; odslej uporabljamo&nbsp;<em>ime.priimek@slivnica.si<\/em><\/p>\n<p><a href=\"https:\/\/www.youtube.com\/channel\/UCipFHULFkxAQI7nhKlG34Qg\" target=\"_blank\" rel=\"noopener noreferrer\">Na\u0161a \u0161ola na YouTubu<\/a><\/p>\n<p><a href=\"https:\/\/www.youtube.com\/watch?v=yo1XvQXf1F4\" target=\"_blank\" rel=\"noopener noreferrer\">ne-odvisen.si<\/a>&nbsp;\u2013 prisluhni pesmi<\/p>\n<hr>\n<p><a href=\"http:\/\/116217.winknj.si\/\" target=\"_blank\" rel=\"noopener noreferrer\">Katalog \u0161olske knji\u017enice<\/a><\/p>\n<hr>\n<p><a href=\"http:\/\/safe.si\/\" target=\"_blank\" rel=\"noopener noreferrer\">Varni na spletu<\/a><\/p>\n<p><a href=\"http:\/\/www.spletno-oko.si\/\" target=\"_blank\" rel=\"noopener noreferrer\">Spletno oko<\/a>&nbsp;\u2013 prijava e-zlorab<\/p>\n<p><a href=\"http:\/\/safe.si\/center-za-varnejsi-internet\/o-centru\/tom-telefon\" target=\"_blank\" rel=\"noopener noreferrer\">Tom telefon<\/a>&nbsp;za otroke v stiski<\/p>\n","protected":false},"excerpt":{"rendered":"<p>Oddaja nalog z Microsoft Lens: Navodila Namestitev microsoft office 365&nbsp; Prenos programov:&nbsp; Navodila &nbsp; Prijava v \u0161olski e-mail:&nbsp;Navodila Prijava v Canvo:&nbsp;Navodila EDUROAM Povezava do E-po\u0161te AAi sprememba gesla Kolesarski izpit Preden klikne\u0161 zgornjo povezavo, preberi&nbsp;navodila,&nbsp;kako se prijavi\u0161. Nastavi \u010dasovni pas v aplikaciji Google Koledar Status u\u010denca: Postopek za pridobitev statusa urejujejo pravila o prilagajanju \u0161olskih [&hellip;]<\/p>\n","protected":false},"author":83251,"featured_media":0,"parent":0,"menu_order":0,"comment_status":"closed","ping_status":"closed","template":"","meta":{"_et_pb_use_builder":"","_et_pb_old_content":"","_et_gb_content_width":"","ngg_post_thumbnail":0,"footnotes":"","_expiration-date-status":"","_expiration-date":0,"_expiration-date-type":"","_expiration-date-categories":[],"_expiration-date-options":[]},"class_list":["post-15499","page","type-page","status-publish","hentry"],"_links":{"self":[{"href":"https:\/\/slivnica.si\/index.php?rest_route=\/wp\/v2\/pages\/15499","targetHints":{"allow":["GET"]}}],"collection":[{"href":"https:\/\/slivnica.si\/index.php?rest_route=\/wp\/v2\/pages"}],"about":[{"href":"https:\/\/slivnica.si\/index.php?rest_route=\/wp\/v2\/types\/page"}],"author":[{"embeddable":true,"href":"https:\/\/slivnica.si\/index.php?rest_route=\/wp\/v2\/users\/83251"}],"replies":[{"embeddable":true,"href":"https:\/\/slivnica.si\/index.php?rest_route=%2Fwp%2Fv2%2Fcomments&post=15499"}],"version-history":[{"count":15,"href":"https:\/\/slivnica.si\/index.php?rest_route=\/wp\/v2\/pages\/15499\/revisions"}],"predecessor-version":[{"id":31386,"href":"https:\/\/slivnica.si\/index.php?rest_route=\/wp\/v2\/pages\/15499\/revisions\/31386"}],"wp:attachment":[{"href":"https:\/\/slivnica.si\/index.php?rest_route=%2Fwp%2Fv2%2Fmedia&parent=15499"}],"curies":[{"name":"wp","href":"https:\/\/api.w.org\/{rel}","templated":true}]}}