{"id":15497,"date":"2021-12-28T15:41:30","date_gmt":"2021-12-28T14:41:30","guid":{"rendered":"https:\/\/slivnica.splet.arnes.si\/?page_id=15497"},"modified":"2025-10-17T13:40:55","modified_gmt":"2025-10-17T11:40:55","slug":"knjiznica","status":"publish","type":"page","link":"https:\/\/slivnica.si\/?page_id=15497","title":{"rendered":"Knji\u017enica"},"content":{"rendered":"<p>[et_pb_section][et_pb_row][et_pb_column type=&#8221;4_4&#8243;][et_pb_text]<\/p>\n<div class=\"et_post_meta_wrapper\">\n<h1 class=\"entry-title\"><strong style=\"font-size: 16px\">OSNOVNI PODATKI O KNJI\u017dNICI:<\/strong><\/h1>\n<\/div>\n<div class=\"entry-content\">\n<p><img loading=\"lazy\" decoding=\"async\" class=\"wp-image-15162 alignright\" src=\"https:\/\/slivnica2.splet.arnes.si\/files\/2021\/10\/pexels-pixabay-159711-scaled.jpg\" alt=\"\" width=\"433\" height=\"288\">Naslov: O\u0160 Slivnica pri Celju \u2013 knji\u017enica,<br \/>\nGorica pri Slivnici 61,&nbsp;<br \/>\n3263 Gorica pri Slivnici<\/p>\n<\/div>\n<p>Telefon: 05 969 6057<\/p>\n<p>E-po\u0161ta: <a href=\"mailto:knjiznica@slivnica.si\">knjiznica@slivnica.si<\/a><\/p>\n<p>Knji\u017eni\u010darka: Jo\u017eica Vodeb<\/p>\n<p><strong>Odprtost knji\u017enice za izposojo<\/strong>: knji\u017enica je odprta vsak delovnik po \u0161olskem koledarju po urniku:<\/p>\n<p><a href=\"https:\/\/slivnica.si\/files\/2025\/09\/Urnik-knjiznica-2025_2026.pdf\">Urnik-knjiznica-2025_2026<\/a><\/p>\n<p>&nbsp;<\/p>\n<p>&nbsp;<\/p>\n<p>U\u010denci si lahko gradivo izposojajo pred poukom, med glavnim odmorom in po pouku.&nbsp; Za u\u010dence 1. triade imamo dogovorjeno skupinsko izposojo, v knji\u017enico lahko prihajajo tudi ob drugih terminih.&nbsp; Za izposojo, vra\u010danje in podalj\u0161evanje gradiva u\u010denci potrebujejo izkaznico.<\/p>\n<p>V \u010dasu odprtosti knji\u017enice bo deloval tudi knji\u017eni\u010darski kro\u017eek z bralnim klubom, priprave na tekmovanje o sladkorni bolezni, \u0161ahovski kro\u017eek, bralne urice in delavnice vse\u017eivljenjskega u\u010denja.<\/p>\n<p><a href=\"https:\/\/slivnica.si\/files\/2023\/10\/Knjiznicno-informacijsko-znanje.pdf\">Ure knji\u017eni\u010dnega informacijskega znanja<\/a> bomo izvajali ob petkih oz. po dogovoru z u\u010ditelji.<\/p>\n<p><strong>Knji\u017enica je zaprta:<\/strong><br \/>\n&#8211; kadar knji\u017eni\u010darka opravlja druge zadol\u017eitve (ima pouk, podalj\u0161ano bivanje ali izvaja ure nadome\u0161\u010danja in knji\u017eni\u010dnega informacijskega znanja, ima zadol\u017eitve na dnevih dejavnosti, je prisotna na sestankih, opravlja delo na podru\u017enicah)<br \/>\n&#8211; kadar je knji\u017eni\u010darka odsotna (izobra\u017eevanje, bolezen, dopust).<\/p>\n<p><strong>Knji\u017eni\u010dna zbirka:<br \/>\n<\/strong>&#8211; obsega pribli\u017eno 15.000 enot knji\u017eni\u010dnega gradiva<br \/>\n&#8211; knji\u017enici imamo tudi na podru\u017enicah v Loki pri \u017dusmu in na Prevorju, kjer izposojo vodita u\u010diteljici Frida Guben\u0161ek in Matejka Kramer<\/p>\n<p><strong>Katalog \u0161olske knji\u017enice<\/strong>:<\/p>\n<p><a href=\"https:\/\/plus.cobiss.net\/cobiss\/si\/sl\/bib\/search\/advanced?db=ossce-1\">https:\/\/plus.cobiss.net\/cobiss\/si\/sl\/bib\/search\/advanced?db=ossce-1<\/a><\/p>\n<p>&nbsp;<\/p>\n<p>&nbsp;<\/p>\n<p><strong>Oglasna deska:<\/strong><\/p>\n<p><a href=\"https:\/\/slivnica.si\/?p=30829\">Poletavci 2025<\/a><\/p>\n<p><a href=\"https:\/\/slivnica.si\/?p=30837\">Prvo\u0161olci prvi\u010d v \u0161olski knji\u017enici<\/a><\/p>\n<p>&nbsp;<\/p>\n<p>&nbsp;<\/p>\n<p><a href=\"https:\/\/slivnica.si\/?p=19801\">&#8211;<\/a><\/p>\n<p>[\/et_pb_text][\/et_pb_column][\/et_pb_row][\/et_pb_section]<\/p>\n","protected":false},"excerpt":{"rendered":"<p><div class=\"et_pb_section et_pb_section_0 et_section_regular\" >\n\t\t\t\t\n\t\t\t\t\n\t\t\t\t\n\t\t\t\t\n\t\t\t\t\n\t\t\t\t\n\t\t\t\t\n\t\t\t\t\n\t\t\t\t\n\t\t\t<\/div><div class=\"et_pb_row et_pb_row_0 et_pb_row_empty\">\n\t\t\t\t\n\t\t\t\t\n\t\t\t\t\n\t\t\t\t\n\t\t\t\t\n\t\t\t<\/div><div class=\"et_pb_module et_pb_text et_pb_text_0  et_pb_text_align_left et_pb_bg_layout_light\">\n\t\t\t\t\n\t\t\t\t\n\t\t\t\t\n\t\t\t\t\n\t\t\t\t\n\t\t\t<\/div> OSNOVNI PODATKI O KNJI\u017dNICI: Naslov: O\u0160 Slivnica pri Celju \u2013 knji\u017enica, Gorica pri Slivnici 61,&nbsp; 3263 Gorica pri Slivnici Telefon: 05 969 6057 E-po\u0161ta: knjiznica@slivnica.si Knji\u017eni\u010darka: Jo\u017eica Vodeb Odprtost knji\u017enice za izposojo: knji\u017enica je odprta vsak delovnik po \u0161olskem koledarju po urniku: Urnik-knjiznica-2025_2026 &nbsp; &nbsp; U\u010denci si lahko gradivo izposojajo pred poukom, med glavnim [&hellip;]<\/p>\n","protected":false},"author":4050,"featured_media":0,"parent":0,"menu_order":0,"comment_status":"closed","ping_status":"closed","template":"","meta":{"_et_pb_use_builder":"on","_et_pb_old_content":"<div class=\"et_post_meta_wrapper\"><h1 class=\"entry-title\"><strong style=\"font-size: 16px;\">OSNOVNI PODATKI O KNJI\u017dNICI:<\/strong><\/h1><\/div><div class=\"entry-content\"><p><img class=\"wp-image-15162 alignright\" src=\"https:\/\/slivnica2.splet.arnes.si\/files\/2021\/10\/pexels-pixabay-159711-scaled.jpg\" alt=\"\" width=\"433\" height=\"288\">Naslov: O\u0160 Slivnica pri Celju \u2013 knji\u017enica,<br>Gorica pri Slivnici 61,&nbsp;<br>3263 Gorica pri Slivnici<\/p><\/div><p>Telefon: 05 969 6057<\/p><p>E-po\u0161ta: <a href=\"mailto:knjiznica@slivnica.si\">knjiznica@slivnica.si<\/a><\/p><p>Knji\u017eni\u010darka: Jo\u017eica Vodeb<\/p><p><strong>Odprtost knji\u017enice za izposojo<\/strong>: knji\u017enica je odprta vsak delovnik po \u0161olskem koledarju po urniku:<\/p><p><a href=\"https:\/\/slivnica.splet.arnes.si\/files\/2025\/09\/Urnik-knjiznica-2025_2026.pdf\">Urnik-knjiznica-2025_2026<\/a><\/p><p>&nbsp;<\/p><p>&nbsp;<\/p><p>U\u010denci si lahko gradivo izposojajo pred poukom, med glavnim odmorom in po pouku.&nbsp; Za u\u010dence 1. triade imamo dogovorjeno skupinsko izposojo, v knji\u017enico lahko prihajajo tudi ob drugih terminih.&nbsp; Za izposojo, vra\u010danje in podalj\u0161evanje gradiva u\u010denci potrebujejo izkaznico.<\/p><p>V \u010dasu odprtosti knji\u017enice bo deloval tudi knji\u017eni\u010darski kro\u017eek z bralnim klubom, priprave na tekmovanje o sladkorni bolezni, \u0161ahovski kro\u017eek, bralne urice in delavnice vse\u017eivljenjskega u\u010denja.<\/p><p><a href=\"https:\/\/slivnica.splet.arnes.si\/files\/2023\/10\/Knjiznicno-informacijsko-znanje.pdf\">Ure knji\u017eni\u010dnega informacijskega znanja<\/a> bomo izvajali ob petkih oz. po dogovoru z u\u010ditelji.<\/p><p><strong>Knji\u017enica je zaprta:<\/strong><br>- kadar knji\u017eni\u010darka opravlja druge zadol\u017eitve (ima pouk, podalj\u0161ano bivanje ali izvaja ure nadome\u0161\u010danja in knji\u017eni\u010dnega informacijskega znanja, ima zadol\u017eitve na dnevih dejavnosti, je prisotna na sestankih, opravlja delo na podru\u017enicah)<br>- kadar je knji\u017eni\u010darka odsotna (izobra\u017eevanje, bolezen, dopust).<\/p><p><strong>Knji\u017eni\u010dna zbirka:<br><\/strong>- obsega pribli\u017eno 15.000 enot knji\u017eni\u010dnega gradiva<br>- knji\u017enici imamo tudi na podru\u017enicah v Loki pri \u017dusmu in na Prevorju, kjer izposojo vodita u\u010diteljici Frida Guben\u0161ek in Matejka Kramer<\/p><p><strong>Katalog \u0161olske knji\u017enice<\/strong>:<\/p><p><a href=\"https:\/\/plus.cobiss.net\/cobiss\/si\/sl\/bib\/search\/advanced?db=ossce-1\">https:\/\/plus.cobiss.net\/cobiss\/si\/sl\/bib\/search\/advanced?db=ossce-1<\/a><\/p><p>&nbsp;<\/p><p>&nbsp;<\/p><p><strong>Oglasna deska:<\/strong><\/p><p><a href=\"https:\/\/slivnica.splet.arnes.si\/?p=30829\">Poletavci 2025<\/a><\/p><p><a href=\"https:\/\/slivnica.splet.arnes.si\/?p=30837\">Prvo\u0161olci prvi\u010d v \u0161olski knji\u017enici<\/a><\/p><p>&nbsp;<\/p><p>&nbsp;<\/p><p><a href=\"https:\/\/slivnica.splet.arnes.si\/?p=19801\">-<\/a><\/p>","_et_gb_content_width":"","ngg_post_thumbnail":0,"footnotes":"","_expiration-date-status":"","_expiration-date":0,"_expiration-date-type":"","_expiration-date-categories":[],"_expiration-date-options":[]},"class_list":["post-15497","page","type-page","status-publish","hentry"],"_links":{"self":[{"href":"https:\/\/slivnica.si\/index.php?rest_route=\/wp\/v2\/pages\/15497","targetHints":{"allow":["GET"]}}],"collection":[{"href":"https:\/\/slivnica.si\/index.php?rest_route=\/wp\/v2\/pages"}],"about":[{"href":"https:\/\/slivnica.si\/index.php?rest_route=\/wp\/v2\/types\/page"}],"author":[{"embeddable":true,"href":"https:\/\/slivnica.si\/index.php?rest_route=\/wp\/v2\/users\/4050"}],"replies":[{"embeddable":true,"href":"https:\/\/slivnica.si\/index.php?rest_route=%2Fwp%2Fv2%2Fcomments&post=15497"}],"version-history":[{"count":14,"href":"https:\/\/slivnica.si\/index.php?rest_route=\/wp\/v2\/pages\/15497\/revisions"}],"predecessor-version":[{"id":31428,"href":"https:\/\/slivnica.si\/index.php?rest_route=\/wp\/v2\/pages\/15497\/revisions\/31428"}],"wp:attachment":[{"href":"https:\/\/slivnica.si\/index.php?rest_route=%2Fwp%2Fv2%2Fmedia&parent=15497"}],"curies":[{"name":"wp","href":"https:\/\/api.w.org\/{rel}","templated":true}]}}