{"id":15472,"date":"2021-12-28T15:34:32","date_gmt":"2021-12-28T14:34:32","guid":{"rendered":"https:\/\/slivnica.splet.arnes.si\/?page_id=15472"},"modified":"2025-10-15T11:16:08","modified_gmt":"2025-10-15T09:16:08","slug":"clanki-in-povezave","status":"publish","type":"page","link":"https:\/\/slivnica.si\/?page_id=15472","title":{"rendered":"\u010clanki in povezave"},"content":{"rendered":"<p><strong>Vredno branja<\/strong><\/p>\n<p><a href=\"http:\/\/siol.net\/siol-plus\/kolumne\/kdo-si-se-upa-brez-mame-po-svetu-431040\" target=\"_blank\" rel=\"noopener noreferrer\">Kdo si \u0161e upa brez mame po svetu?<\/a><\/p>\n<p><a href=\"https:\/\/psihofiza.wordpress.com\/2016\/04\/21\/otrok-na-popravilu\/\" target=\"_blank\" rel=\"noopener noreferrer\">Otrok na popravilu<\/a><\/p>\n<p><a href=\"http:\/\/zenska.hudo.com\/zdravje\/vzgoja-in-starsevstvo\/odprto-pismo-razocarane-mame-vzgojitelji-ucitelji-ministri-vsi-so-krivi-za-vse-le-starsi-ne\/\" target=\"_blank\" rel=\"noopener noreferrer\">Odprto pismo razo\u010darane mame<\/a><\/p>\n<p><a href=\"http:\/\/slivnica.splet.arnes.si\/files\/2015\/07\/otroci_vaskih_uciteljev.pdf\" target=\"_blank\" rel=\"noopener noreferrer\">Otroci va\u0161kih u\u010diteljev<\/a><\/p>\n<p><a href=\"http:\/\/slivnica.splet.arnes.si\/files\/2015\/07\/ce_imas_samostojne_otroke_cuden.pdf\" target=\"_blank\" rel=\"noopener noreferrer\">\u010ce ima\u0161 samostojne otroke, si \u010duden<\/a><\/p>\n<p><a href=\"http:\/\/slivnica.splet.arnes.si\/files\/2015\/07\/vzg_uc_minist_vsi_so_krivi.pdf\" target=\"_blank\" rel=\"noopener noreferrer\">Vzgojitelji, u\u010ditelji, ministri, \u2026, vsi so krivi za vse, samo star\u0161i ne!<\/a><\/p>\n<p><a href=\"http:\/\/slivnica.splet.arnes.si\/files\/2015\/07\/krive_ste_matere.pdf\">Krive ste matere<\/a><\/p>\n<p>&nbsp;<\/p>\n<hr>\n<p><strong>Uporabne povezave za star\u0161e<\/strong><\/p>\n<p><a href=\"http:\/\/ne-odvisen.si\/\" target=\"_blank\" rel=\"noopener noreferrer\">ne-odvisen.si<\/a><\/p>\n<p><a href=\"https:\/\/online.pubhtml5.com\/agha\/giyr\/#p=1\" data-et-has-event-already=\"true\"><strong>SMERNICE ZA UPORABO ZASLONOV PRI OTROCIH IN<\/strong>&nbsp;<strong>MLADOSTNIKIH<\/strong><\/a><\/p>\n<p>Internet ponuja veliko koristnega in tudi mnoge pasti \u2013 zlasti za otroke. Skupaj z njimi obi\u0161\u010dite naslednje spletne strani:<br \/>\n<a href=\"https:\/\/www.varninainternetu.si\/\" target=\"_blank\" rel=\"noopener\">Varni na internetu<\/a><br \/>\n<a href=\"https:\/\/safe.si\/\" target=\"_blank\" rel=\"noopener\">Safe.si<\/a><\/p>\n<hr>\n<p><strong>Kratki filmi o varni rabi interneta in naprav<\/strong><\/p>\n<p>1.&nbsp;<a href=\"https:\/\/video.arnes.si\/portal\/asset.zul?id=sSZWVPxLiXTTUXpMgK05sUFY\" target=\"_blank\" rel=\"noopener noreferrer\">Internetne povezave<\/a><\/p>\n<p>2. GESLA:<a href=\"https:\/\/video.arnes.si\/portal\/asset.zul?id=JdXiIJqBPJ89E9IqX8P20OCW\" target=\"_blank\" rel=\"noopener noreferrer\">&nbsp;https:\/\/video.arnes.si\/portal\/asset.zul?id=JdXiIJqBPJ89E9IqX8P20OCW<\/a><\/p>\n<p>3. JE PISALO NA NETU:&nbsp;<a href=\"https:\/\/video.arnes.si\/portal\/asset.zul?id=h2KbVbIOYtNZrSMYUa1ilay3\" target=\"_blank\" rel=\"noopener noreferrer\">https:\/\/video.arnes.si\/portal\/asset.zul?id=h2KbVbIOYtNZrSMYUa1ilay3<\/a><\/p>\n<p>4. DRU\u017dBENA OMRE\u017dJA:&nbsp;<a href=\"https:\/\/video.arnes.si\/portal\/asset.zul?id=V2JhSCNXoIOcLGBHqJBKdlGE\" target=\"_blank\" rel=\"noopener noreferrer\">https:\/\/video.arnes.si\/portal\/asset.zul?id=V2JhSCNXoIOcLGBHqJBKdlGE<\/a><\/p>\n<p>5. KAKO SE OBNA\u0160AMO:&nbsp;<a href=\"https:\/\/video.arnes.si\/portal\/asset.zul?id=HGSkWiENfMUOdD8He1VJM0i1\" target=\"_blank\" rel=\"noopener noreferrer\">https:\/\/video.arnes.si\/portal\/asset.zul?id=HGSkWiENfMUOdD8He1VJM0i1<br \/>\n<\/a><\/p>\n<p>6. PRAVO \u017dIVLJENJE:&nbsp;<a href=\"https:\/\/video.arnes.si\/portal\/asset.zul?id=C1RnDuVROZCUcSZaWX8RMmCd\" target=\"_blank\" rel=\"noopener noreferrer\">https:\/\/video.arnes.si\/portal\/asset.zul?id=C1RnDuVROZCUcSZaWX8RMmCd<\/a><\/p>\n","protected":false},"excerpt":{"rendered":"<p>Vredno branja Kdo si \u0161e upa brez mame po svetu? Otrok na popravilu Odprto pismo razo\u010darane mame Otroci va\u0161kih u\u010diteljev \u010ce ima\u0161 samostojne otroke, si \u010duden Vzgojitelji, u\u010ditelji, ministri, \u2026, vsi so krivi za vse, samo star\u0161i ne! Krive ste matere &nbsp; Uporabne povezave za star\u0161e ne-odvisen.si SMERNICE ZA UPORABO ZASLONOV PRI OTROCIH IN&nbsp;MLADOSTNIKIH Internet [&hellip;]<\/p>\n","protected":false},"author":83251,"featured_media":0,"parent":0,"menu_order":0,"comment_status":"closed","ping_status":"closed","template":"","meta":{"_et_pb_use_builder":"","_et_pb_old_content":"","_et_gb_content_width":"","ngg_post_thumbnail":0,"footnotes":"","_expiration-date-status":"","_expiration-date":0,"_expiration-date-type":"","_expiration-date-categories":[],"_expiration-date-options":[]},"class_list":["post-15472","page","type-page","status-publish","hentry"],"_links":{"self":[{"href":"https:\/\/slivnica.si\/index.php?rest_route=\/wp\/v2\/pages\/15472","targetHints":{"allow":["GET"]}}],"collection":[{"href":"https:\/\/slivnica.si\/index.php?rest_route=\/wp\/v2\/pages"}],"about":[{"href":"https:\/\/slivnica.si\/index.php?rest_route=\/wp\/v2\/types\/page"}],"author":[{"embeddable":true,"href":"https:\/\/slivnica.si\/index.php?rest_route=\/wp\/v2\/users\/83251"}],"replies":[{"embeddable":true,"href":"https:\/\/slivnica.si\/index.php?rest_route=%2Fwp%2Fv2%2Fcomments&post=15472"}],"version-history":[{"count":6,"href":"https:\/\/slivnica.si\/index.php?rest_route=\/wp\/v2\/pages\/15472\/revisions"}],"predecessor-version":[{"id":31385,"href":"https:\/\/slivnica.si\/index.php?rest_route=\/wp\/v2\/pages\/15472\/revisions\/31385"}],"wp:attachment":[{"href":"https:\/\/slivnica.si\/index.php?rest_route=%2Fwp%2Fv2%2Fmedia&parent=15472"}],"curies":[{"name":"wp","href":"https:\/\/api.w.org\/{rel}","templated":true}]}}