{"id":15470,"date":"2021-12-28T15:33:15","date_gmt":"2021-12-28T14:33:15","guid":{"rendered":"https:\/\/slivnica.splet.arnes.si\/?page_id=15470"},"modified":"2025-06-16T14:33:02","modified_gmt":"2025-06-16T12:33:02","slug":"seznami-ucbenikov-delovnih-zvezkov-in-drugih-ucnih-gradiv-za-solsko-leto-2021-2022","status":"publish","type":"page","link":"https:\/\/slivnica.si\/?page_id=15470","title":{"rendered":"Seznami u\u010dbenikov, delovnih zvezkov in zvezkov za \u0161olsko leto 2025\/2026"},"content":{"rendered":"<div class=\"et_pb_column et_pb_column_4_4 et_pb_column_0 et_pb_css_mix_blend_mode_passthrough et-last-child\">\n<div class=\"et_pb_module et_pb_text et_pb_text_0 et_pb_text_align_left et_pb_bg_layout_light\">\n<div class=\"et_pb_text_inner\">\n<p>Objavljamo sezname u\u010dbenikov, delovnih zvezkov in zvezkov za \u0161olsko leto 2025\/2026.<\/p>\n<p>Urejeni so po \u0161olah:<\/p>\n<ul>\n<li><a href=\"https:\/\/slivnica.si\/files\/2024\/06\/SEZNAM-OS-SLIVNICA-PRI-CELJU-2024_2025-maticna-sola-v-Gorici-pri-Slivnici.pdf\">O\u0160 Slivnica pri Celju, <\/a><a href=\"https:\/\/slivnica.si\/files\/2025\/06\/SEZNAM-OS-SLIVNICA-PRI-CELJU-2025_2026-maticna-sola-v-Gorici-pri-Slivnici.pdf\">mati\u010dna \u0161ola v Gorici pri Slivnici,<\/a><\/li>\n<li><a href=\"https:\/\/slivnica.si\/files\/2025\/06\/SEZNAM-OS-SLIVNICA-PRI-CELJU-2025_2026-PS-LOKA-PRI-ZUSMU.pdf\">PO\u0160 Loka pri \u017dusmu<\/a> in<\/li>\n<li><a href=\"https:\/\/slivnica.si\/files\/2025\/06\/SEZNAM-OS-SLIVNICA-PRI-CELJU-2025_2026-PS-PREVORJE.pdf\">PO\u0160 Prevorje<\/a>.<\/li>\n<\/ul>\n<p>Komplete delovnih zvezkov za u\u010dence od 1. do 3. razreda bo u\u010dencem priskrbela \u0161ola.<\/p>\n<p>Delovne zvezke za u\u010dence od 4. do 9. razreda kupite star\u0161i sami v knjigarnah ali preko spleta.<\/p>\n<p>&nbsp;<\/p>\n<p>&nbsp;Objavljamo povezave do elektronskih naro\u010dilnic nekaterih ponudnikov.<\/p>\n<p>Pri naro\u010danju bodite pozorni, da izberete pravo \u0161olo, saj se seznami med \u0161olami razlikujejo. Ponekod boste morali vpisati tudi ime \u0161ole Osnovna \u0161ola Slivnica pri Celju, da boste lahko izbirali med seznami vseh treh \u0161ol. Obseg ponudbe pri ponudnikih je razli\u010den, nekatere naro\u010dilnice vsebujejo delovne zvezke in zvezke, nekatere samo delovne zvezke, nekatere pa poleg delovnih zvezkov in zvezkov vsebujejo \u0161e \u0161ir\u0161i nabor \u0161olskih potreb\u0161\u010din (na tak\u0161nih seznamih morate odstraniti izdelke, ki jih va\u0161 otrok ne potrebuje), ponekod lahko izdelke, ki jih \u017eelite naro\u010diti, sami dodate.<\/p>\n<p>Priporo\u010damo, da sezname na elektronskih naro\u010dilnicah pred naro\u010dilom primerjate s \u0161olskimi seznami.<\/p>\n<ul>\n<li><a href=\"https:\/\/www.kopija-nova.si\/enostavno-narocanje\/?id_sole=32630010\">KOPIJA-NOVA<\/a><\/li>\n<li><a href=\"https:\/\/www.dzs.si\/\">DZS<\/a><\/li>\n<li><span style=\"color: #000000\">MLADINSKA KNJIGA<\/span> (<a href=\"https:\/\/emka.si\/pages\/solsko-leto\/osnovna-sola-slivnica-pri-celju-osnovna-sola-splosni-program-1-razred-1252777?parenthandle=osnovna-sola-slivnica-pri-celju&amp;program=Splo%C5%A1ni%20program\">Mati\u010dna \u0161ola v Gorici pri Slivnici<\/a>, <a href=\"https:\/\/emka.si\/pages\/solsko-leto\/osnovna-sola-slivnica-pri-celju-podruznicna-os-loka-pri-zusmu-osnovna-sola-splosni-program-1-razred-1252828?parenthandle=osnovna-sola-slivnica-pri-celju-podruznicna-os-loka-pri-zusmu&amp;program=Splo%C5%A1ni%20program\">PO\u0160 Loka pri \u017dusmu<\/a>, <a href=\"https:\/\/emka.si\/pages\/solsko-leto\/osnovna-sola-slivnica-pri-celju-podruznicna-osnovna-sola-prevorje-osnovna-sola-splosni-program-1-razred-1252787?parenthandle=osnovna-sola-slivnica-pri-celju-podruznicna-osnovna-sola-prevorje&amp;program=Splo%C5%A1ni%20program\">PO\u0160 Prevorje<\/a>)<\/li>\n<li><a href=\"https:\/\/go2school.com\/narocilo-sola-24?displaySchool=Osnovna%20%C5%A1ola%20slivnica%20pri%20celju\">ACRON<\/a><\/li>\n<\/ul>\n<p>&nbsp;<\/p>\n<p>&nbsp;<\/p>\n<p>&nbsp;<\/p>\n<p>&nbsp;<\/p>\n<p>&nbsp;<\/p>\n<p>&nbsp;<\/p>\n<p>&nbsp;<\/p>\n<p>&nbsp;<\/p>\n<\/div>\n<\/div>\n<\/div>\n","protected":false},"excerpt":{"rendered":"<p>Objavljamo sezname u\u010dbenikov, delovnih zvezkov in zvezkov za \u0161olsko leto 2025\/2026. Urejeni so po \u0161olah: O\u0160 Slivnica pri Celju, mati\u010dna \u0161ola v Gorici pri Slivnici, PO\u0160 Loka pri \u017dusmu in PO\u0160 Prevorje. Komplete delovnih zvezkov za u\u010dence od 1. do 3. razreda bo u\u010dencem priskrbela \u0161ola. Delovne zvezke za u\u010dence od 4. do 9. razreda [&hellip;]<\/p>\n","protected":false},"author":83251,"featured_media":0,"parent":0,"menu_order":0,"comment_status":"closed","ping_status":"closed","template":"","meta":{"_et_pb_use_builder":"","_et_pb_old_content":"","_et_gb_content_width":"","ngg_post_thumbnail":0,"footnotes":"","_expiration-date-status":"","_expiration-date":0,"_expiration-date-type":"","_expiration-date-categories":[],"_expiration-date-options":[]},"class_list":["post-15470","page","type-page","status-publish","hentry"],"_links":{"self":[{"href":"https:\/\/slivnica.si\/index.php?rest_route=\/wp\/v2\/pages\/15470","targetHints":{"allow":["GET"]}}],"collection":[{"href":"https:\/\/slivnica.si\/index.php?rest_route=\/wp\/v2\/pages"}],"about":[{"href":"https:\/\/slivnica.si\/index.php?rest_route=\/wp\/v2\/types\/page"}],"author":[{"embeddable":true,"href":"https:\/\/slivnica.si\/index.php?rest_route=\/wp\/v2\/users\/83251"}],"replies":[{"embeddable":true,"href":"https:\/\/slivnica.si\/index.php?rest_route=%2Fwp%2Fv2%2Fcomments&post=15470"}],"version-history":[{"count":15,"href":"https:\/\/slivnica.si\/index.php?rest_route=\/wp\/v2\/pages\/15470\/revisions"}],"predecessor-version":[{"id":30301,"href":"https:\/\/slivnica.si\/index.php?rest_route=\/wp\/v2\/pages\/15470\/revisions\/30301"}],"wp:attachment":[{"href":"https:\/\/slivnica.si\/index.php?rest_route=%2Fwp%2Fv2%2Fmedia&parent=15470"}],"curies":[{"name":"wp","href":"https:\/\/api.w.org\/{rel}","templated":true}]}}