{"id":15467,"date":"2021-12-28T15:32:04","date_gmt":"2021-12-28T14:32:04","guid":{"rendered":"https:\/\/slivnica.splet.arnes.si\/?page_id=15467"},"modified":"2025-04-22T20:40:09","modified_gmt":"2025-04-22T18:40:09","slug":"izbirni-predmeti","status":"publish","type":"page","link":"https:\/\/slivnica.si\/?page_id=15467","title":{"rendered":"Izbirni predmeti"},"content":{"rendered":"<p>Zelo hitro se pribli\u017euje novo \u0161olsko leto in s tem tudi izbira izbirnih predmetov. Na \u0161oli smo pripravili predlog teh predmetov. Ve\u010d o ponujenih predmetih si lahko preberete na spodnji povezavi.<br \/>\nPredmete boste rangirali v eAsistentu od 25. aprila do 9. maja 2025.<\/p>\n<p><a href=\"https:\/\/slivnica.si\/files\/2025\/04\/Obvezni-in-neobvezni-izbirni-predmeti-2025_2026.pdf\" target=\"_blank\" rel=\"noopener\">Obvezni in neobvezni izbirni predmeti 2025_2026<\/a><\/p>\n<p><a href=\"https:\/\/slivnica.si\/files\/2025\/04\/Predstavitev-obveznih-izbirnih-predmetov-2025_2026.pdf\" target=\"_blank\" rel=\"noopener\">Predstavitev obveznih izbirnih predmetov za u\u010dence od 7. do 9. razreda<\/a><\/p>\n<p><a href=\"https:\/\/slivnica.si\/files\/2025\/04\/Vloga-za-oprostitev-obiskovanja-izbirnih-predmetov-2025_2026.pdf\" target=\"_blank\" rel=\"noopener\">Vloga za oprostitev obiskovanja izbirnih predmetov 2025_2026<\/a><\/p>\n<p><a href=\"https:\/\/slivnica.si\/files\/2022\/04\/Kako-starsi-vidijo-izbirni-postopek-in-razvrscajo-predmete-na-portalu-za-starse.pdf\">Kako star\u0161i vidijo izbirni postopek in razvr\u0161\u010dajo predmete na portalu za star\u0161e<\/a><\/p>\n<p>&nbsp;<\/p>\n","protected":false},"excerpt":{"rendered":"<p>Zelo hitro se pribli\u017euje novo \u0161olsko leto in s tem tudi izbira izbirnih predmetov. Na \u0161oli smo pripravili predlog teh predmetov. Ve\u010d o ponujenih predmetih si lahko preberete na spodnji povezavi. Predmete boste rangirali v eAsistentu od 25. aprila do 9. maja 2025. Obvezni in neobvezni izbirni predmeti 2025_2026 Predstavitev obveznih izbirnih predmetov za u\u010dence [&hellip;]<\/p>\n","protected":false},"author":83251,"featured_media":0,"parent":0,"menu_order":0,"comment_status":"closed","ping_status":"closed","template":"","meta":{"_et_pb_use_builder":"","_et_pb_old_content":"","_et_gb_content_width":"","ngg_post_thumbnail":0,"footnotes":"","_expiration-date-status":"saved","_expiration-date":0,"_expiration-date-type":"","_expiration-date-categories":[],"_expiration-date-options":[]},"class_list":["post-15467","page","type-page","status-publish","hentry"],"_links":{"self":[{"href":"https:\/\/slivnica.si\/index.php?rest_route=\/wp\/v2\/pages\/15467","targetHints":{"allow":["GET"]}}],"collection":[{"href":"https:\/\/slivnica.si\/index.php?rest_route=\/wp\/v2\/pages"}],"about":[{"href":"https:\/\/slivnica.si\/index.php?rest_route=\/wp\/v2\/types\/page"}],"author":[{"embeddable":true,"href":"https:\/\/slivnica.si\/index.php?rest_route=\/wp\/v2\/users\/83251"}],"replies":[{"embeddable":true,"href":"https:\/\/slivnica.si\/index.php?rest_route=%2Fwp%2Fv2%2Fcomments&post=15467"}],"version-history":[{"count":10,"href":"https:\/\/slivnica.si\/index.php?rest_route=\/wp\/v2\/pages\/15467\/revisions"}],"predecessor-version":[{"id":29495,"href":"https:\/\/slivnica.si\/index.php?rest_route=\/wp\/v2\/pages\/15467\/revisions\/29495"}],"wp:attachment":[{"href":"https:\/\/slivnica.si\/index.php?rest_route=%2Fwp%2Fv2%2Fmedia&parent=15467"}],"curies":[{"name":"wp","href":"https:\/\/api.w.org\/{rel}","templated":true}]}}