{"id":151,"date":"2015-07-09T09:25:44","date_gmt":"2015-07-09T08:25:44","guid":{"rendered":"http:\/\/slivnica.splet.arnes.si\/?page_id=151"},"modified":"2026-02-05T12:50:07","modified_gmt":"2026-02-05T11:50:07","slug":"obrazci","status":"publish","type":"page","link":"https:\/\/slivnica.si\/?page_id=151","title":{"rendered":"Obrazci"},"content":{"rendered":"<p>&#8211; <a href=\"https:\/\/slivnica.si\/files\/2026\/01\/Vloga-starsev-za-napovedano-odsotnost-OS-Slivnica-pri-Celju.pdf\" target=\"_blank\" rel=\"noopener\">Vloga za napovedano odsotnost u\u010denca<\/a><br \/>\n<a href=\"https:\/\/slivnica.si\/files\/2026\/01\/Vloga-za-uvelj_pravice-do-subvencije-sole-v-naravi-novi-OS-Slivnica-pri-Celju.pdf\" target=\"_blank\" rel=\"noopener noreferrer\">&#8211; Vloga subvencioniranje \u0161ole v naravi<\/a><br \/>\n<a href=\"https:\/\/slivnica.si\/files\/2015\/07\/Vloga-za-dodelitev-statusa.pdf\">&#8211; Vloga za dodelitev statusa<\/a><br \/>\n<a href=\"https:\/\/slivnica.si\/files\/2026\/01\/Vloga-za-oprostitev-obiskovanja-izbirnih-predmetov-2026_2027.pdf\" target=\"_blank\" rel=\"noopener\">&#8211; Vloga za oprostitev obiskovanja izbirnih predmetov 2026-2027<\/a><br \/>\n<a href=\"https:\/\/slivnica.si\/files\/2015\/08\/PROSNJA-ZA-DENARNO-POMOC.pdf\" target=\"_blank\" rel=\"noopener noreferrer\">&#8211; Pro\u0161nja za denarno pomo\u010d<\/a><br \/>\n<a href=\"http:\/\/slivnica.splet.arnes.si\/files\/2015\/07\/PRIJAVA-U\u010cENCA-2016_2017.pdf\" target=\"_blank\" rel=\"noopener noreferrer\">&#8211; <\/a><a href=\"https:\/\/slivnica.si\/files\/2022\/03\/PRIJAVA-UCENCA-2021-2022.pdf\">Prijava u\u010denca na prehrano 2025\/26<\/a><br \/>\n<a href=\"http:\/\/slivnica.splet.arnes.si\/files\/2015\/08\/preklic-prijave.pdf\" target=\"_blank\" rel=\"noopener noreferrer\">&#8211; Preklic prijave na prehrano<\/a><br \/>\n<a href=\"https:\/\/slivnica.si\/files\/2023\/12\/prosnja_predcasni_odhod.pdf\" target=\"_blank\" rel=\"noopener\">&#8211; Pro\u0161nja za pred\u010dasni odhod od organizirane vzgojno-izobra\u017eevalne dejavnosti<\/a><br \/>\n<a role=\"link\" href=\"https:\/\/slivnica.si\/files\/2026\/01\/Vloga-za-izdajo-nadomestne-javne-listine-OS-Slivnica-pri-Celju.pdf\" target=\"_blank\" rel=\"noopener\">&#8211; Vloga za izdajo nadomestne javne listine<\/a> (<a href=\"https:\/\/www.slivnica.si\/files\/2025\/09\/postopek-pridobirve-nadomestne-javne-listine.pdf\" target=\"_blank\" rel=\"noopener\">Dopis<\/a>)<br \/>\n<a href=\"https:\/\/slivnica.si\/files\/2026\/02\/Vloga-za-pomoc-iz-Solskega-sklada.docx\" target=\"_blank\" rel=\"noopener\">&#8211; Vloga za pomo\u010d iz \u0160olskega sklada<\/a><\/p>\n","protected":false},"excerpt":{"rendered":"<p>&#8211; Vloga za napovedano odsotnost u\u010denca &#8211; Vloga subvencioniranje \u0161ole v naravi &#8211; Vloga za dodelitev statusa &#8211; Vloga za oprostitev obiskovanja izbirnih predmetov 2026-2027 &#8211; Pro\u0161nja za denarno pomo\u010d &#8211; Prijava u\u010denca na prehrano 2025\/26 &#8211; Preklic prijave na prehrano &#8211; Pro\u0161nja za pred\u010dasni odhod od organizirane vzgojno-izobra\u017eevalne dejavnosti &#8211; Vloga za izdajo nadomestne [&hellip;]<\/p>\n","protected":false},"author":5705,"featured_media":0,"parent":0,"menu_order":0,"comment_status":"open","ping_status":"open","template":"","meta":{"_et_pb_use_builder":"","_et_pb_old_content":"","_et_gb_content_width":"","ngg_post_thumbnail":0,"footnotes":"","_expiration-date-status":"","_expiration-date":0,"_expiration-date-type":"","_expiration-date-categories":[],"_expiration-date-options":[]},"class_list":["post-151","page","type-page","status-publish","hentry"],"_links":{"self":[{"href":"https:\/\/slivnica.si\/index.php?rest_route=\/wp\/v2\/pages\/151","targetHints":{"allow":["GET"]}}],"collection":[{"href":"https:\/\/slivnica.si\/index.php?rest_route=\/wp\/v2\/pages"}],"about":[{"href":"https:\/\/slivnica.si\/index.php?rest_route=\/wp\/v2\/types\/page"}],"author":[{"embeddable":true,"href":"https:\/\/slivnica.si\/index.php?rest_route=\/wp\/v2\/users\/5705"}],"replies":[{"embeddable":true,"href":"https:\/\/slivnica.si\/index.php?rest_route=%2Fwp%2Fv2%2Fcomments&post=151"}],"version-history":[{"count":18,"href":"https:\/\/slivnica.si\/index.php?rest_route=\/wp\/v2\/pages\/151\/revisions"}],"predecessor-version":[{"id":32578,"href":"https:\/\/slivnica.si\/index.php?rest_route=\/wp\/v2\/pages\/151\/revisions\/32578"}],"wp:attachment":[{"href":"https:\/\/slivnica.si\/index.php?rest_route=%2Fwp%2Fv2%2Fmedia&parent=151"}],"curies":[{"name":"wp","href":"https:\/\/api.w.org\/{rel}","templated":true}]}}