{"id":140,"date":"2015-07-09T09:24:45","date_gmt":"2015-07-09T08:24:45","guid":{"rendered":"http:\/\/slivnica.splet.arnes.si\/?page_id=140"},"modified":"2026-02-05T12:53:31","modified_gmt":"2026-02-05T11:53:31","slug":"solski-sklad","status":"publish","type":"page","link":"https:\/\/slivnica.si\/?page_id=140","title":{"rendered":"\u0160olski sklad"},"content":{"rendered":"<p>\u010clani \u0160olskega sklada za obdobje 2025-2029 so:<br \/>\n&#8211; Predstavniki star\u0161ev: Monika Narat, Mateja Pu\u0161nik, Boris Dolni\u010dar, \u0160pela Cvirn Vodi\u0161ek.<br \/>\n&#8211; Predstavniki \u0161ole: Ur\u0161ka Zidanski, Nata\u0161a Himmlereich, Anita Mastnak.<br \/>\n&#8211; Predsednica UO \u0160olskega sklada: Monika Narat.<\/p>\n<p>\u0160olski sklad je ustanovljen z namenom pridobivanje sredstev s prispevki star\u0161ev, z donacijami podjetij in podjetnikov ter najrazli\u010dnej\u0161imi akcijami, v katerih sodelujejo u\u010denci in u\u010ditelji \u0161ole. Sredstva \u0160olskega sklada so namenjena pomo\u010di socialno \u0161ibkim u\u010dencem, raziskovalni dejavnosti na \u0161oli, pomo\u010di nadarjenim u\u010dencem na posameznih podro\u010djih in nadstandardnemu programu \u0161ole (\u0161ole v naravi, izleti, tabori, udele\u017eba na tekmovanjih, fakultativni pouk jezikov), da bi bil le-ta dostopen \u010dim ve\u010djemu \u0161tevilu \u0161olarjev. Pravila, ki urejajo delovanje \u0160olskega sklada najdete v rubriki&nbsp;&nbsp;<a href=\"http:\/\/slivnica.splet.arnes.si\/?page_id=155\">\u0160olska zakonodaja<\/a>&nbsp;in vloge za pomo\u010d pa&nbsp; na tej povezavi&nbsp;&nbsp;<a href=\"http:\/\/slivnica.splet.arnes.si\/?page_id=151\">Obrazci.<\/a><\/p>\n<p>Za pomo\u010d se lahko obrnete tudi na svetovalno delavko Tadejo Plahuta Gole\u017e (tel. 05&nbsp; 969 6060).<\/p>\n<p><a href=\"https:\/\/slivnica.si\/files\/2026\/02\/Vloga-za-pomoc-iz-Solskega-sklada.docx\" rel=\"noopener\">&#8211; Vloga za pomo\u010d iz \u0160olskega sklada<\/a><\/p>\n","protected":false},"excerpt":{"rendered":"<p>\u010clani \u0160olskega sklada za obdobje 2025-2029 so: &#8211; Predstavniki star\u0161ev: Monika Narat, Mateja Pu\u0161nik, Boris Dolni\u010dar, \u0160pela Cvirn Vodi\u0161ek. &#8211; Predstavniki \u0161ole: Ur\u0161ka Zidanski, Nata\u0161a Himmlereich, Anita Mastnak. &#8211; Predsednica UO \u0160olskega sklada: Monika Narat. \u0160olski sklad je ustanovljen z namenom pridobivanje sredstev s prispevki star\u0161ev, z donacijami podjetij in podjetnikov ter najrazli\u010dnej\u0161imi akcijami, v [&hellip;]<\/p>\n","protected":false},"author":5705,"featured_media":0,"parent":0,"menu_order":0,"comment_status":"open","ping_status":"open","template":"","meta":{"_et_pb_use_builder":"","_et_pb_old_content":"","_et_gb_content_width":"","ngg_post_thumbnail":0,"footnotes":"","_expiration-date-status":"","_expiration-date":0,"_expiration-date-type":"","_expiration-date-categories":[],"_expiration-date-options":[]},"class_list":["post-140","page","type-page","status-publish","hentry"],"_links":{"self":[{"href":"https:\/\/slivnica.si\/index.php?rest_route=\/wp\/v2\/pages\/140","targetHints":{"allow":["GET"]}}],"collection":[{"href":"https:\/\/slivnica.si\/index.php?rest_route=\/wp\/v2\/pages"}],"about":[{"href":"https:\/\/slivnica.si\/index.php?rest_route=\/wp\/v2\/types\/page"}],"author":[{"embeddable":true,"href":"https:\/\/slivnica.si\/index.php?rest_route=\/wp\/v2\/users\/5705"}],"replies":[{"embeddable":true,"href":"https:\/\/slivnica.si\/index.php?rest_route=%2Fwp%2Fv2%2Fcomments&post=140"}],"version-history":[{"count":16,"href":"https:\/\/slivnica.si\/index.php?rest_route=\/wp\/v2\/pages\/140\/revisions"}],"predecessor-version":[{"id":32580,"href":"https:\/\/slivnica.si\/index.php?rest_route=\/wp\/v2\/pages\/140\/revisions\/32580"}],"wp:attachment":[{"href":"https:\/\/slivnica.si\/index.php?rest_route=%2Fwp%2Fv2%2Fmedia&parent=140"}],"curies":[{"name":"wp","href":"https:\/\/api.w.org\/{rel}","templated":true}]}}