{"id":137,"date":"2015-07-09T09:25:54","date_gmt":"2015-07-09T08:25:54","guid":{"rendered":"http:\/\/slivnica.splet.arnes.si\/?page_id=137"},"modified":"2025-05-26T09:25:58","modified_gmt":"2025-05-26T07:25:58","slug":"solska-skupnost-in-solski-parlament","status":"publish","type":"page","link":"https:\/\/slivnica.si\/?page_id=137","title":{"rendered":"\u0160olska skupnost in \u0161olski parlament"},"content":{"rendered":"<p>Oddel\u010dne skupnosti u\u010dencev izvolijo po dva predstavnika u\u010dencev, le-ti pa so zdru\u017eeni v skupnost u\u010dencev \u0161ole. Svoja mnenja, stali\u0161\u010da o razli\u010dnih aktualnih vpra\u0161anjih in temah v dru\u017ebi ter o \u017eivljenju na \u0161oli izra\u017eajo preko oddel\u010dnih predstavnikov, ki oblikujejo \u0161olski parlament.<\/p>\n<p>Mentorica je Tadeja Plahuta Gole\u017e.<\/p>\n<p>Tema leto\u0161njega otro\u0161kega parlamenta je \u00bb\u0160OLSKI SISTEM\u00ab.<\/p>\n<p>&nbsp;<\/p>\n","protected":false},"excerpt":{"rendered":"<p>Oddel\u010dne skupnosti u\u010dencev izvolijo po dva predstavnika u\u010dencev, le-ti pa so zdru\u017eeni v skupnost u\u010dencev \u0161ole. Svoja mnenja, stali\u0161\u010da o razli\u010dnih aktualnih vpra\u0161anjih in temah v dru\u017ebi ter o \u017eivljenju na \u0161oli izra\u017eajo preko oddel\u010dnih predstavnikov, ki oblikujejo \u0161olski parlament. Mentorica je Tadeja Plahuta Gole\u017e. Tema leto\u0161njega otro\u0161kega parlamenta je \u00bb\u0160OLSKI SISTEM\u00ab. &nbsp;<\/p>\n","protected":false},"author":5703,"featured_media":0,"parent":0,"menu_order":0,"comment_status":"open","ping_status":"open","template":"","meta":{"_et_pb_use_builder":"","_et_pb_old_content":"","_et_gb_content_width":"","ngg_post_thumbnail":0,"footnotes":"","_expiration-date-status":"","_expiration-date":0,"_expiration-date-type":"","_expiration-date-categories":[],"_expiration-date-options":[]},"class_list":["post-137","page","type-page","status-publish","hentry"],"_links":{"self":[{"href":"https:\/\/slivnica.si\/index.php?rest_route=\/wp\/v2\/pages\/137","targetHints":{"allow":["GET"]}}],"collection":[{"href":"https:\/\/slivnica.si\/index.php?rest_route=\/wp\/v2\/pages"}],"about":[{"href":"https:\/\/slivnica.si\/index.php?rest_route=\/wp\/v2\/types\/page"}],"author":[{"embeddable":true,"href":"https:\/\/slivnica.si\/index.php?rest_route=\/wp\/v2\/users\/5703"}],"replies":[{"embeddable":true,"href":"https:\/\/slivnica.si\/index.php?rest_route=%2Fwp%2Fv2%2Fcomments&post=137"}],"version-history":[{"count":15,"href":"https:\/\/slivnica.si\/index.php?rest_route=\/wp\/v2\/pages\/137\/revisions"}],"predecessor-version":[{"id":29827,"href":"https:\/\/slivnica.si\/index.php?rest_route=\/wp\/v2\/pages\/137\/revisions\/29827"}],"wp:attachment":[{"href":"https:\/\/slivnica.si\/index.php?rest_route=%2Fwp%2Fv2%2Fmedia&parent=137"}],"curies":[{"name":"wp","href":"https:\/\/api.w.org\/{rel}","templated":true}]}}