{"id":136,"date":"2015-07-09T09:24:09","date_gmt":"2015-07-09T08:24:09","guid":{"rendered":"http:\/\/slivnica.splet.arnes.si\/?page_id=136"},"modified":"2023-10-12T10:18:58","modified_gmt":"2023-10-12T08:18:58","slug":"zgodovina-os-slivnica-pri-celju","status":"publish","type":"page","link":"https:\/\/slivnica.si\/?page_id=136","title":{"rendered":"Zgodovina"},"content":{"rendered":"<p>Ve\u010d kot 150 let je bila \u0161ola na Slivnici pri farni cerkvi \u2013 najprej v eni, potem v dveh zgradbah. Ve\u010djo stavbo so za \u010dasa okupacije v drugi svetovni vojni po\u017egali, zato so u\u010denci hodili po osvoboditvi k pouku v Gorico. Kljub obnovitvi \u0161ole le ta ni ustrezala potrebam, zato je bila zgrajena nova \u0161ola v Gorici, ki se je najprej imenovala po narodnem heroju Franju Vrun\u010du.<\/p>\n<p>S pripravami smo za\u010deli 1965, \u0161olo pa izro\u010dili namenu 1. septembra 1966.<br \/>\nProstori s \u0161estimi u\u010dilnicami so zado\u0161\u010dali u\u010dencem \u0161olskega okoli\u0161a Slivnica. Ko smo priklju\u010dili \u0161e u\u010dence vi\u0161jih razredov treh podru\u017enic (Dobrina, Loka in Prevorje) smo imeli \u017ee kar na za\u010detku prostorske te\u017eave. Da je bila stiska \u0161e ve\u010dja, \u0161ola ni imela telovadnice. Dobili smo jo \u010dez 10 let \u2013 leta 1976.<\/p>\n<p>\u0160olo skozi zgodovino so raziskali in predstavili u\u010denci v raziskovalni nalogi pod mentorstvom u\u010diteljice zgodovine Nadje Bevc.<br \/>\n<a role=\"link\" href=\"http:\/\/slivnica.splet.arnes.si\/files\/2015\/07\/image001.jpg\"><img loading=\"lazy\" decoding=\"async\" class=\"size-medium wp-image-138 alignright\" src=\"https:\/\/slivnica.si\/files\/2021\/12\/image001-300x206-1.jpg\" alt=\"image001\" width=\"300\" height=\"206\"><\/a><\/p>\n<p><strong>\u0160ola v Gorici skozi 40-letno zgodovino<\/strong><\/p>\n<p>Ve\u010d kot 150 let je bila \u0161ola na Slivnici pri farni cerkvi. Najprej so u\u010dili v \u017eupnijskih prostorih in v kme\u010dkih izbah, nato pa v dveh \u0161olskih zgradbah. Prvo so zgradili leta 1859 na pobudo \u0161kofa Antona Martina Slom\u0161ka, drugo \u0161olsko zgradbo pa leta 1909 zaradi prostorske stiske. Ko je obe \u0161oli na\u010del zob \u010dasa pa tudi potrebam nista ve\u010d ustrezali, so za\u010deli u\u010denci skupaj z u\u010ditelji sanjati o novi \u0161oli, ki naj bi stala v dolini, v kraju Gorica.<\/p>\n<p><strong>Udarni\u0161ko delo in samoprispevki krajanov<\/strong><\/p>\n<p>\u017delje po novi \u0161oli so bile upravi\u010dene in utemeljena je bila gradnja v Gorici. Vplivni doma\u010dini so leta 1963 ustanovili re\u017eijski odbor za gradnjo \u0161ole. \u010clani odbora so se s pogodbo med investitorjem in izvajalcem del posredno obvezali, da bodo zgradil do roka cesto do \u0161ole. V njihovi domeni pa je bila tudi gradnja vodovoda za \u0161olo in ureditev okolice \u0161ole. Zavihali so rokave in zavihteli krampe ter lopate. Po\u017ertvovalnim \u010dlanom re\u017eijskega odbora so pomagali doma\u010dini in krajani iz vseh ostalih vasi novega \u0161olskega okoli\u0161a. Do leta 1965 je bilo opravljenih 3.590 ur prostovoljnega dela. Krajani so prispevali tudi denar, les, hrano, pija\u010do ter vpre\u017eno \u017eivino in traktorje za prevoz gradbenega materiala. Pri udarni\u0161kem delu so se poleg mladincev dobro izkazali tudi u\u010denci, takratni pionirji in cicibani.<\/p>\n","protected":false},"excerpt":{"rendered":"<p>Ve\u010d kot 150 let je bila \u0161ola na Slivnici pri farni cerkvi \u2013 najprej v eni, potem v dveh zgradbah. Ve\u010djo stavbo so za \u010dasa okupacije v drugi svetovni vojni po\u017egali, zato so u\u010denci hodili po osvoboditvi k pouku v Gorico. Kljub obnovitvi \u0161ole le ta ni ustrezala potrebam, zato je bila zgrajena nova \u0161ola [&hellip;]<\/p>\n","protected":false},"author":5705,"featured_media":0,"parent":0,"menu_order":0,"comment_status":"open","ping_status":"open","template":"","meta":{"_et_pb_use_builder":"off","_et_pb_old_content":"","_et_gb_content_width":"","ngg_post_thumbnail":0,"footnotes":"","_expiration-date-status":"","_expiration-date":0,"_expiration-date-type":"","_expiration-date-categories":[],"_expiration-date-options":[]},"class_list":["post-136","page","type-page","status-publish","hentry"],"_links":{"self":[{"href":"https:\/\/slivnica.si\/index.php?rest_route=\/wp\/v2\/pages\/136","targetHints":{"allow":["GET"]}}],"collection":[{"href":"https:\/\/slivnica.si\/index.php?rest_route=\/wp\/v2\/pages"}],"about":[{"href":"https:\/\/slivnica.si\/index.php?rest_route=\/wp\/v2\/types\/page"}],"author":[{"embeddable":true,"href":"https:\/\/slivnica.si\/index.php?rest_route=\/wp\/v2\/users\/5705"}],"replies":[{"embeddable":true,"href":"https:\/\/slivnica.si\/index.php?rest_route=%2Fwp%2Fv2%2Fcomments&post=136"}],"version-history":[{"count":7,"href":"https:\/\/slivnica.si\/index.php?rest_route=\/wp\/v2\/pages\/136\/revisions"}],"predecessor-version":[{"id":23856,"href":"https:\/\/slivnica.si\/index.php?rest_route=\/wp\/v2\/pages\/136\/revisions\/23856"}],"wp:attachment":[{"href":"https:\/\/slivnica.si\/index.php?rest_route=%2Fwp%2Fv2%2Fmedia&parent=136"}],"curies":[{"name":"wp","href":"https:\/\/api.w.org\/{rel}","templated":true}]}}