{"id":13103,"date":"2020-10-01T13:06:56","date_gmt":"2020-10-01T11:06:56","guid":{"rendered":"http:\/\/slivnica.splet.arnes.si\/?page_id=13103"},"modified":"2025-10-20T14:52:13","modified_gmt":"2025-10-20T12:52:13","slug":"govorilne-ure","status":"publish","type":"page","link":"https:\/\/slivnica.si\/?page_id=13103","title":{"rendered":"Govorilne  ure"},"content":{"rendered":"<p>Individualne govorilne ure potekajo po razporedu v tabeli. Vsak zadnji \u010detrtek v mesecu iamjo strokovni delavci so govorilne ure od 15.30 &#8211; 16.30 ure.<\/p>\n<table style=\"width: 839px;height: 894px\" width=\"652\">\n<tbody>\n<tr style=\"height: 48px\">\n<td style=\"width: 244.575px;height: 48px;text-align: left\"><strong>STROKOVNI DELAVEC<\/strong><\/td>\n<td style=\"width: 169.413px;height: 48px;text-align: left\"><strong>DAN<\/strong><\/td>\n<td style=\"width: 201.488px;height: 48px;text-align: left\"><strong>URA<\/strong><\/td>\n<td style=\"width: 199.525px;height: 48px;text-align: left\"><strong>REZERVACIJA TERMINA<\/strong><b> <\/b><\/td>\n<\/tr>\n<tr style=\"height: 24px\">\n<td style=\"width: 244.575px;height: 24px\">Jasmina BRATEC<\/td>\n<td style=\"width: 169.413px;height: 24px\">\u010detrtek<\/td>\n<td style=\"width: 201.488px;height: 24px\">4. ura<\/td>\n<td style=\"width: 199.525px;height: 24px\">Izberi termin<\/td>\n<\/tr>\n<tr style=\"height: 24px\">\n<td style=\"width: 244.575px;height: 25px\">Anja BRE\u010cKO<\/td>\n<td style=\"width: 169.413px;height: 25px\">sreda<\/td>\n<td style=\"width: 201.488px;height: 25px\">2.ura<\/td>\n<td style=\"width: 199.525px;height: 25px\"><a href=\"https:\/\/calendar.google.com\/calendar\/u\/0\/appointments\/schedules\/AcZssZ2hjZS0996xQVPHJR_zrpvcag28pj0W7vaq4dE8ozw_wiG4hODsyA8gt4XI93Bvrj44GU-c0ynJ\" target=\"_blank\" rel=\"noopener\">Izberi termin<\/a><\/td>\n<\/tr>\n<tr style=\"height: 24px\">\n<td style=\"width: 244.575px;height: 24px\">Nata\u0161a \u010cEDE<\/td>\n<td style=\"width: 169.413px;height: 24px\">po dogovoru<\/td>\n<td style=\"width: 201.488px;height: 24px\">po dogovoru<\/td>\n<td style=\"width: 199.525px;height: 24px\">Izberi termin<\/td>\n<\/tr>\n<tr style=\"height: 24px\">\n<td style=\"width: 244.575px;height: 24px\">Maja GARBAS<\/td>\n<td style=\"width: 169.413px;height: 24px\">sreda<\/td>\n<td style=\"width: 201.488px;height: 24px\">2. ura<\/td>\n<td style=\"width: 199.525px;height: 24px\"><a href=\"https:\/\/calendar.app.google\/ydC7138Wzu3Ety6QA\" target=\"_blank\" rel=\"noopener\">Izberi termin<\/a><\/td>\n<\/tr>\n<tr style=\"height: 24px\">\n<td style=\"width: 244.575px;height: 24px\">Nisa GOLOB DROFENIK<\/td>\n<td style=\"width: 169.413px;height: 24px\">\u010detrtek<\/td>\n<td style=\"width: 201.488px;height: 24px\">4. ura<\/td>\n<td style=\"width: 199.525px;height: 24px\"><a href=\"https:\/\/calendar.google.com\/calendar\/u\/0\/appointments\/schedules\/AcZssZ3tkyDhxEhN1IaD7-S43hekYTuOVLBA75bXJnQJ3TLk5J-GiUObdrXzH-R0j82HXUukzk6maiUS\" target=\"_blank\" rel=\"noopener\">Izberi termin<\/a><\/td>\n<\/tr>\n<tr style=\"height: 24px\">\n<td style=\"width: 244.575px;height: 24px\">Frida GUBEN\u0160EK<\/td>\n<td style=\"width: 169.413px;height: 24px\">ponedeljek<\/td>\n<td style=\"width: 201.488px;height: 24px\">4. ura<\/td>\n<td style=\"width: 199.525px;height: 24px\">Izberi termin<\/td>\n<\/tr>\n<tr style=\"height: 24px\">\n<td style=\"width: 244.575px;height: 24px\">Nata\u0161a HIMMELREICH<\/td>\n<td style=\"width: 169.413px;height: 24px\">petek<\/td>\n<td style=\"width: 201.488px;height: 24px\">Po dogovoru<\/td>\n<td style=\"width: 199.525px;height: 24px\">Izberi termin<\/td>\n<\/tr>\n<tr style=\"height: 24px\">\n<td style=\"width: 244.575px;height: 24px\">Mateja HIRSCHBERGER<\/td>\n<td style=\"width: 169.413px;height: 24px\">sreda<\/td>\n<td style=\"width: 201.488px;height: 24px\">3. ura<\/td>\n<td style=\"width: 199.525px;height: 24px\"><a href=\"https:\/\/calendar.google.com\/calendar\/u\/0\/appointments\/schedules\/AcZssZ3CDdVZJRHgF5EzmqYMLalVir1ZE9qSODR4p0LNQuo2o2MWrTsXzYsk-_ZSe0DKNBmDsvVn9XsB\" target=\"_blank\" rel=\"noopener\">Izberi termin<\/a><\/td>\n<\/tr>\n<tr style=\"height: 24px\">\n<td style=\"width: 244.575px;height: 24px\">Nadja IVANU\u0160A<\/td>\n<td style=\"width: 169.413px;height: 24px\">sreda<\/td>\n<td style=\"width: 201.488px;height: 24px\">1. ura<\/td>\n<td style=\"width: 199.525px;height: 24px\"><a href=\"https:\/\/calendar.app.google\/rr9voaM6prmpR5Vy5\" target=\"_blank\" rel=\"noopener\">Izberi termin<\/a><\/td>\n<\/tr>\n<tr style=\"height: 24px\">\n<td style=\"width: 244.575px;height: 24px\">Polonca JAMNIKAR<\/td>\n<td style=\"width: 169.413px;height: 24px\">sreda<\/td>\n<td style=\"width: 201.488px;height: 24px\">2. ura<\/td>\n<td style=\"width: 199.525px;height: 24px\"><a href=\"https:\/\/calendar.google.com\/calendar\/u\/0\/appointments\/schedules\/AcZssZ3XjBx30HNo6_zGzFJI0JAPC0lu663LEMIyX5Yg1iOv_6JCsWd_9awlhHrprPUt63OEQKazCXS3\" target=\"_blank\" rel=\"noopener\">Izberi termin<\/a><\/td>\n<\/tr>\n<tr style=\"height: 24px\">\n<td style=\"width: 244.575px;height: 24px\">Dragica KLADNIK<\/td>\n<td style=\"width: 169.413px;height: 24px\">sreda<\/td>\n<td style=\"width: 201.488px;height: 24px\">4. ura<\/td>\n<td style=\"width: 199.525px;height: 24px\">Izberi termin<\/td>\n<\/tr>\n<tr style=\"height: 24px\">\n<td style=\"width: 244.575px;height: 24px\">Maja KLADNIK<\/td>\n<td style=\"width: 169.413px;height: 24px\">\u010detrtek<\/td>\n<td style=\"width: 201.488px;height: 24px\">5. ura<\/td>\n<td style=\"width: 199.525px;height: 24px\">Izberi termin<\/td>\n<\/tr>\n<tr style=\"height: 24px\">\n<td style=\"width: 244.575px;height: 24px\">Renata KOLAR KRAJNC<\/td>\n<td style=\"width: 169.413px;height: 24px\">petek<\/td>\n<td style=\"width: 201.488px;height: 24px\">4. ura<\/td>\n<td style=\"width: 199.525px;height: 24px\"><a href=\"https:\/\/calendar.app.google\/eokihJnGfrmzWCLB9\" target=\"_blank\" rel=\"noopener\">Izberi termin<\/a><\/td>\n<\/tr>\n<tr style=\"height: 24px\">\n<td style=\"width: 244.575px;height: 24px\">Martina KOSABER GRIL<\/td>\n<td style=\"width: 169.413px;height: 24px\">petek<\/td>\n<td style=\"width: 201.488px;height: 24px\">1.ura<\/td>\n<td style=\"width: 199.525px;height: 24px\">Izberi termin<\/td>\n<\/tr>\n<tr style=\"height: 24px\">\n<td style=\"width: 244.575px;height: 24px\">Matejka KRAMER<\/td>\n<td style=\"width: 169.413px;height: 24px\">petek<\/td>\n<td style=\"width: 201.488px;height: 24px\">4. ura<\/td>\n<td style=\"width: 199.525px;height: 24px\">Izberi termin<\/td>\n<\/tr>\n<tr style=\"height: 24px\">\n<td style=\"width: 244.575px;height: 24px\">Anita MASTNAK<\/td>\n<td style=\"width: 169.413px;height: 24px\">ponedeljek<\/td>\n<td style=\"width: 201.488px;height: 24px\">4. ura<\/td>\n<td style=\"width: 199.525px;height: 24px\">Izberi termin<\/td>\n<\/tr>\n<tr style=\"height: 24px\">\n<td style=\"width: 244.575px;height: 24px\">Renata MASTNAK<\/td>\n<td style=\"width: 169.413px;height: 24px\">ponedeljek<\/td>\n<td style=\"width: 201.488px;height: 24px\">3. ura<\/td>\n<td style=\"width: 199.525px;height: 24px\">Izberi termin<\/td>\n<\/tr>\n<tr style=\"height: 24px\">\n<td style=\"width: 244.575px;height: 24px\">Polonca NOVAK<\/td>\n<td style=\"width: 169.413px;height: 24px\">torek<\/td>\n<td style=\"width: 201.488px;height: 24px\">2. ura<\/td>\n<td style=\"width: 199.525px;height: 24px\"><a href=\"https:\/\/calendar.app.google\/9SkuthFfDpMJVqWT6\" target=\"_blank\" rel=\"noopener\">Izberi termin<\/a><\/td>\n<\/tr>\n<tr style=\"height: 24px\">\n<td style=\"width: 244.575px;height: 24px\">Mihaela OBREZ<\/td>\n<td style=\"width: 169.413px;height: 24px\">ponedeljek<\/td>\n<td style=\"width: 201.488px;height: 24px\">5. ura<\/td>\n<td style=\"width: 199.525px;height: 24px\">Izberi termin<\/td>\n<\/tr>\n<tr style=\"height: 48px\">\n<td style=\"width: 244.575px;height: 48px\">Lilijana PUHNER HRASTNIK<\/td>\n<td style=\"width: 169.413px;height: 48px\">torek<\/td>\n<td style=\"width: 201.488px;height: 48px\">5. ura<\/td>\n<td style=\"width: 199.525px;height: 48px\"><a href=\"https:\/\/calendar.google.com\/calendar\/u\/0\/appointments\/schedules\/AcZssZ3j2rjJJcA_l11vnoboWb7WUOHFLRvaBnABzf_oUEcGma_k9vB4HG37cYb-0ffO_9mEQul_MEph\" target=\"_blank\" rel=\"noopener\">Izberi termin<\/a><\/td>\n<\/tr>\n<tr style=\"height: 48px\">\n<td style=\"width: 244.575px;height: 29px\">Breda PUN\u010cUH<\/td>\n<td style=\"width: 169.413px;height: 29px\">ponedeljek<\/td>\n<td style=\"width: 201.488px;height: 29px\">3. ura<\/td>\n<td style=\"width: 199.525px;height: 29px\">Izberi termin<\/td>\n<\/tr>\n<tr style=\"height: 24px\">\n<td style=\"width: 244.575px;height: 24px\">Andreja \u0160TELCER<\/td>\n<td style=\"width: 169.413px;height: 24px\">torek<\/td>\n<td style=\"width: 201.488px;height: 24px\">3. ura<\/td>\n<td style=\"width: 199.525px;height: 24px\"><a href=\"https:\/\/calendar.google.com\/calendar\/u\/0\/appointments\/AcZssZ2O84eORmZ8SFd9ijx-_IdI_ThI2etEpZYh2Y0=\" target=\"_blank\" rel=\"noopener\">Izberi termin<\/a><\/td>\n<\/tr>\n<tr style=\"height: 24px\">\n<td style=\"width: 244.575px;height: 24px\">Maja TIFENGRABER ANTLOGA<\/td>\n<td style=\"width: 169.413px;height: 24px\">sreda<\/td>\n<td style=\"width: 201.488px;height: 24px\">3. ura<\/td>\n<td style=\"width: 199.525px;height: 24px\">Izberi termin<\/td>\n<\/tr>\n<tr style=\"height: 24px\">\n<td style=\"width: 244.575px;height: 24px\">Nata\u0161a VNU\u010cEC<\/td>\n<td style=\"width: 169.413px;height: 24px\">\u010detrtek<\/td>\n<td style=\"width: 201.488px;height: 24px\">3. ura<\/td>\n<td style=\"width: 199.525px;height: 24px\"><a href=\"https:\/\/calendar.app.google\/dytA1UnHq7WnSKZeA\" target=\"_blank\" rel=\"noopener\">Izberi termin<\/a><\/td>\n<\/tr>\n<tr style=\"height: 24px\">\n<td style=\"width: 244.575px;height: 24px\">Jo\u017eica VODEB<\/td>\n<td style=\"width: 169.413px;height: 24px\">torek<\/td>\n<td style=\"width: 201.488px;height: 24px\">Po dogovoru<\/td>\n<td style=\"width: 199.525px;height: 24px\">Izberi termin<\/td>\n<\/tr>\n<tr style=\"height: 96px\">\n<td style=\"width: 244.575px;height: 96px\">Katarina ZDOL\u0160EK<\/td>\n<td style=\"width: 169.413px;height: 96px\">petek (Gorica), ponedeljek (Loka)<\/td>\n<td style=\"width: 201.488px;height: 96px\">3. ura<\/td>\n<td style=\"width: 199.525px;height: 96px\">Izberi termin<\/td>\n<\/tr>\n<tr style=\"height: 24px\">\n<td style=\"width: 244.575px;height: 24px\">Matja\u017e ZENDZIANOWSKY<\/td>\n<td style=\"width: 169.413px;height: 24px\">petek<\/td>\n<td style=\"width: 201.488px;height: 24px\">3. ura<\/td>\n<td style=\"width: 199.525px;height: 24px\">Izberi termin<\/td>\n<\/tr>\n<tr style=\"height: 72px\">\n<td style=\"width: 244.575px;height: 72px\">Ur\u0161ka ZIDANSKI<\/td>\n<td style=\"width: 169.413px;height: 72px\">ponedeljek (Gorica), petek (Loka), sreda (Prevorje)<\/td>\n<td style=\"width: 201.488px;height: 72px\">Po dogovoru<\/td>\n<td style=\"width: 199.525px;height: 72px\">Izberi termin<\/td>\n<\/tr>\n<tr style=\"height: 24px\">\n<td style=\"width: 244.575px;height: 24px\">Nastja ZIDAN\u0160EK<\/td>\n<td style=\"width: 169.413px;height: 24px\">\u010detrtek (Prevorje)<\/td>\n<td style=\"width: 201.488px;height: 24px\">4. ura<\/td>\n<td style=\"width: 199.525px;height: 24px\">Izberi termin<\/td>\n<\/tr>\n<\/tbody>\n<\/table>\n<p>&nbsp;<\/p>\n<p>V \u010dasu, ko ima u\u010ditelj pouk po urniku, ne sme imeti pogovora s star\u0161i. \u010ce je pogovor nujno opraviti takoj, je na razpolago svetovalna delavka, pomo\u010dnica ravnateljice ali ravnateljica.<\/p>\n<p><a href=\"https:\/\/slivnica.si\/files\/2025\/10\/Popoldanske_govorilne_ure_2025_2026.png\"><img loading=\"lazy\" decoding=\"async\" class=\"aligncenter wp-image-31441 size-full\" src=\"https:\/\/slivnica.si\/files\/2025\/10\/Popoldanske_govorilne_ure_2025_2026.png\" alt=\"\" width=\"727\" height=\"355\" srcset=\"https:\/\/slivnica.si\/files\/2025\/10\/Popoldanske_govorilne_ure_2025_2026.png 727w, https:\/\/slivnica.si\/files\/2025\/10\/Popoldanske_govorilne_ure_2025_2026-300x146.png 300w\" sizes=\"(max-width: 727px) 100vw, 727px\" \/><\/a><\/p>\n<p>Skupne govorilne ure so za vse razrede enkrat v mesecu od 15:30 do 16:30. Namenjene so individualnim razgovorom med star\u0161i in razredniki njihovih otrok, seveda pa tudi za razgovore z u\u010ditelji, ki otroka pou\u010dujejo. &nbsp;<\/p>\n","protected":false},"excerpt":{"rendered":"<p>Individualne govorilne ure potekajo po razporedu v tabeli. Vsak zadnji \u010detrtek v mesecu iamjo strokovni delavci so govorilne ure od 15.30 &#8211; 16.30 ure. STROKOVNI DELAVEC DAN URA REZERVACIJA TERMINA Jasmina BRATEC \u010detrtek 4. ura Izberi termin Anja BRE\u010cKO sreda 2.ura Izberi termin Nata\u0161a \u010cEDE po dogovoru po dogovoru Izberi termin Maja GARBAS sreda 2. [&hellip;]<\/p>\n","protected":false},"author":91868,"featured_media":0,"parent":0,"menu_order":0,"comment_status":"closed","ping_status":"closed","template":"","meta":{"_et_pb_use_builder":"off","_et_pb_old_content":"","_et_gb_content_width":"","ngg_post_thumbnail":0,"footnotes":"","_expiration-date-status":"","_expiration-date":0,"_expiration-date-type":"","_expiration-date-categories":[],"_expiration-date-options":[]},"class_list":["post-13103","page","type-page","status-publish","hentry"],"_links":{"self":[{"href":"https:\/\/slivnica.si\/index.php?rest_route=\/wp\/v2\/pages\/13103","targetHints":{"allow":["GET"]}}],"collection":[{"href":"https:\/\/slivnica.si\/index.php?rest_route=\/wp\/v2\/pages"}],"about":[{"href":"https:\/\/slivnica.si\/index.php?rest_route=\/wp\/v2\/types\/page"}],"author":[{"embeddable":true,"href":"https:\/\/slivnica.si\/index.php?rest_route=\/wp\/v2\/users\/91868"}],"replies":[{"embeddable":true,"href":"https:\/\/slivnica.si\/index.php?rest_route=%2Fwp%2Fv2%2Fcomments&post=13103"}],"version-history":[{"count":17,"href":"https:\/\/slivnica.si\/index.php?rest_route=\/wp\/v2\/pages\/13103\/revisions"}],"predecessor-version":[{"id":31443,"href":"https:\/\/slivnica.si\/index.php?rest_route=\/wp\/v2\/pages\/13103\/revisions\/31443"}],"wp:attachment":[{"href":"https:\/\/slivnica.si\/index.php?rest_route=%2Fwp%2Fv2%2Fmedia&parent=13103"}],"curies":[{"name":"wp","href":"https:\/\/api.w.org\/{rel}","templated":true}]}}