{"id":100,"date":"2015-07-09T09:13:31","date_gmt":"2015-07-09T08:13:31","guid":{"rendered":"http:\/\/slivnica.splet.arnes.si\/?page_id=100"},"modified":"2025-10-24T14:02:26","modified_gmt":"2025-10-24T12:02:26","slug":"svet-starsev","status":"publish","type":"page","link":"https:\/\/slivnica.si\/?page_id=100","title":{"rendered":"Svet star\u0161ev"},"content":{"rendered":"<p>[et_pb_section fb_built=&#8221;1&#8243; admin_label=&#8221;section&#8221; _builder_version=&#8221;4.16&#8243; global_colors_info=&#8221;{}&#8221;][et_pb_row admin_label=&#8221;row&#8221; _builder_version=&#8221;4.16&#8243; background_size=&#8221;initial&#8221; background_position=&#8221;top_left&#8221; background_repeat=&#8221;repeat&#8221; global_colors_info=&#8221;{}&#8221;][et_pb_column type=&#8221;4_4&#8243; _builder_version=&#8221;4.16&#8243; custom_padding=&#8221;|||&#8221; global_colors_info=&#8221;{}&#8221; custom_padding__hover=&#8221;|||&#8221;][et_pb_text admin_label=&#8221;Text&#8221; _builder_version=&#8221;4.27.4&#8243; background_size=&#8221;initial&#8221; background_position=&#8221;top_left&#8221; background_repeat=&#8221;repeat&#8221; hover_enabled=&#8221;0&#8243; global_colors_info=&#8221;{}&#8221; sticky_enabled=&#8221;0&#8243;]<\/p>\n<p class=\"entry-title main_title\">Za organizirano uresni\u010devanje interesa star\u0161ev se v javnem vrtcu oziroma \u0161oli oblikuje svet star\u0161ev.<\/p>\n<div class=\"entry-content\">\n<p class=\"Odstavek\">Svet star\u0161ev je sestavljen tako, da ima v njem vsak oddelek po enega predstavnika, ki ga star\u0161i izvolijo na roditeljskem sestanku oddelka.<\/p>\n<p><a href=\"https:\/\/slivnica.si\/files\/2025\/10\/Tabela-za-seje-SVETA-STARSEV-.pdf\" target=\"_blank\" rel=\"noopener noreferrer\">\u010clani Sveta star\u0161ev v \u0161olskem letu 2025\/2026<\/a><\/p>\n<p>Svet star\u0161ev:<br \/>&#8211; predlaga nadstandardne programe,<br \/>&#8211; daje soglasje k predlogu ravnatelja o nadstandardnih storitvah,<br \/>&#8211; sodeluje pri nastajanju predloga programa razvoja vrtca oziroma \u0161ole, vzgojnega na\u010drta, pri pravilih \u0161olskega reda ter da mnenje o letnem delovnem na\u010drtu,<br \/>&#8211; daje mnenje o kandidatih, ki izpolnjujejo pogoje za ravnatelja,<br \/>&#8211; razpravlja o poro\u010dilih ravnatelja o vzgojno-izobra\u017eevalni problematiki,<br \/>&#8211; obravnava prito\u017ebe star\u0161ev v zvezi z vzgojno-izobra\u017eevalnim delom,<br \/>&#8211; voli predstavnike star\u0161ev v Svet \u0161ole in druge organe \u0161ole,<br \/>&#8211; lahko sprejme svoj program dela sodelovanja s \u0161olo, zlasti glede vklju\u010devanja v lokalno okolje,<br \/>&#8211; v dogovoru z vodstvom \u0161ole lahko ustanavlja oziroma oblikuje delovne skupine,<br \/>&#8211; opravlja druge naloge v skladu z zakonom in drugimi predpisi.<\/p>\n<p>Prva seja Sveta star\u0161ev v \u0161olskem letu 2025\/2026 je bila 9.10.2025.<\/p>\n<\/div>\n<p>[\/et_pb_text][\/et_pb_column][\/et_pb_row][\/et_pb_section]<\/p>\n","protected":false},"excerpt":{"rendered":"<p>Za organizirano uresni\u010devanje interesa star\u0161ev se v javnem vrtcu oziroma \u0161oli oblikuje svet star\u0161ev. Svet star\u0161ev je sestavljen tako, da ima v njem vsak oddelek po enega predstavnika, ki ga star\u0161i izvolijo na roditeljskem sestanku oddelka. \u010clani Sveta star\u0161ev v \u0161olskem letu 2025\/2026 Svet star\u0161ev:- predlaga nadstandardne programe,- daje soglasje k predlogu ravnatelja o nadstandardnih [&hellip;]<\/p>\n","protected":false},"author":5704,"featured_media":0,"parent":0,"menu_order":0,"comment_status":"open","ping_status":"open","template":"","meta":{"_et_pb_use_builder":"on","_et_pb_old_content":"<p class=\"entry-title main_title\">Za organizirano uresni\u010devanje interesa star\u0161ev se v javnem vrtcu oziroma \u0161oli oblikuje svet star\u0161ev.<\/p>\r\n\r\n<div class=\"entry-content\">\r\n<p class=\"Odstavek\">Svet star\u0161ev je sestavljen tako, da ima v njem vsak oddelek po enega predstavnika, ki ga star\u0161i izvolijo na roditeljskem sestanku oddelka.<\/p>\r\n<a href=\"https:\/\/slivnica.splet.arnes.si\/files\/2022\/09\/Svet_starsev_os_gorica_pri_slivnici_-2022.pdf\" target=\"_blank\" rel=\"noopener noreferrer\">\u010clani Sveta star\u0161ev v \u0161olskem letu 2022\/2023<\/a>\r\n\r\nSvet star\u0161ev:\r\n- predlaga nadstandardne programe,\r\n- daje soglasje k predlogu ravnatelja o nadstandardnih storitvah,\r\n- sodeluje pri nastajanju predloga programa razvoja vrtca oziroma \u0161ole, vzgojnega na\u010drta, pri pravilih \u0161olskega reda ter da mnenje o letnem delovnem na\u010drtu,\r\n- daje mnenje o kandidatih, ki izpolnjujejo pogoje za ravnatelja,\r\n- razpravlja o poro\u010dilih ravnatelja o vzgojno-izobra\u017eevalni problematiki,\r\n- obravnava prito\u017ebe star\u0161ev v zvezi z vzgojno-izobra\u017eevalnim delom,\r\n- voli predstavnike star\u0161ev v Svet \u0161ole in druge organe \u0161ole,\r\n- lahko sprejme svoj program dela sodelovanja s \u0161olo, zlasti glede vklju\u010devanja v lokalno okolje,\r\n- v dogovoru z vodstvom \u0161ole lahko ustanavlja oziroma oblikuje delovne skupine,\r\n- opravlja druge naloge v skladu z zakonom in drugimi predpisi.\r\n\r\nPrva seja Sveta star\u0161ev v \u0161olskem letu 2022\/2023 je bila 27.9.2022.\r\n\r\n<\/div>","_et_gb_content_width":"","ngg_post_thumbnail":0,"footnotes":"","_expiration-date-status":"","_expiration-date":0,"_expiration-date-type":"","_expiration-date-categories":[],"_expiration-date-options":[]},"class_list":["post-100","page","type-page","status-publish","hentry"],"_links":{"self":[{"href":"https:\/\/slivnica.si\/index.php?rest_route=\/wp\/v2\/pages\/100","targetHints":{"allow":["GET"]}}],"collection":[{"href":"https:\/\/slivnica.si\/index.php?rest_route=\/wp\/v2\/pages"}],"about":[{"href":"https:\/\/slivnica.si\/index.php?rest_route=\/wp\/v2\/types\/page"}],"author":[{"embeddable":true,"href":"https:\/\/slivnica.si\/index.php?rest_route=\/wp\/v2\/users\/5704"}],"replies":[{"embeddable":true,"href":"https:\/\/slivnica.si\/index.php?rest_route=%2Fwp%2Fv2%2Fcomments&post=100"}],"version-history":[{"count":14,"href":"https:\/\/slivnica.si\/index.php?rest_route=\/wp\/v2\/pages\/100\/revisions"}],"predecessor-version":[{"id":31614,"href":"https:\/\/slivnica.si\/index.php?rest_route=\/wp\/v2\/pages\/100\/revisions\/31614"}],"wp:attachment":[{"href":"https:\/\/slivnica.si\/index.php?rest_route=%2Fwp%2Fv2%2Fmedia&parent=100"}],"curies":[{"name":"wp","href":"https:\/\/api.w.org\/{rel}","templated":true}]}}